{"id":258429,"date":"2025-08-06T08:35:03","date_gmt":"2025-08-06T08:35:03","guid":{"rendered":"https:\/\/ruumistruumi.ee\/pood\/wiejska-zagroda-turkey-with-rabbit-s-9-kg-teravilja-ja-gluteenivaba-kuivtoit-taiskasvanud-koertele\/"},"modified":"2025-08-21T09:14:21","modified_gmt":"2025-08-21T09:14:21","slug":"wiejska-zagroda-turkey-with-rabbit-s-9-kg-teravilja-ja-gluteenivaba-kuivtoit-taiskasvanud-koertele","status":"publish","type":"product","link":"https:\/\/blankpage.ee\/_ruumist-ruumi\/pood\/wiejska-zagroda-turkey-with-rabbit-s-9-kg-teravilja-ja-gluteenivaba-kuivtoit-taiskasvanud-koertele\/","title":{"rendered":"Wiejska Zagroda Turkey with Rabbit S 9 kg teravilja- ja gluteenivaba kuivtoit t\u00e4iskasvanud koertele"},"content":{"rendered":"<h3>Wiejska Zagroda Turkey with Rabbit S 9 kg teravilja- ja gluteenivaba kuivtoit t\u00e4iskasvanud koertele<\/h3>\n<p>Wiejska Zagroda Turkey with Rabbit S on t\u00e4iskasvanud koertele m\u00f5eldud kvaliteetne kuivtoit, mille p\u00f5hikoostisosad on kalkuni- ja k\u00fc\u00fclikuliha. Tegemist on t\u00e4ielikult teravilja- ja gluteenivaba retseptiga, mist\u00f5ttu sobib toit k\u00f5ikidele koerat\u00f5ugudele, ka tundliku seedimise v\u00f5i allergiatega koertele. Toit sobib nii v\u00e4ikestele kui ka suurtele koertele ning toetab h\u00e4sti lihaste arengut, \u00fcldist tervist ja head seedimist.<\/p>\n<h3>Peamised omadused<\/h3>\n<ul>\n<li><b>70% liha ja loomseid koostisosi:<\/b> K\u00f5rge loomse valgu osakaal toetab lihaste arengut ja koera eluj\u00f5udu.<\/li>\n<li><b>P\u00f5himaitse \u2013 kalkun ja k\u00fc\u00fclik:<\/b> Maitsev ja v\u00e4ga h\u00e4sti seeditav lihasisaldusega retsept.<\/li>\n<li><b>Teravilja- ja gluteenivaba:<\/b> Sobib tundliku seedimise v\u00f5i allergiatega koertele.<\/li>\n<li><b>Suhkruvaba ja ilma kunstlike v\u00e4rv- ning lisaaineteta.<\/b><\/li>\n<li><b>Lisatud l\u00f5he\u00f5li ning linaseemned:<\/b> Toetavad naha ja karvkatte tervist t\u00e4nu omega-3 rasvhapetele.<\/li>\n<li><b>Seedimist soodustavad koostisosad:<\/b> Kuivatatud sigur, MOS ja FOS, kuivatatud peedimass.<\/li>\n<li><b>Taimsed lisandid ja \u00fcrdid:<\/b> Rosmariin, tsitruselised, kurkum, j\u00f5hvikad ja Mojave jukka toetavad eluj\u00f5udu ja immuunsust.<\/li>\n<li><b>Sobib k\u00f5igile t\u00f5usuurustele ja t\u00e4iskasvanud koertele.<\/b><\/li>\n<\/ul>\n<h3>Tehnilised andmed<\/h3>\n<ul>\n<li><b>Kogus pakendis:<\/b> 9 kg (suur kott \u2013 sobib perekoerale v\u00f5i mitmele koerale).<\/li>\n<li><b>M\u00f5\u00f5tmed:<\/b> 340 x 550 x 95 mm<\/li>\n<li><b>Kaal:<\/b> 9095 g<\/li>\n<li><b>Energeetiline v\u00e4\u00e4rtus:<\/b> 3 780 kcal\/kg<\/li>\n<li><b>Anal\u00fc\u00fcs:<\/b>\n<ul>\n<li>Toorvalk: 32%<\/li>\n<li>Rasva sisaldus: 21%<\/li>\n<li>Toorkiud: 4%<\/li>\n<li>Niiskuse sisaldus: 9%<\/li>\n<li>Toortuhk: 10%<\/li>\n<li>Kaltsium: 2,1%<\/li>\n<li>Fosfor: 1,1%<\/li>\n<li>Omega-3 rasvhapped: 1,7%<\/li>\n<\/ul>\n<\/li>\n<li><b>Koostis:<\/b> Kalkuniliha (39%), kuivatatud k\u00fc\u00fclikuliha (16%), herned, kartulhelbed, seapekk, h\u00fcdrol\u00fc\u00fcsitud kanamaks, linaseemned, kuivatatud peedimass, l\u00f5he\u00f5li, tselluloos, mineraalid, \u00f5llep\u00e4rm, sigur, MOS, j\u00f5hvikad, gl\u00fckoosamiin, kondroitiinsulfaat, taimsed ekstraktid.<\/li>\n<li><b>Pakendi t\u00fc\u00fcp:<\/b> Kvaliteetne tugev kott, mis hoiab toidu v\u00e4rskena.<\/li>\n<li><b>EAN:<\/b> 5905342292876<\/li>\n<li><b>Toote ID:<\/b> DLPWZAKAS0051<\/li>\n<\/ul>\n<h3>Kasutamisjuhised<\/h3>\n<p>S\u00f6\u00f6tmissoovitus s\u00f5ltub koera kehakaalust ja aktiivsuse tasemest. Keskmine p\u00e4evane kogus:<\/p>\n<ul>\n<li>5 kg \u2013 65\u2013110 g<\/li>\n<li>10 kg \u2013 115\u2013185 g<\/li>\n<li>20 kg \u2013 195\u2013315 g<\/li>\n<li>30 kg \u2013 270\u2013435 g<\/li>\n<li>40 kg \u2013 330\u2013525 g<\/li>\n<li>50 kg \u2013 380\u2013620 g<\/li>\n<li>60 kg \u2013 440\u2013715 g<\/li>\n<\/ul>\n<p>Kogust tuleks kohandada vastavalt koera aktiivsusele. Veendu, et koeral oleks alati saadaval v\u00e4rske joogivesi. Toitu tuleb hoida kuivas ja jahedas kohas, kaitsta otsese p\u00e4ikesevalguse eest ning sulgeda pakk hoolikalt p\u00e4rast kasutamist. S\u00f6\u00f6tmisel j\u00e4rgida pakendil olevat juhendit ning vajadusel konsulteerida loomaarstiga.<\/p>\n<h3>Sobivus<\/h3>\n<p>Sobib k\u00f5ikidele t\u00f5ugudele ja t\u00e4iskasvanud koertele, eriti neile, kes vajavad teravilja- v\u00f5i gluteenivaba toitu. K\u00f5rge lihasisaldus toetab sportlike ja aktiivsete koerte lihaste arengut, kuid sobib ka tavap\u00e4rase aktiivsusega koerale.<\/p>\n<h3>Kokkuv\u00f5te<\/h3>\n<p>Wiejska Zagroda Turkey with Rabbit S kuivtoit pakub tasakaalustatud ja t\u00e4isv\u00e4\u00e4rtuslikku toitumist igas suuruses t\u00e4iskasvanud koerale. Kvaliteetsed koostisosad, naturaalne retsept ja allergiavaba koostis teevad selle igap\u00e4evaseks ning turvaliseks valikuks. Toetab lihaseid, immuunsust ning annab s\u00e4rava karvkatte.<\/p>\n","protected":false},"excerpt":{"rendered":"<p>Wiejska Zagroda Turkey with Rabbit S on teravilja- ja gluteenivaba kuivtoit t\u00e4iskasvanud koertele, valmistatud kalkuni- ja k\u00fc\u00fclikulihast ning sobib igas suuruses t\u00f5ugudele.<\/p>\n","protected":false},"featured_media":258428,"comment_status":"open","ping_status":"closed","template":"","meta":[],"product_brand":[7189],"product_cat":[7203],"product_tag":[],"class_list":{"0":"post-258429","1":"product","2":"type-product","3":"status-publish","4":"has-post-thumbnail","6":"product_brand-wiejska-zagroda","7":"product_cat-kuivtoit-koertele","8":"product_shipping_class-action","9":"pa_annustamise-vorm-tahke","10":"pa_gluteenivaba-jah","11":"pa_hoiatused-et-koera-kauss-oleks-alati-puhas","12":"pa_hoiatused-et-valtida-toidu-saastumist","13":"pa_hoiatused-hoidke-kuivas-ja-jahedas-kohas-2","14":"pa_hoiatused-jargige-soovitatavat-sootmiskogust-vastavalt-pakendil-toodud-juhistele","15":"pa_hoiatused-otsese-paikesevalguse-eest-kaitstult-2","16":"pa_hoiatused-veenduge","17":"pa_ilma-kunstlike-varvideta-jah","18":"pa_kaaluvahemik-5-kg-99-kg-2","19":"pa_koeratoug-koik-toud","20":"pa_lemmiku-eluetapp-taiskasvanud","21":"pa_lemmiku-vajadused-pole-erinoudeid","22":"pa_lemmiku-vanus-taiskasvanu","23":"pa_lisafunktsioonid-gluteenivaba","24":"pa_lisafunktsioonid-lihaste-arendamine","25":"pa_lisafunktsioonid-teraviljavaba","26":"pa_lisafunktsioonid-uldine-tervis","27":"pa_niiskuse-sisaldus-8447","28":"pa_pakendi-tuup-kott","29":"pa_pohimaitse-kalkun","30":"pa_proteiin-7461","31":"pa_rasva-sisaldus-8654","32":"pa_sobivus-koerale","33":"pa_sojavaba-jah","34":"pa_suhkruvaba-jah","35":"pa_toorkiud-7460","36":"pa_toorvalk-8790","37":"pa_tou-suurus-sobib-koikidele-tougudele","39":"first","40":"instock","41":"taxable","42":"shipping-taxable","43":"purchasable","44":"product-type-simple"},"_links":{"self":[{"href":"https:\/\/blankpage.ee\/_ruumist-ruumi\/wp-json\/wp\/v2\/product\/258429","targetHints":{"allow":["GET"]}}],"collection":[{"href":"https:\/\/blankpage.ee\/_ruumist-ruumi\/wp-json\/wp\/v2\/product"}],"about":[{"href":"https:\/\/blankpage.ee\/_ruumist-ruumi\/wp-json\/wp\/v2\/types\/product"}],"replies":[{"embeddable":true,"href":"https:\/\/blankpage.ee\/_ruumist-ruumi\/wp-json\/wp\/v2\/comments?post=258429"}],"wp:featuredmedia":[{"embeddable":true,"href":"https:\/\/blankpage.ee\/_ruumist-ruumi\/wp-json\/wp\/v2\/media\/258428"}],"wp:attachment":[{"href":"https:\/\/blankpage.ee\/_ruumist-ruumi\/wp-json\/wp\/v2\/media?parent=258429"}],"wp:term":[{"taxonomy":"product_brand","embeddable":true,"href":"https:\/\/blankpage.ee\/_ruumist-ruumi\/wp-json\/wp\/v2\/product_brand?post=258429"},{"taxonomy":"product_cat","embeddable":true,"href":"https:\/\/blankpage.ee\/_ruumist-ruumi\/wp-json\/wp\/v2\/product_cat?post=258429"},{"taxonomy":"product_tag","embeddable":true,"href":"https:\/\/blankpage.ee\/_ruumist-ruumi\/wp-json\/wp\/v2\/product_tag?post=258429"}],"curies":[{"name":"wp","href":"https:\/\/api.w.org\/{rel}","templated":true}]}}