{"id":258676,"date":"2025-08-06T08:49:21","date_gmt":"2025-08-06T08:49:21","guid":{"rendered":"https:\/\/ruumistruumi.ee\/pood\/acana-heritage-puppy-small-breed-6-kg-teraviljavaba-kuivtoit-vaikest-tougu-kutsikatele-kanaga\/"},"modified":"2025-08-21T08:58:48","modified_gmt":"2025-08-21T08:58:48","slug":"acana-heritage-puppy-small-breed-6-kg-teraviljavaba-kuivtoit-vaikest-tougu-kutsikatele-kanaga","status":"publish","type":"product","link":"https:\/\/blankpage.ee\/_ruumist-ruumi\/pood\/acana-heritage-puppy-small-breed-6-kg-teraviljavaba-kuivtoit-vaikest-tougu-kutsikatele-kanaga\/","title":{"rendered":"ACANA Heritage Puppy Small Breed 6 kg teraviljavaba kuivtoit v\u00e4ikest t\u00f5ugu kutsikatele, kanaga"},"content":{"rendered":"<h3>ACANA Heritage Puppy Small Breed 6 kg teraviljavaba kuivtoit v\u00e4ikest t\u00f5ugu kutsikatele<\/h3>\n<p>ACANA Heritage Puppy Small Breed on spetsiaalselt v\u00e4ikest t\u00f5ugu kutsikatele (t\u00e4iskasvanukaal 5\u201310 kg) loodud kvaliteetne kuivtoit, mis toetab kiiret kasvu ja arengut ning tugevdab immuuns\u00fcsteemi. Teraviljavaba koostis v\u00e4hendab toiduallergiate riski ning sobib ka tundliku seedimisega ja toidu suhtes tundlikele koertele. Toidu p\u00f5himaitse on kana, pakkudes maitsvat ja bioloogiliselt sobivat toitu ka k\u00f5ige valivamale kutsikale.<\/p>\n<h3>Peamised omadused<\/h3>\n<ul>\n<li>Teraviljavaba koostis \u2013 sobib tundliku seedimise ja toiduallergiate korral<\/li>\n<li>K\u00f5rge proteiinisisaldus (31%) \u2013 toetab lihaste arengut ja energiavajadust<\/li>\n<li>P\u00f5himaitse: kana \u2013 naturaalse ja kvaliteetse valguallikana<\/li>\n<li>Kohandatud v\u00e4ikestele t\u00f5ugudele (Shih Tzu, Yorkshire Terrier, Chihuahua, Maltese, Mops jt) \u2013 v\u00e4iksem graanulisuurus<\/li>\n<li>Rikkalikult vitamiine ja mineraale \u2013 toetab immuuns\u00fcsteemi ja kutsika \u00fcldist arengut<\/li>\n<li>Omega-3 rasvhapete (1%) sisaldus toetab naha ja karvkatte tervist ning aju arengut<\/li>\n<li>Sobiv eluetapp: kutsikatele (junior), kuid sobib ka vanematele v\u00e4ikestele koertele<\/li>\n<\/ul>\n<h3>Tehnilised andmed<\/h3>\n<ul>\n<li>Pakendi kaal: 6 kg (netokaal 6225 g)<\/li>\n<li>Pakendi m\u00f5\u00f5tmed: 350 \u00d7 360 \u00d7 95 mm<\/li>\n<li>P\u00f5himaitse: kana<\/li>\n<li>Proteiin: 31%<\/li>\n<li>Toorvalk: 7%<\/li>\n<li>Rasva sisaldus: 17%<\/li>\n<li>Toorkiud: 5%<\/li>\n<li>Niiskusesisaldus: 12%<\/li>\n<li>Kaltsium: 1,4%<\/li>\n<li>Fosfor: 1,1%<\/li>\n<li>Omega-3 rasvhapped: 1%<\/li>\n<li>Vitamiinid: E, B1, B2, B3, B5, B6, B9 (foolhape), B12, A, D3<\/li>\n<li>Mineraalid: mangaan 13 mg\/kg, tsink 175 mg\/kg, raud 170 mg\/kg, vask 20 mg\/kg, jood 1,8 mg\/kg, seleen 0,64 mg\/kg, magneesium 0,12%<\/li>\n<li>Kaaluvahemik: sobib koertele 5\u20139,9 kg<\/li>\n<li>Sobiv eluetapp: junior kuni mature<\/li>\n<li>Pakendi t\u00fc\u00fcp: kott<\/li>\n<li>EAN: 064992502607<\/li>\n<\/ul>\n<h3>Kasutamisjuhised<\/h3>\n<p>Toida kutsikat vastavalt tema kehakaalule ja aktiivsusele. J\u00e4rgi alati tootja pakendil toodud toidunormi \u2013 see aitab v\u00e4ltida \u00fcle- v\u00f5i alatoitmist. Kutsika vajadused v\u00f5ivad kiiresti muutuda kasvamise ja aktiivsuse t\u00f5ttu. Kaalu kutsikat regulaarselt ning vajadusel kohanda toidu kogust. \u00dcleminek uuele toidule peaks toimuma j\u00e4rk-j\u00e4rgult 5\u20137 p\u00e4eva jooksul, segades uut toitu vanaga.<\/p>\n<p>S\u00e4ilita toit kuivas ja jahedas kohas, eemal otsesest p\u00e4ikesevalgusest. Veendu, et koera joogin\u00f5u oleks alati puhas ja t\u00e4idetud v\u00e4rske veega. Hoia toidukauss puhtana, et v\u00e4ltida v\u00f5imalikke seedeh\u00e4ireid.<\/p>\n<h3>Miks valida ACANA Heritage Puppy Small Breed?<\/h3>\n<p>See kuivtoit lahendab v\u00e4ikest t\u00f5ugu kutsikate t\u00fc\u00fcpilised toitumisprobleemid, pakkudes allergias\u00f5bralikku ja valgurikast toitu. ACANA k\u00f5rge lihasisaldus ja naturaalsed koostisosad toetavad kutsika tervislikku kasvu ja arengut. Toit sisaldab k\u00f5iki vajalikke vitamiine ja mineraale, mis tugevdavad kutsika immuuns\u00fcsteemi ja toetavad \u00fcldist heaolu. Tunnustatud majanduslik v\u00e4\u00e4rtus t\u00e4nu kvaliteetsetele koostisosadele ja usaldusv\u00e4\u00e4rsele tootjale.<\/p>\n","protected":false},"excerpt":{"rendered":"<p>ACANA Heritage Puppy Small Breed on teraviljavaba kuivtoit kanaga v\u00e4ikest t\u00f5ugu kutsikatele, pakkudes tasakaalustatud toitumist kasvavale koerale.<\/p>\n","protected":false},"featured_media":258675,"comment_status":"open","ping_status":"closed","template":"","meta":[],"product_brand":[7194],"product_cat":[7203],"product_tag":[],"class_list":{"0":"post-258676","1":"product","2":"type-product","3":"status-publish","4":"has-post-thumbnail","6":"product_brand-acana","7":"product_cat-kuivtoit-koertele","8":"product_shipping_class-action","9":"pa_fosfor-7962","10":"pa_hoiatused-eemal-otsesest-paikesevalgusest-2","11":"pa_hoiatused-et-koera-kauss-oleks-alati-puhas","12":"pa_hoiatused-hoia-kuivas-ja-jahedas-kohas","13":"pa_hoiatused-jargi-soovitatud-toitmiskogust-vastavalt-pakendil-toodud-juhistele","14":"pa_hoiatused-valtimaks-toidu-saastumist-2","15":"pa_hoiatused-veendu","16":"pa_joodi-sisaldus-18-mg-kg","17":"pa_kaaluvahemik-5-kg-99-kg-2","18":"pa_kaltsium-8188","19":"pa_koeratoug-chihuahua","20":"pa_koeratoug-malta-koer","21":"pa_koeratoug-mops","22":"pa_koeratoug-shih-tzu","23":"pa_koeratoug-yorkshire-terjer","24":"pa_lemmiku-eluetapp-kassipojad","25":"pa_lemmiku-eluetapp-taiskasvanud","26":"pa_lemmiku-vanus-noor","27":"pa_lisafunktsioonid-teraviljavaba","28":"pa_lisafunktsioonid-toiduallergia","29":"pa_magneesiumi-sisaldus-8248","30":"pa_mangaani-sisaldus-13-mg-kg","31":"pa_niiskuse-sisaldus-8134","32":"pa_omega-3-rasvhapped-8538","33":"pa_pakendi-tuup-kott","34":"pa_pohimaitse-kana","35":"pa_proteiin-7895","36":"pa_rasva-sisaldus-7439","37":"pa_raua-sisaldus-170-mg-kg","38":"pa_seleeni-sisaldus-064-mg-kg","39":"pa_sisaldab-vitamiine-a-vitamiin","40":"pa_sisaldab-vitamiine-b1-vitamiin","41":"pa_sisaldab-vitamiine-b12-vitamiin","42":"pa_sisaldab-vitamiine-b2-vitamiin","43":"pa_sisaldab-vitamiine-b3-vitamiin","44":"pa_sisaldab-vitamiine-b5-vitamiin","45":"pa_sisaldab-vitamiine-b6-vitamiin","46":"pa_sisaldab-vitamiine-b9-vitamiin-foolhape","47":"pa_sisaldab-vitamiine-d3-vitamiin","48":"pa_sisaldab-vitamiine-e-vitamiin","49":"pa_sobivus-koerale","50":"pa_toorkiud-7409","51":"pa_toorvalk-7427","52":"pa_tou-suurus-vaike-toug-5-10-kg","53":"pa_tsingi-sisaldus-175-mg-kg-2","54":"pa_vase-sisaldus-20-mg-kg","56":"first","57":"instock","58":"taxable","59":"shipping-taxable","60":"purchasable","61":"product-type-simple"},"_links":{"self":[{"href":"https:\/\/blankpage.ee\/_ruumist-ruumi\/wp-json\/wp\/v2\/product\/258676","targetHints":{"allow":["GET"]}}],"collection":[{"href":"https:\/\/blankpage.ee\/_ruumist-ruumi\/wp-json\/wp\/v2\/product"}],"about":[{"href":"https:\/\/blankpage.ee\/_ruumist-ruumi\/wp-json\/wp\/v2\/types\/product"}],"replies":[{"embeddable":true,"href":"https:\/\/blankpage.ee\/_ruumist-ruumi\/wp-json\/wp\/v2\/comments?post=258676"}],"wp:featuredmedia":[{"embeddable":true,"href":"https:\/\/blankpage.ee\/_ruumist-ruumi\/wp-json\/wp\/v2\/media\/258675"}],"wp:attachment":[{"href":"https:\/\/blankpage.ee\/_ruumist-ruumi\/wp-json\/wp\/v2\/media?parent=258676"}],"wp:term":[{"taxonomy":"product_brand","embeddable":true,"href":"https:\/\/blankpage.ee\/_ruumist-ruumi\/wp-json\/wp\/v2\/product_brand?post=258676"},{"taxonomy":"product_cat","embeddable":true,"href":"https:\/\/blankpage.ee\/_ruumist-ruumi\/wp-json\/wp\/v2\/product_cat?post=258676"},{"taxonomy":"product_tag","embeddable":true,"href":"https:\/\/blankpage.ee\/_ruumist-ruumi\/wp-json\/wp\/v2\/product_tag?post=258676"}],"curies":[{"name":"wp","href":"https:\/\/api.w.org\/{rel}","templated":true}]}}