{"id":259353,"date":"2025-08-07T08:54:27","date_gmt":"2025-08-07T08:54:27","guid":{"rendered":"https:\/\/ruumistruumi.ee\/pood\/royal-canin-breed-health-nutrition-french-bulldog-adult-9-kg-kuivtoit-sealiha-maitsega-keskmist-tougu-taiskasvanud-koertele\/"},"modified":"2025-08-21T08:47:58","modified_gmt":"2025-08-21T08:47:58","slug":"royal-canin-breed-health-nutrition-french-bulldog-adult-9-kg-kuivtoit-sealiha-maitsega-keskmist-tougu-taiskasvanud-koertele","status":"publish","type":"product","link":"https:\/\/blankpage.ee\/_ruumist-ruumi\/pood\/royal-canin-breed-health-nutrition-french-bulldog-adult-9-kg-kuivtoit-sealiha-maitsega-keskmist-tougu-taiskasvanud-koertele\/","title":{"rendered":"Royal Canin Breed Health Nutrition French Bulldog Adult 9 kg kuivtoit sealiha maitsega keskmist t\u00f5ugu t\u00e4iskasvanud koertele"},"content":{"rendered":"<h3>Royal Canin Breed Health Nutrition French Bulldog Adult 9 kg kuivtoit<\/h3>\n<p>Royal Canin Breed Health Nutrition French Bulldog Adult 9 kg kuivtoit on v\u00e4lja t\u00f6\u00f6tatud just t\u00e4iskasvanud prantsuse buldogidele, arvestades selle t\u00f5u erip\u00e4rasid. Sealiha maitsega toit toetab lihasmassi, naha tervist, seedeprotsessi ning aitab v\u00e4hendada v\u00e4ljaheidete l\u00f5hna. Toode sobib keskmist kasvu koertele (t\u00e4iskasvanud kehakaal 10\u201325 kg) ning on kohandatud prantsuse buldogile. Vitamiinide, kvaliteetsete valkude ja spetsiaalse graanulikuju kombinatsioon muudab toidu kergesti omastatavaks ja seeditavaks.<\/p>\n<h3>Peamised omadused<\/h3>\n<ul>\n<li>Spetsiaalselt prantsuse buldogi l\u00f5uakojale kohandatud graanuli kuju muudab toidu haaramise ja n\u00e4rimise lihtsamaks.<\/li>\n<li>K\u00f5rge proteiinisisaldus (26%) toetab lihasmassi s\u00e4ilimist ja tugevdab kehaehitust.<\/li>\n<li>Rikkalikult oomega-3 ja oomega-6 rasvhappeid, mis toetavad naha ja karvkatte tervist.<\/li>\n<li>L-karnitiin aitab v\u00e4ltida \u00fclekaalu ning toetab energia ainevahetust.<\/li>\n<li>Seedes\u00fcsteemi tugi \u2013 prebiootikumid ja kvaliteetsed valgud aitavad v\u00e4hendada gaaside ja v\u00e4ljaheidete l\u00f5hna.<\/li>\n<li>Sobilik t\u00e4iskasvanud prantsuse buldogidele (\u00fcle 12 kuu vanused koerad).<\/li>\n<li>Sisaldab D3- (800 IU\/kg) ja A-vitamiini (30 500 IU\/kg).<\/li>\n<li>Aitab s\u00e4ilitada naha niiskust ja tugevdada naha kaitsebarj\u00e4\u00e4ri.<\/li>\n<\/ul>\n<h3>Tehnilised andmed<\/h3>\n<ul>\n<li>P\u00f5himaitse: sealiha<\/li>\n<li>Kogus pakis: 1 kott (9 kg)<\/li>\n<li>Pakendi t\u00fc\u00fcp: kott<\/li>\n<li>Sobilik koera kaaluvahemik: 5\u20139,9 kg (t\u00f5u soovituslik kehakaal: 10\u201325 kg)<\/li>\n<li>M\u00f5\u00f5tmed: 380 x 550 x 120 mm<\/li>\n<li>Pakendi kaal: 9,2 kg<\/li>\n<li>Toorvalk: 6%, proteiin: 26%, toorrasv: 18%, toorkiud: 1,3%<\/li>\n<li>Vitamiin D3: 800 IU\/kg, vitamiin A: 30 500 IU\/kg<\/li>\n<li>Sobivus: t\u00e4iskasvanud prantsuse buldogi t\u00f5ule<\/li>\n<li>Seeria: Royal Canin Breed Health Nutrition<\/li>\n<li>EAN: 3182550846042<\/li>\n<\/ul>\n<h3>Kasutamisjuhised<\/h3>\n<p>Soovitatav p\u00e4evane toidukogus s\u00f5ltub koera kehakaalust ja aktiivsusest. N\u00e4iteks 8\u201314 kg kaaluvatele prantsuse buldogitele j\u00e4\u00e4b p\u00e4evane annus vahemikku 112\u2013224 g, s\u00f5ltuvalt aktiivsustasemest. J\u00e4rgi alati pakendil toodud toitmissoovitusi ja kohanda koguseid vastavalt koera vajadustele.<\/p>\n<ul>\n<li>Veendu, et koeral oleks alati v\u00e4rske joogivesi k\u00e4ttesaadav.<\/li>\n<li>S\u00e4ilita toitu jahedas ja kuivas, eemal otsesest p\u00e4ikesevalgusest.<\/li>\n<li>Pese regulaarselt toidun\u00f5usid, et v\u00e4ltida saastumist.<\/li>\n<\/ul>\n<p>Toode sobib ainult koertele. J\u00e4rgida tootja toodud hoiatusi ja annustamissoovitusi.<\/p>\n<h3>Miks valida Royal Canin French Bulldog Adult 9 kg kuivtoit?<\/h3>\n<ul>\n<li>Teaduslikult arendatud koostis prantsuse buldogi vajadustele.<\/li>\n<li>Kvaliteetsed koostisained ja vitamiinid toetavad koera tervist.<\/li>\n<li>Ainulaadne graanulikuju h\u00f5lbustab s\u00f6\u00f6mist.<\/li>\n<li>Tuntud Royal Canin&#8217;i kvaliteet.<\/li>\n<\/ul>\n<p>Royal Canin Breed Health Nutrition French Bulldog Adult 9 kg sobib prantsuse buldogi omanikule, kes v\u00e4\u00e4rtustab t\u00f5up\u00f5hist ja tasakaalustatud toitu.<\/p>\n","protected":false},"excerpt":{"rendered":"<p>Royal Canin French Bulldog Adult 9 kg kuivtoit on spetsiaalselt t\u00e4iskasvanud prantsuse buldogidele loodud sealiha maitsega toit, mis toetab lihasmassi ja naha tervist.<\/p>\n","protected":false},"featured_media":259352,"comment_status":"open","ping_status":"closed","template":"","meta":[],"product_brand":[7146],"product_cat":[7203],"product_tag":[],"class_list":{"0":"post-259353","1":"product","2":"type-product","3":"status-publish","4":"has-post-thumbnail","6":"product_brand-royal-canin","7":"product_cat-kuivtoit-koertele","8":"product_shipping_class-action","9":"pa_a-vitamiini-sisaldus-30500-iu-kg","10":"pa_d3-vitamiini-sisaldus-800-iu-kg","11":"pa_hoiatused-eemal-otsesest-paikesevalgusest","12":"pa_hoiatused-et-koera-toidunou-oleks-alati-puhas","13":"pa_hoiatused-et-valtida-toidu-saastumist-jargi-pakendil-toodud-toitmissoovitusi-sailita-jahedas-ja-kuivas-kohas","14":"pa_hoiatused-veendu","15":"pa_kaaluvahemik-5-kg-99-kg-2","16":"pa_kogus-pakis-1-tk","17":"pa_lemmikloomatoug-prantsuse-buldog","18":"pa_lemmiku-eluetapp-eakad","19":"pa_lemmiku-eluetapp-taiskasvanud","20":"pa_lemmiku-vanus-taiskasvanu","21":"pa_lisafunktsioonid-uldtervis","22":"pa_pakendi-tuup-kott","23":"pa_pohimaitse-sealiha","24":"pa_proteiin-7689","25":"pa_rasva-sisaldus-7459","26":"pa_seeria-royal-canin-breed-health-nutrition","27":"pa_sisaldab-vitamiine-a-vitamiin","28":"pa_sisaldab-vitamiine-d3-vitamiin","29":"pa_sobivus-koerale","30":"pa_toorkiud-7864","31":"pa_toorvalk-7588","32":"pa_tou-suurus-keskmine-toug-10-25-kg","34":"first","35":"instock","36":"taxable","37":"shipping-taxable","38":"purchasable","39":"product-type-simple"},"_links":{"self":[{"href":"https:\/\/blankpage.ee\/_ruumist-ruumi\/wp-json\/wp\/v2\/product\/259353","targetHints":{"allow":["GET"]}}],"collection":[{"href":"https:\/\/blankpage.ee\/_ruumist-ruumi\/wp-json\/wp\/v2\/product"}],"about":[{"href":"https:\/\/blankpage.ee\/_ruumist-ruumi\/wp-json\/wp\/v2\/types\/product"}],"replies":[{"embeddable":true,"href":"https:\/\/blankpage.ee\/_ruumist-ruumi\/wp-json\/wp\/v2\/comments?post=259353"}],"wp:featuredmedia":[{"embeddable":true,"href":"https:\/\/blankpage.ee\/_ruumist-ruumi\/wp-json\/wp\/v2\/media\/259352"}],"wp:attachment":[{"href":"https:\/\/blankpage.ee\/_ruumist-ruumi\/wp-json\/wp\/v2\/media?parent=259353"}],"wp:term":[{"taxonomy":"product_brand","embeddable":true,"href":"https:\/\/blankpage.ee\/_ruumist-ruumi\/wp-json\/wp\/v2\/product_brand?post=259353"},{"taxonomy":"product_cat","embeddable":true,"href":"https:\/\/blankpage.ee\/_ruumist-ruumi\/wp-json\/wp\/v2\/product_cat?post=259353"},{"taxonomy":"product_tag","embeddable":true,"href":"https:\/\/blankpage.ee\/_ruumist-ruumi\/wp-json\/wp\/v2\/product_tag?post=259353"}],"curies":[{"name":"wp","href":"https:\/\/api.w.org\/{rel}","templated":true}]}}