{"id":259614,"date":"2025-08-07T10:36:17","date_gmt":"2025-08-07T10:36:17","guid":{"rendered":"https:\/\/ruumistruumi.ee\/pood\/farmina-nd-ancestral-grain-pnd1200042-12-kg-kanaliha-ja-granaatounaga-taissoot-vahendatud-kalorisisaldusega-taiskasvanud-keskmistele-ja-suurtele-koertele\/"},"modified":"2025-08-21T08:38:27","modified_gmt":"2025-08-21T08:38:27","slug":"farmina-nd-ancestral-grain-pnd1200042-12-kg-kanaliha-ja-granaatounaga-taissoot-vahendatud-kalorisisaldusega-taiskasvanud-keskmistele-ja-suurtele-koertele","status":"publish","type":"product","link":"https:\/\/blankpage.ee\/_ruumist-ruumi\/pood\/farmina-nd-ancestral-grain-pnd1200042-12-kg-kanaliha-ja-granaatounaga-taissoot-vahendatud-kalorisisaldusega-taiskasvanud-keskmistele-ja-suurtele-koertele\/","title":{"rendered":"Farmina N&amp;D Ancestral Grain PND1200042 12 kg kanaliha ja granaat\u00f5unaga t\u00e4iss\u00f6\u00f6t v\u00e4hendatud kalorisisaldusega t\u00e4iskasvanud keskmistele ja suurtele koertele"},"content":{"rendered":"<h3>Kana ja granaat\u00f5unaga koeratoit Farmina N&amp;D Ancestral Grain Light 12 kg \u2013 t\u00e4iskasvanud keskmise ja suure t\u00f5u koertele<\/h3>\n<p>Farmina N&amp;D Ancestral Grain Light kana ja granaat\u00f5unaga kuivtoit on spetsiaalselt v\u00e4lja t\u00f6\u00f6tatud t\u00e4iskasvanud ning vanemaealistele keskmise, suure ja hiiglasliku t\u00f5u koertele, kelle aktiivsus on v\u00e4iksem, kes on kalduvusega \u00fclekaalule v\u00f5i steriliseeritud. Tegemist on t\u00e4iss\u00f6\u00f6daga, mis sobib h\u00e4sti ka tundliku seedimise ning naha ja karvkatte toetuseks. Suure osa proteiinist moodustab kvaliteetne loomne valk kanast, lisatud on vitamiinirikkad koostisosad ja olulised mineraalained, aidates sinu koeral s\u00e4ilitada vitaalsust ja optimaalset kehakaalu.<\/p>\n<h3>Peamised omadused<\/h3>\n<ul>\n<li>K\u00f5rge lihasisaldus: 34% toorvalku, millest enamik p\u00e4rineb kanalihast, toetab lihaskonda ja \u00fcldist tervist.<\/li>\n<li>P\u00f5hikomponentidena kanaliha, speltanisu, kaer ja granaat\u00f5un \u2013 looduslik antioks\u00fcdantide allikas.<\/li>\n<li>V\u00e4hendatud rasvasisaldus (11%) ja suur kiudainete sisaldus (6,4%) \u2013 aitab hoida koera kaalu kontrolli all ning tagab kiirema t\u00e4isk\u00f5hutunde.<\/li>\n<li>Lisatud L-karnitiin (600 mg\/kg), mis toetab rasvaainevahetust ja energiakulu, sobib eriti h\u00e4sti kastreeritud\/steriliseeritud v\u00f5i madala aktiivsusega koertele.<\/li>\n<li>Madal gl\u00fckeemiline koormus t\u00e4nu t\u00e4isteraviljadele \u2013 stabiilne energia ja toetav m\u00f5ju seedimisele.<\/li>\n<li>Rikkalikult vitamiine (A, B-r\u00fchm, D3, E, C, biotiin), mineraale ja tauriini, mis toetavad \u00fcldist tervist ja eluj\u00f5udu.<\/li>\n<li>Ei sisalda kunstlikke s\u00e4ilitusaineid, sojat, maisi ega maisisiirupit \u2013 ei ole kasutatud odavaid t\u00e4iteaineid.<\/li>\n<li>Koostis toetab naha ja karvkatte tervist, sobib toidutundlikkusega koertele (v\u00e4rsked koostisosad, minimaalne allergeenide hulk).<\/li>\n<\/ul>\n<h3>Tehnilised andmed<\/h3>\n<ul>\n<li>Pakendi kaal: 12 kg<\/li>\n<li>Pakendi m\u00f5\u00f5dud: 520 \u00d7 130 \u00d7 390 mm<\/li>\n<li>EAN: 8010276030511 \/ Tootjakood: PND1200042<\/li>\n<li>Toorproteiini sisaldus: 34% | Toorrasv: 11% | Toorkiud: 6,4%<\/li>\n<li>Niiskus: 9%<\/li>\n<li>Kaltsium: 1,1% | Fosfor: 0,8%<\/li>\n<li>Omega-3 rasvhapped: 0,5% | Omega-6: 2,1%<\/li>\n<li>Vitamiinid: A (15 000 IU\/kg), D3 (1 500 IU\/kg), E (600 mg\/kg), C (150 mg\/kg), biotiin, niatsiin, B1, B2, B6, B12, foolhape, pantoteenhape<\/li>\n<li>L-karnitiin: 600 mg\/kg | Tauriini sisaldus: 1000 mg\/kg<\/li>\n<li>T\u00e4iss\u00f6\u00f6t t\u00e4iskasvanud ja vanemaealistele keskmise, suure ja hiiglasliku t\u00f5u koertele (sobiv kuni ca 44 kg koertele ja suurtele t\u00f5ugudele)<\/li>\n<\/ul>\n<h3>Kasutamisjuhised<\/h3>\n<p>Kohanda p\u00e4evast annust oma koera kehakaalu, aktiivsustaseme ning individuaalsete vajaduste j\u00e4rgi. J\u00e4lgi alati pakendil toodud soovitusi v\u00f5i k\u00fcsi n\u00f5u loomaarstilt, kui Sul tekib kahtlusi. Kindlusta pidev ligip\u00e4\u00e4s v\u00e4rskele joogiveele. Hoia pakend avatuna kuivas ja jahedas, p\u00e4ikese eest kaitstud kohas. Toidukauss olgu alati puhas, et v\u00e4ltida saastumist.<\/p>\n<p>Toidupakendis puuduvad kunstlikud s\u00e4ilitusained ja geneetiliselt muundatud koostisosad. K\u00f5ik olulised mikroelemendid on looduslikus vormis, et toetada koera pikaajalist \u00fcldtervist ja eluj\u00f5udu. Vajadusel v\u00f5ib seda s\u00f6\u00f6ta anda ka pikema aja v\u00e4ltel keha kaalu hoidmise v\u00f5i alandamise eesm\u00e4rgil.<\/p>\n<h3>Miks valida just see koeratoit?<\/h3>\n<ul>\n<li>Tasakaalustatud kooslus lihast, t\u00e4isteraviljadest ja supertoitudest (granaat\u00f5un) toetab sinu koera eluj\u00f5udu.<\/li>\n<li>V\u00e4ltitud on probleeme p\u00f5hjustavad allergeenid, kunstlikud maitseained ja odavad t\u00e4iteained.<\/li>\n<li>V\u00e4hendatud kalorisisaldus, k\u00f5rge kiudainete tase ja rohke L-karnitiin loovad sobiva kombinatsiooni kehakaalu kontrolliks ning parema lihastoonuse toetamiseks.<\/li>\n<li>Sertifitseeritud kvaliteet: Farmina toidud on testitud ja vastavad k\u00f5rgetele standarditele, tootjale kehtib ametlik garantii.<\/li>\n<\/ul>\n<p>Kokkuv\u00f5ttes on Farmina N&amp;D Ancestral Grain Light kana ja granaat\u00f5unaga kuivtoit usaldusv\u00e4\u00e4rne valik kaaluprobleemidega, steriliseeritud v\u00f5i v\u00e4hem aktiivsetele suurtele ja keskmise t\u00f5u koertele. T\u00e4nu rikkalikule toitainete sisaldusele ja hoolikalt valitud loomulikele koostisosadele sobib see n\u00f5udlikule koeraomanikule, kes soovib oma lemmikule anda tasakaalustatud ja funktsionaalset igap\u00e4evatoitu.<\/p>\n","protected":false},"excerpt":{"rendered":"<p>Farmina N&amp;D Ancestral Grain Light kana ja granaat\u00f5unaga t\u00e4iss\u00f6\u00f6t on tasakaalustatud kuivtoit t\u00e4iskasvanud keskmise ja suure t\u00f5u koertele, sobides eriti h\u00e4sti kehakaalu langetamiseks v\u00f5i madala aktiivsusega lemmikutele.<\/p>\n","protected":false},"featured_media":259613,"comment_status":"open","ping_status":"closed","template":"","meta":[],"product_brand":[7148],"product_cat":[7203],"product_tag":[],"class_list":{"0":"post-259614","1":"product","2":"type-product","3":"status-publish","4":"has-post-thumbnail","6":"product_brand-farmina","7":"product_cat-kuivtoit-koertele","8":"product_shipping_class-action","9":"pa_a-vitamiini-sisaldus-15000-iu-kg","10":"pa_b12-vitamiini-sisaldus-01-mg-kg","11":"pa_b6-vitamiini-sisaldus-6-mg-kg","12":"pa_biotiini-sisaldus-380-g-kg","13":"pa_c-vitamiini-sisaldus-150-mg-kg","14":"pa_d3-vitamiini-sisaldus-1500-iu-kg","15":"pa_e-vitamiini-sisaldus-600-mg-kg","16":"pa_foolhape-b9-sisaldus-045-mg-kg","17":"pa_fosfor-8497","18":"pa_hoiatused-et-koera-toidukauss-oleks-alati-puhas","19":"pa_hoiatused-hoida-kuivas-ja-jahedas-2","20":"pa_hoiatused-otsese-paikesevalguse-eest-kaitstult-jargida-pakendil-toodud-sootmissoovitusi-kindlustada","21":"pa_hoiatused-valtimaks-toidu-saastumist-2","22":"pa_kaaluvahemik-10-kg-159-kg","23":"pa_kaltsium-8498","24":"pa_koliin-kloriid-100g-kohta-280-mg","25":"pa_l-karntiini-sisaldus-600-mg-kg","26":"pa_lemmikloomatoug-golden-retriever","27":"pa_lemmiku-eluetapp-eakad","28":"pa_lemmiku-eluetapp-taiskasvanud","29":"pa_lemmiku-vajadused-kalduvus-ulekaalule","30":"pa_lemmiku-vajadused-mitteaktiivne","31":"pa_lemmiku-vajadused-steriliseeritud-voi-kastreeritud","32":"pa_lemmiku-vanus-eakas","33":"pa_lemmiku-vanus-taiskasvanu","34":"pa_lisafunktsioonid-karv-ja-nahk","35":"pa_lisafunktsioonid-toidutundlikkus","36":"pa_lisafunktsioonid-ulekaalulisus","37":"pa_mangaani-sisaldus-646-mg-kg","38":"pa_niatsiin-b3-sisaldus-375-mg-kg","39":"pa_niiskuse-sisaldus-8447","40":"pa_omega-3-rasvhapped-8133","41":"pa_pakendi-tuup-kott","42":"pa_pantoteenhape-b5-sisaldus-15-mg-kg","43":"pa_pohimaitse-granaatoun","44":"pa_pohimaitse-kana","45":"pa_proteiin-8495","46":"pa_rasva-sisaldus-7797","47":"pa_raua-sisaldus-583-mg-kg","48":"pa_riboflaviin-b2-sisaldus-75-mg-kg","49":"pa_seleeni-sisaldus-000088-mg-kg","50":"pa_sisaldab-vitamiine-niatsiin","51":"pa_sisaldab-vitamiine-vitamiin-a","52":"pa_sisaldab-vitamiine-vitamiin-b1","53":"pa_sisaldab-vitamiine-vitamiin-b12","54":"pa_sisaldab-vitamiine-vitamiin-b2","55":"pa_sisaldab-vitamiine-vitamiin-b6","56":"pa_sisaldab-vitamiine-vitamiin-c","57":"pa_sisaldab-vitamiine-vitamiin-d3","58":"pa_sisaldab-vitamiine-vitamiin-e","59":"pa_sisaldab-vitamiine-vitamiin-h-biotiin","60":"pa_sobivus-koerale","61":"pa_tauriini-sisaldus-1000-mg-kg","62":"pa_tiamiin-b1-sisaldus-45-mg-kg","63":"pa_toorkiud-8502","64":"pa_toorvalk-8500","65":"pa_tou-suurus-keskmine-11-25kg","66":"pa_tou-suurus-suur-26-44kg","67":"pa_tsingi-sisaldus-1638-mg-kg","68":"pa_vase-sisaldus-158-mg-kg","70":"first","71":"instock","72":"taxable","73":"shipping-taxable","74":"purchasable","75":"product-type-simple"},"_links":{"self":[{"href":"https:\/\/blankpage.ee\/_ruumist-ruumi\/wp-json\/wp\/v2\/product\/259614","targetHints":{"allow":["GET"]}}],"collection":[{"href":"https:\/\/blankpage.ee\/_ruumist-ruumi\/wp-json\/wp\/v2\/product"}],"about":[{"href":"https:\/\/blankpage.ee\/_ruumist-ruumi\/wp-json\/wp\/v2\/types\/product"}],"replies":[{"embeddable":true,"href":"https:\/\/blankpage.ee\/_ruumist-ruumi\/wp-json\/wp\/v2\/comments?post=259614"}],"wp:featuredmedia":[{"embeddable":true,"href":"https:\/\/blankpage.ee\/_ruumist-ruumi\/wp-json\/wp\/v2\/media\/259613"}],"wp:attachment":[{"href":"https:\/\/blankpage.ee\/_ruumist-ruumi\/wp-json\/wp\/v2\/media?parent=259614"}],"wp:term":[{"taxonomy":"product_brand","embeddable":true,"href":"https:\/\/blankpage.ee\/_ruumist-ruumi\/wp-json\/wp\/v2\/product_brand?post=259614"},{"taxonomy":"product_cat","embeddable":true,"href":"https:\/\/blankpage.ee\/_ruumist-ruumi\/wp-json\/wp\/v2\/product_cat?post=259614"},{"taxonomy":"product_tag","embeddable":true,"href":"https:\/\/blankpage.ee\/_ruumist-ruumi\/wp-json\/wp\/v2\/product_tag?post=259614"}],"curies":[{"name":"wp","href":"https:\/\/api.w.org\/{rel}","templated":true}]}}