{"id":259765,"date":"2025-08-11T07:38:21","date_gmt":"2025-08-11T07:38:21","guid":{"rendered":"https:\/\/ruumistruumi.ee\/pood\/trovet-intestinal-dpd-400g-pardilihaga-teraviljavaba-margtoit-tundliku-seedimisega-taiskasvanud-ja-eakale-koerale\/"},"modified":"2025-08-21T08:30:33","modified_gmt":"2025-08-21T08:30:33","slug":"trovet-intestinal-dpd-400g-pardilihaga-teraviljavaba-margtoit-tundliku-seedimisega-taiskasvanud-ja-eakale-koerale","status":"publish","type":"product","link":"https:\/\/blankpage.ee\/_ruumist-ruumi\/pood\/trovet-intestinal-dpd-400g-pardilihaga-teraviljavaba-margtoit-tundliku-seedimisega-taiskasvanud-ja-eakale-koerale\/","title":{"rendered":"TROVET Intestinal DPD 400g pardilihaga teraviljavaba m\u00e4rgtoit tundliku seedimisega t\u00e4iskasvanud ja eakale koerale"},"content":{"rendered":"<h3>TROVET Intestinal DPD 400g pardilihaga teraviljavaba m\u00e4rgtoit tundliku seedimisega t\u00e4iskasvanud ja eakale koerale<\/h3>\n<p>TROVET Intestinal DPD with duck on veterinaarne m\u00e4rgtoit, mis on v\u00e4lja t\u00f6\u00f6tatud tundliku seedetraktiga t\u00e4iskasvanud ja eakatele koertele. See t\u00e4iss\u00f6\u00f6t sobib suurep\u00e4raselt lemmikutele, kellel esinevad toiduallergiad, -talumatus v\u00f5i seedimisega seotud probleemid. T\u00e4nu piiratud koostisosade arvule ja ainult \u00fchele loomsele valguallikale (pardiliha) v\u00e4hendab see oluliselt allergiliste reaktsioonide v\u00f5imalust ning toetab soolestiku tervist. Koostis on looduslik \u2013 toidus ei ole s\u00e4ilitusaineid, kunstlikke v\u00e4rvaineid ega muid lisandeid.<\/p>\n<h3>Peamised omadused<\/h3>\n<ul>\n<li>\u00dcks valguallikas: ainult pardiliha \u2013 sobib toiduallergia riski v\u00e4hendamiseks<\/li>\n<li>Teravilja- ja gluteenivaba retsept \u2013 ei sisalda soja ega gluteeni<\/li>\n<li>Ilma s\u00fcnteetiliste lisaainete, s\u00e4ilitusainete ja v\u00e4rvaineteta<\/li>\n<li>Sobib t\u00e4iskasvanud ja eakatele koertele igas suuruses (<strong>2\u201380 kg<\/strong>)<\/li>\n<li>Spetsiaalselt tundliku seedetraktiga ja toidutalumatusega koertele<\/li>\n<li>Toetab soolestiku mikrofloorat ja normaalset seedimist<\/li>\n<li>Vastab veterinaardieedi n\u00f5uetele<\/li>\n<\/ul>\n<h3>Tehnilised andmed<\/h3>\n<ul>\n<li>P\u00f5himaitse: pardiliha<\/li>\n<li>Pakend: 400 g plekkpurk<\/li>\n<li>M\u00f5\u00f5dud: 75 \u00d7 108 \u00d7 75 mm<\/li>\n<li>Netokaal: 400 g (brutokaal 453 g)<\/li>\n<li>Niiskusesisaldus: 80%<\/li>\n<li>Proteiin: 8,5%<\/li>\n<li>Rasvasisaldus: 6,3%<\/li>\n<li>Toorkiud: 1,7%<\/li>\n<li>Toorvalk: 2%<\/li>\n<li>Energia: umbes 911 kcal\/kg<\/li>\n<li>Sobilik eluetapp: t\u00e4iskasvanud ja eakas koer<\/li>\n<li>Koerat\u00f5ug: k\u00f5ik t\u00f5ud<\/li>\n<li>S\u00e4ilitusaineteta, lisanditeta, v\u00e4rvaineteta<\/li>\n<\/ul>\n<h3>Kasutamisjuhised<\/h3>\n<p>Konsulteeri veterinaararstiga enne dieettoidu kasutamist, eriti kui koeral esinevad kroonilised seedimis- v\u00f5i allergian\u00e4hud. Toitu v\u00f5ib anda igap\u00e4evase p\u00f5hitoiduna. Soovituslik kasutusperiood on 3\u201312 n\u00e4dalat seedimisprobleemide ja 3\u20138 n\u00e4dalat toidutalumatuse korral. Kui s\u00fcmptomid taanduvad, v\u00f5ib TROVET Intestinal DPD-d kasutada ka p\u00fcsivalt. Hoia puhas joogivesi alati saadaval. Avatud purki hoia kaetult k\u00fclmkapis ja kasuta 2 p\u00e4eva jooksul.<\/p>\n<h3>Miks valida see m\u00e4rgtoit?<\/h3>\n<ul>\n<li>Lahendus toiduallergiatele ja -talumatustele selge ja l\u00fchikese koostisega<\/li>\n<li>Toetab seedetrakti t\u00f6\u00f6d<\/li>\n<li>K\u00f5rge seeditavus ja toitainesisaldus<\/li>\n<li>Praktiline 400 g konserv<\/li>\n<\/ul>\n<h3>Komplektis<\/h3>\n<ul>\n<li>1 x 400 g purk m\u00e4rgtoitu<\/li>\n<li>Muu pole vajalik, toitu serveeri otse pakendist<\/li>\n<\/ul>\n<h3>Kvaliteet<\/h3>\n<p>TROVET on tunnustatud veterinaarbr\u00e4nd, mille tootmisel kehtivad k\u00f5rged kvaliteedistandardid. Toit ei sisalda tarbetuid t\u00e4iteaineid ega kunstlikke lisandeid. K\u00f5rge seeditavus ja allergiavastased omadused sobivad pidevaks kasutamiseks.<\/p>\n","protected":false},"excerpt":{"rendered":"<p>TROVET Intestinal DPD pardilihaga m\u00e4rgtoit on teraviljavaba dieet t\u00e4iskasvanud ja eakale koerale, sobib tundliku seedimise ning toiduallergiate korral. \u00dcks valguallikas ja lihtne koostis toetavad seedetrakti tervist.<\/p>\n","protected":false},"featured_media":259764,"comment_status":"open","ping_status":"closed","template":"","meta":[],"product_brand":[7151],"product_cat":[8796,8797],"product_tag":[],"class_list":{"0":"post-259765","1":"product","2":"type-product","3":"status-publish","4":"has-post-thumbnail","6":"product_brand-trovet","7":"product_cat-margtoit-ja-konservid-koertele","8":"product_cat-veterinaarne-margtoit-koertele","9":"product_shipping_class-action","10":"pa_annustamise-vorm-tahke","11":"pa_gluteenivaba-jah","12":"pa_ilma-kunstlike-varvideta-jah","13":"pa_ilma-kunstlisete-lisanditeta-jah","14":"pa_kaaluvahemik-201-g-499-g","15":"pa_koeratoug-koigile-tougudele","16":"pa_lemmiku-eluetapp-eakad","17":"pa_lemmiku-eluetapp-taiskasvanud","18":"pa_lemmiku-vajadused-oige-seedimine","19":"pa_lemmiku-vajadused-toiduallergia","20":"pa_lemmiku-vajadused-tundlik-koht","21":"pa_lemmiku-vanus-seenior","22":"pa_lemmiku-vanus-taiskasvanu","23":"pa_lisafunktsioonid-allergiavastane","24":"pa_lisafunktsioonid-monoproteiin","25":"pa_lisafunktsioonid-seedimist-toetav","26":"pa_lisafunktsioonid-teraviljavaba","27":"pa_lisafunktsioonid-toidutundlikkus","28":"pa_loomaliik-koer","29":"pa_niiskuse-sisaldus-7315","30":"pa_pakendi-tuup-kott","31":"pa_pakendi-tuup-purk","32":"pa_pohimaitse-part","33":"pa_portsjoni-suurus-400-g","34":"pa_proteiin-10807","35":"pa_rasva-sisaldus-10836","36":"pa_sailitusaineteta-jah","37":"pa_sobib-koer","38":"pa_sobivus-koerale","39":"pa_sojavaba-jah","40":"pa_suhkruvaba-andmed-puuduvad","41":"pa_tervisemoju-allergia-ravi","42":"pa_tervisemoju-seedimise-hooldus","43":"pa_toorkiud-8583","44":"pa_toorvalk-2-2","45":"pa_tou-suurus-koik-suurused-2-80-kg","47":"first","48":"instock","49":"taxable","50":"shipping-taxable","51":"purchasable","52":"product-type-simple"},"_links":{"self":[{"href":"https:\/\/blankpage.ee\/_ruumist-ruumi\/wp-json\/wp\/v2\/product\/259765","targetHints":{"allow":["GET"]}}],"collection":[{"href":"https:\/\/blankpage.ee\/_ruumist-ruumi\/wp-json\/wp\/v2\/product"}],"about":[{"href":"https:\/\/blankpage.ee\/_ruumist-ruumi\/wp-json\/wp\/v2\/types\/product"}],"replies":[{"embeddable":true,"href":"https:\/\/blankpage.ee\/_ruumist-ruumi\/wp-json\/wp\/v2\/comments?post=259765"}],"wp:featuredmedia":[{"embeddable":true,"href":"https:\/\/blankpage.ee\/_ruumist-ruumi\/wp-json\/wp\/v2\/media\/259764"}],"wp:attachment":[{"href":"https:\/\/blankpage.ee\/_ruumist-ruumi\/wp-json\/wp\/v2\/media?parent=259765"}],"wp:term":[{"taxonomy":"product_brand","embeddable":true,"href":"https:\/\/blankpage.ee\/_ruumist-ruumi\/wp-json\/wp\/v2\/product_brand?post=259765"},{"taxonomy":"product_cat","embeddable":true,"href":"https:\/\/blankpage.ee\/_ruumist-ruumi\/wp-json\/wp\/v2\/product_cat?post=259765"},{"taxonomy":"product_tag","embeddable":true,"href":"https:\/\/blankpage.ee\/_ruumist-ruumi\/wp-json\/wp\/v2\/product_tag?post=259765"}],"curies":[{"name":"wp","href":"https:\/\/api.w.org\/{rel}","templated":true}]}}