{"id":259773,"date":"2025-08-11T07:44:08","date_gmt":"2025-08-11T07:44:08","guid":{"rendered":"https:\/\/ruumistruumi.ee\/pood\/trovet-hypoallergenic-tpd-400-g-kalkuniga-teraviljavaba-margtoit-koikidele-koertele\/"},"modified":"2025-08-21T08:30:10","modified_gmt":"2025-08-21T08:30:10","slug":"trovet-hypoallergenic-tpd-400-g-kalkuniga-teraviljavaba-margtoit-koikidele-koertele","status":"publish","type":"product","link":"https:\/\/blankpage.ee\/_ruumist-ruumi\/pood\/trovet-hypoallergenic-tpd-400-g-kalkuniga-teraviljavaba-margtoit-koikidele-koertele\/","title":{"rendered":"TROVET Hypoallergenic TPD 400 g kalkuniga teraviljavaba m\u00e4rgtoit k\u00f5ikidele koertele"},"content":{"rendered":"<h3>TROVET Hypoallergenic TPD 400 g kalkuniga teraviljavaba m\u00e4rgtoit k\u00f5ikidele koertele<\/h3>\n<p>TROVET Hypoallergenic TPD kalkuniga on veterinaarseadmete tippklassi kuuluv spetsiaalne m\u00e4rgtoit, mis on m\u00f5eldud koertele, kellel esineb toiduallergiaid, -talumatust v\u00f5i tundlikku seedimist. See t\u00e4isv\u00e4\u00e4rtuslik konserv sobib nii igas vanuses kui ka igas suuruses koertele \u2013 kutsikast seeniorini. Troveti kalkunimaitseline dieet p\u00f5hineb piiratud koostisosade p\u00f5him\u00f5ttel: \u00fcks loomne valguallikas ja \u00fcks s\u00fcsivesikuallikas, et v\u00e4hendada allergia ja \u00fclitundlikkuse riski. See teeb sellest kindla valiku omanikele, kelle koeral esinevad naha- v\u00f5i seedeprobleemid.<\/p>\n<h3>Peamised omadused<\/h3>\n<ul>\n<li>H\u00fcpoallergeenne m\u00e4rgtoit kalkunilihaga, h\u00e4sti talutav ka tundlike koerte puhul<\/li>\n<li>Gluteeni-, teravilja-, soja-, suhkru- ja kanavaba koostis<\/li>\n<li>S\u00e4ilitusainete, kunstlike lisaainete ja v\u00e4rvaineteta<\/li>\n<li>Sobib nii allergiate, toidutalumatuse kui ka seedeh\u00e4irete korral<\/li>\n<li>T\u00e4istoit k\u00f5ikidele t\u00f5ugudele ja igasse eluetappi, sh kutsikatele ning seenioridele<\/li>\n<li>Veterinaardieet \u2013 soovitatav kasutada arsti j\u00e4relvalve all<\/li>\n<li>Kergesti seeditav t\u00e4nu piiratud koostisele<\/li>\n<li>Toode on valmistatud kvaliteetsetest toorainetest<\/li>\n<\/ul>\n<h3>Tehnilised andmed<\/h3>\n<ul>\n<li>P\u00f5himaitse: kalkun<\/li>\n<li>Niiskuse sisaldus: 81%<\/li>\n<li>Rasva sisaldus: 4,7%<\/li>\n<li>Proteiin: 5,8%<\/li>\n<li>Toorkiud: 1%<\/li>\n<li>Toortuhk: 1,8%<\/li>\n<li>Energiav\u00e4\u00e4rtus: 3,4 MJ\/kg (803 kcal\/kg)<\/li>\n<li>Pakkimisvorm: 400 g plekkpurk<\/li>\n<li>M\u00f5\u00f5dud: 75 \u00d7 110 \u00d7 75 mm<\/li>\n<li>Netokaal: 400 g, brutokaal: 450 g<\/li>\n<li>EAN: 8716811000758<\/li>\n<\/ul>\n<h3>Kasutamisjuhised<\/h3>\n<p>Soovitatav on alustada s\u00f6\u00f6tmist veterinaararsti soovitusel. Esmalt 3\u20138 n\u00e4dalat, vajadusel v\u00f5ib kasutada kogu koera eluea v\u00e4ltel. Sobib igap\u00e4evaseks ja ainsaks toiduks koertele, kellel on diagnoositud allergiad v\u00f5i toidutundlikkus. Serveeri toitu toatemperatuuril, puhasta regulaarselt toidun\u00f5ud ning hoia avatud konserv k\u00fclmikus ja kasuta see \u00e4ra 48 tunni jooksul. Sobiva koguse leidmiseks l\u00e4htuda koera kehakaalust, soovituslik p\u00e4evane kogus on leitav allolevas tabelis v\u00f5i tootja kodulehel.<\/p>\n<ul>\n<li>K\u00f5ik kasutatud koostisosad on hoolikalt valitud, et v\u00e4ltida allergeene<\/li>\n<li>Ei vaja t\u00e4iendavat vitamiinide ega mineraalainete lisamist \u2013 t\u00e4isv\u00e4\u00e4rtuslik<\/li>\n<li>Kasutamisel j\u00e4lgida v\u00f5imalikke muutusi koera nahas, seedimises v\u00f5i energiatasemes<\/li>\n<\/ul>\n<p>Kui Sinu koeral esineb toiduallergiaid, kroonilisi seedimisprobleeme v\u00f5i naha\u00e4rritusi, on <strong>h\u00fcpoallergeenne kalkuni m\u00e4rgtoit koertele<\/strong> kindel valik, mis lihtsustab Sinu lemmiku igap\u00e4evaelu ja toetab tema pikaajalist heaolu. Troveti kvaliteet ja originaalretsept on alati tagatud \u2013 toode sobib h\u00e4sti ka tundliku seedimisega v\u00f5i valivatele koertele.<\/p>\n","protected":false},"excerpt":{"rendered":"<p>TROVET h\u00fcpoallergeenne kalkuni m\u00e4rgtoit koertele on teravilja- ja gluteenivaba t\u00e4istoit, mis sobib igas vanuses ja suuruses toiduallergiaga koertele.<\/p>\n","protected":false},"featured_media":259772,"comment_status":"open","ping_status":"closed","template":"","meta":[],"product_brand":[7151],"product_cat":[8796,8797],"product_tag":[],"class_list":{"0":"post-259773","1":"product","2":"type-product","3":"status-publish","4":"has-post-thumbnail","6":"product_brand-trovet","7":"product_cat-margtoit-ja-konservid-koertele","8":"product_cat-veterinaarne-margtoit-koertele","9":"product_shipping_class-action","10":"pa_annustamise-vorm-tahke","11":"pa_gluteenivaba-jah","12":"pa_ilma-kunstlike-varvideta-jah","13":"pa_ilma-kunstlisete-lisanditeta-jah","14":"pa_kaaluvahemik-201-g-499-g","15":"pa_koeratoug-koik-toud","16":"pa_lemmiku-eluetapp-eakad","17":"pa_lemmiku-eluetapp-kutsikad","18":"pa_lemmiku-eluetapp-taiskasvanud","19":"pa_lemmiku-vajadused-toiduallergia","20":"pa_lemmiku-vanus-kutsikas","21":"pa_lemmiku-vanus-seenior","22":"pa_lemmiku-vanus-taiskasvanu","23":"pa_lisafunktsioonid-allergia","24":"pa_lisafunktsioonid-gluteenivaba","25":"pa_lisafunktsioonid-kanavaba","26":"pa_lisafunktsioonid-teraviljavaba","27":"pa_lisafunktsioonid-toidutundlikkus","28":"pa_lisafunktsioonid-vananevatele-koertele","29":"pa_loomaliik-koer","30":"pa_niiskuse-sisaldus-7303","31":"pa_pakendi-tuup-purk","32":"pa_pohimaitse-kalkun","33":"pa_portsjoni-suurus-400-g","34":"pa_proteiin-10850","35":"pa_rasva-sisaldus-10851","36":"pa_sailitusaineteta-jah","37":"pa_sobib-koer","38":"pa_sobivus-koerale","39":"pa_sojavaba-jah","40":"pa_suhkruvaba-jah","41":"pa_tervisemoju-allergiaravi","42":"pa_toorkiud-7244","43":"pa_toorvalk-10844","44":"pa_tou-suurus-sobib-koikidele-tougudele","46":"first","47":"instock","48":"taxable","49":"shipping-taxable","50":"purchasable","51":"product-type-simple"},"_links":{"self":[{"href":"https:\/\/blankpage.ee\/_ruumist-ruumi\/wp-json\/wp\/v2\/product\/259773","targetHints":{"allow":["GET"]}}],"collection":[{"href":"https:\/\/blankpage.ee\/_ruumist-ruumi\/wp-json\/wp\/v2\/product"}],"about":[{"href":"https:\/\/blankpage.ee\/_ruumist-ruumi\/wp-json\/wp\/v2\/types\/product"}],"replies":[{"embeddable":true,"href":"https:\/\/blankpage.ee\/_ruumist-ruumi\/wp-json\/wp\/v2\/comments?post=259773"}],"wp:featuredmedia":[{"embeddable":true,"href":"https:\/\/blankpage.ee\/_ruumist-ruumi\/wp-json\/wp\/v2\/media\/259772"}],"wp:attachment":[{"href":"https:\/\/blankpage.ee\/_ruumist-ruumi\/wp-json\/wp\/v2\/media?parent=259773"}],"wp:term":[{"taxonomy":"product_brand","embeddable":true,"href":"https:\/\/blankpage.ee\/_ruumist-ruumi\/wp-json\/wp\/v2\/product_brand?post=259773"},{"taxonomy":"product_cat","embeddable":true,"href":"https:\/\/blankpage.ee\/_ruumist-ruumi\/wp-json\/wp\/v2\/product_cat?post=259773"},{"taxonomy":"product_tag","embeddable":true,"href":"https:\/\/blankpage.ee\/_ruumist-ruumi\/wp-json\/wp\/v2\/product_tag?post=259773"}],"curies":[{"name":"wp","href":"https:\/\/api.w.org\/{rel}","templated":true}]}}