{"id":259777,"date":"2025-08-11T07:46:50","date_gmt":"2025-08-11T07:46:50","guid":{"rendered":"https:\/\/ruumistruumi.ee\/pood\/trovet-hypoallergenic-hpd-400-g-hobuselihaga-gluteenivaba-margtoit-allergilisele-koerale\/"},"modified":"2025-08-19T02:38:14","modified_gmt":"2025-08-19T02:38:14","slug":"trovet-hypoallergenic-hpd-400-g-hobuselihaga-gluteenivaba-margtoit-allergilisele-koerale","status":"publish","type":"product","link":"https:\/\/blankpage.ee\/_ruumist-ruumi\/pood\/trovet-hypoallergenic-hpd-400-g-hobuselihaga-gluteenivaba-margtoit-allergilisele-koerale\/","title":{"rendered":"TROVET Hypoallergenic HPD 400 g hobuselihaga gluteenivaba m\u00e4rgtoit allergilisele koerale"},"content":{"rendered":"<h3>TROVET Hypoallergenic HPD 400 g hobuselihaga gluteenivaba m\u00e4rgtoit allergilisele koerale<\/h3>\n<p>TROVET Hypoallergenic HPD hobuselihaga m\u00e4rgtoit on loodud toiduallergia ja -talumatusega koertele. See veterinaardieet on m\u00f5eldud t\u00e4iskasvanud ja eakatele koertele igas suuruses ning sobib igap\u00e4evaseks toitmiseks. Toit sisaldab ainult \u00fchte loomset valguallikat \u2013 hobuseliha \u2013 ning on teraviljavaba ja gluteenivaba, v\u00e4hendades toiduallergia riski ka tundlikel koertel. T\u00e4nu lihtsale koostisele, ilma kunstlike v\u00e4rvainete, s\u00e4ilitusainete, soja ja lisatud suhkruta, sobib see paljudele \u00fclitundlikele lemmikutele.<\/p>\n<h3>Peamised omadused<\/h3>\n<ul>\n<li><strong>H\u00fcpoallergeenne:<\/strong> Ainukese valguallikana hobuseliha, s\u00fcsivesikuna kartul. Aitab leevendada toiduallergiat ja \u00fclitundlikkust.<\/li>\n<li><strong>Gluteenivaba ja teraviljavaba:<\/strong> Sobib koertele, kellel esineb teravilja- v\u00f5i gluteenitalumatust.<\/li>\n<li><strong>Ilma linnulihata:<\/strong> Ei sisalda kana, sobib kanaliha suhtes allergilistele lemmikutele.<\/li>\n<li><strong>Ei sisalda kunstlikke v\u00e4rvaineid, l\u00f5hna- ega maitsetugevdajaid, s\u00e4ilitusaineid ega suhkrut.<\/strong><\/li>\n<li><strong>Sobib igas vanuses t\u00e4iskasvanud ja eakatele koertele k\u00f5igist t\u00f5ugudest.<\/strong><\/li>\n<li><strong>Toidutalumatuse ja -allergia korral soovitatav kasutada loomaarsti n\u00f5uandel.<\/strong><\/li>\n<\/ul>\n<h3>Tehnilised andmed<\/h3>\n<ul>\n<li>Pakendi t\u00fc\u00fcp: 400 g alumiiniumpurk<\/li>\n<li>Kaal koos pakendiga: 462 g<\/li>\n<li>M\u00f5\u00f5tmed: 75 \u00d7 75 \u00d7 105 mm<\/li>\n<li>Niiskusesisaldus: 81%<\/li>\n<li>Toorvalk: 6,5%<\/li>\n<li>Toorkiud: 1%<\/li>\n<li>Toorrasv: 4,2%<\/li>\n<li>S\u00fcsivesikud: umbes 5,7%<\/li>\n<li>P\u00f5himaitse: hobuseliha<\/li>\n<li>Energia: umbes 785 kcal\/kg<\/li>\n<li>Ilma gluteeni, teravilja, soja, kana, kunstlike v\u00e4rvainete ja s\u00e4ilitusaineteta<\/li>\n<li>Sobib: igat t\u00f5ugu t\u00e4iskasvanud ja eakatele koertele<\/li>\n<li>EAN: 8716811001830<\/li>\n<li>Toote ID: VETTVTKMP0005<\/li>\n<li>Tootja: TROVET, Holland<\/li>\n<\/ul>\n<h3>Kasutamisjuhised<\/h3>\n<p>Soovitav on konsulteerida loomaarstiga enne spetsiaaldieetilise koeratoidu kasutamist. TROVET Hypoallergenic HPD sobib eriti koertele, kellel esineb nahaprobleeme (s\u00fcgelus, punetus, lakkumine) v\u00f5i seedetraktih\u00e4ireid (k\u00f5hulahtisus, oksendamine), mis on tingitud \u00fclitundlikkusest toidule. Esialgse testperioodi kestuseks soovitatakse 3\u20138 n\u00e4dalat. Kui allergia- v\u00f5i talumatuse s\u00fcmptomid kaovad, v\u00f5ib seda toitu pakkuda koerale igap\u00e4evaselt pikaajaliselt. Toitmiseks arvestada koera kehakaalu ja vanusega; p\u00e4evane portsjon v\u00f5ib varieeruda s\u00f5ltuvalt individuaalsetest vajadustest. Avatud toode hoida k\u00fclmkapis ning kasutada \u00e4ra 2 p\u00e4eva jooksul.<\/p>\n<ul>\n<li><strong>Annustamine:<\/strong> J\u00e4rgige pakendil v\u00f5i loomaarsti soovitatud koguseid vastavalt koera kehakaalule.<\/li>\n<li><strong>Sobib kasutamiseks ainult koertele.<\/strong><\/li>\n<li><strong>Lisatarvikud:<\/strong> Vajadusel. Joogivesi peab olema alati saadaval.<\/li>\n<\/ul>\n<h3>Miks valida see toode?<\/h3>\n<p>TROVET Hypoallergenic HPD hobuselihaga m\u00e4rgtoit pakub t\u00e4nu oma puhtale ja piiratud koostisele ohutut ning lihtsat lahendust toidutalumatusega v\u00f5i allergilisele lemmikule. Kvaliteetne loomne valk ja h\u00e4sti seeditav koostis toetavad naha ja seedimise tervist ning aitavad v\u00e4ltida levinud allergia ja tundlikkuse s\u00fcmptomeid. Toode \u00fchendab veterinaarse soovituse, k\u00f5rge toitev\u00e4\u00e4rtuse ja pikaajalise kasutusk\u00f5lblikkuse.<\/p>\n","protected":false},"excerpt":{"rendered":"<p>TROVET Hypoallergenic HPD hobuselihaga m\u00e4rgtoit on gluteenivaba ja teraviljavaba koeratoit, mis sobib allergilise v\u00f5i toidutundliku koera igap\u00e4evaseks toitmiseks. Sobib k\u00f5ikidele t\u00f5ugudele ning t\u00e4iskasvanud ja eakatele koertele.<\/p>\n","protected":false},"featured_media":259776,"comment_status":"open","ping_status":"closed","template":"","meta":[],"product_brand":[7151],"product_cat":[8796,8797],"product_tag":[],"class_list":{"0":"post-259777","1":"product","2":"type-product","3":"status-publish","4":"has-post-thumbnail","6":"product_brand-trovet","7":"product_cat-margtoit-ja-konservid-koertele","8":"product_cat-veterinaarne-margtoit-koertele","9":"product_shipping_class-action","10":"pa_annustamise-vorm-tahke","11":"pa_gluteenivaba-jah","12":"pa_ilma-kunstlike-varvideta-jah","13":"pa_ilma-kunstlisete-lisanditeta-jah","14":"pa_kaaluvahemik-201-g-499-g","15":"pa_koeratoug-koik-toud","16":"pa_lemmiku-eluetapp-eakad","17":"pa_lemmiku-eluetapp-taiskasvanud","18":"pa_lemmiku-vajadused-toidualergia","19":"pa_lemmiku-vanus-seenior","20":"pa_lemmiku-vanus-taiskasvanu","21":"pa_lisafunktsioonid-allergia","22":"pa_lisafunktsioonid-kanavaba","23":"pa_lisafunktsioonid-seenioridele","24":"pa_lisafunktsioonid-teraviljavaba","25":"pa_lisafunktsioonid-toidutundlikkus","26":"pa_loomaliik-koer","27":"pa_niiskuse-sisaldus-7303","28":"pa_pakendi-tuup-purk","29":"pa_pohimaitse-hobune","30":"pa_pohimaitse-hobuseliha","31":"pa_portsjoni-suurus-400-g","32":"pa_proteiin-6-5","33":"pa_rasva-sisaldus-4-2-2","34":"pa_sailitusaineteta-jah","35":"pa_sobib-koer","36":"pa_sobivus-koerale","37":"pa_sojavaba-jah","38":"pa_suhkruvaba-jah","39":"pa_tervisemoju-allergiaravi","40":"pa_toorkiud-7244","41":"pa_toorvalk-1-8-2","42":"pa_tou-suurus-sobib-koikidele-tougudele","44":"first","45":"instock","46":"taxable","47":"shipping-taxable","48":"purchasable","49":"product-type-simple"},"_links":{"self":[{"href":"https:\/\/blankpage.ee\/_ruumist-ruumi\/wp-json\/wp\/v2\/product\/259777","targetHints":{"allow":["GET"]}}],"collection":[{"href":"https:\/\/blankpage.ee\/_ruumist-ruumi\/wp-json\/wp\/v2\/product"}],"about":[{"href":"https:\/\/blankpage.ee\/_ruumist-ruumi\/wp-json\/wp\/v2\/types\/product"}],"replies":[{"embeddable":true,"href":"https:\/\/blankpage.ee\/_ruumist-ruumi\/wp-json\/wp\/v2\/comments?post=259777"}],"wp:featuredmedia":[{"embeddable":true,"href":"https:\/\/blankpage.ee\/_ruumist-ruumi\/wp-json\/wp\/v2\/media\/259776"}],"wp:attachment":[{"href":"https:\/\/blankpage.ee\/_ruumist-ruumi\/wp-json\/wp\/v2\/media?parent=259777"}],"wp:term":[{"taxonomy":"product_brand","embeddable":true,"href":"https:\/\/blankpage.ee\/_ruumist-ruumi\/wp-json\/wp\/v2\/product_brand?post=259777"},{"taxonomy":"product_cat","embeddable":true,"href":"https:\/\/blankpage.ee\/_ruumist-ruumi\/wp-json\/wp\/v2\/product_cat?post=259777"},{"taxonomy":"product_tag","embeddable":true,"href":"https:\/\/blankpage.ee\/_ruumist-ruumi\/wp-json\/wp\/v2\/product_tag?post=259777"}],"curies":[{"name":"wp","href":"https:\/\/api.w.org\/{rel}","templated":true}]}}