{"id":259785,"date":"2025-08-11T07:52:08","date_gmt":"2025-08-11T07:52:08","guid":{"rendered":"https:\/\/ruumistruumi.ee\/pood\/trovet-hepatic-hld-chicken-400-g-gluteenivaba-kanamaksa-margtoit-koertele-maksahaiguse-korral\/"},"modified":"2025-08-19T12:43:19","modified_gmt":"2025-08-19T12:43:19","slug":"trovet-hepatic-hld-chicken-400-g-gluteenivaba-kanamaksa-margtoit-koertele-maksahaiguse-korral","status":"publish","type":"product","link":"https:\/\/blankpage.ee\/_ruumist-ruumi\/pood\/trovet-hepatic-hld-chicken-400-g-gluteenivaba-kanamaksa-margtoit-koertele-maksahaiguse-korral\/","title":{"rendered":"TROVET Hepatic HLD Chicken 400 g gluteenivaba kanamaksa m\u00e4rgtoit koertele maksahaiguse korral"},"content":{"rendered":"<h3>TROVET Hepatic HLD Chicken 400 g gluteenivaba kanamaksa m\u00e4rgtoit koertele maksahaiguse korral<\/h3>\n<p>TROVET Hepatic HLD Chicken on spetsiaalselt v\u00e4lja t\u00f6\u00f6tatud veterinaardieet koertele, kellel on maksafunktsiooni h\u00e4ired v\u00f5i vajadus maksa kaitse ja toetuse j\u00e4rele. See kanap\u00f5hine m\u00e4rgtoit sobib nii noortele, t\u00e4iskasvanud kui ka eakatele koertele igas suuruses ja t\u00f5us (2\u201380 kg). Toode on gluteenivaba, ei sisalda kunstlikke v\u00e4rvaineid, s\u00e4ilitusaineid ega sojat, pakkudes turvalist ja tasakaalustatud toitumist tundliku maksa korral. T\u00e4nu optimaalselt valitud koostisosadele ja lipotroopsete ainete lisamisele aitab see maksatoit v\u00e4ltida rasva kogunemist maksas ning toetab maksa loomulikke funktsioone ja taastumisprotsessi.<\/p>\n<h3>Peamised omadused<\/h3>\n<ul>\n<li>Veterinaarne maksa dieet m\u00e4rgtoit \u2013 asjatundlikult koostatud koera maksa toetuseks<\/li>\n<li>Kana peamine valguallikas \u2013 h\u00e4sti seeditav, madala allergeensusega<\/li>\n<li>Gluteenivaba, sojavaba ning ilma kunstlike v\u00e4rvi- ja s\u00e4ilitusaineteta<\/li>\n<li>Sobib k\u00f5ikidele t\u00f5ugudele ja suurustele, nii kutsikatele kui ka eakatele<\/li>\n<li>Lisatud lipotroopsed ained: toetavad maksa ainevahetusprotsesse ja v\u00e4hendavad rasva ladestumist maksas<\/li>\n<li>Koostatud pikaajaliseks kasutamiseks vastavalt loomaarsti soovitusele<\/li>\n<\/ul>\n<h3>Tehnilised andmed<\/h3>\n<ul>\n<li>P\u00f5himaitse: kana<\/li>\n<li>Pakk: 400 g metallpurk<\/li>\n<li>M\u00f5\u00f5tmed: 110 \u00d7 75 \u00d7 75 mm<\/li>\n<li>Kaal (koos pakendiga): 460 g<\/li>\n<li>Niiskusesisaldus: 77%<\/li>\n<li>Proteiin: 10%<\/li>\n<li>Rasv: 5%<\/li>\n<li>Toorkiud: 0,9%<\/li>\n<li>Toorvalk: 2%<\/li>\n<li>S\u00fcsivesikud: ca 5,1%<\/li>\n<li>Energeetiline v\u00e4\u00e4rtus: ca 954 kcal\/kg<\/li>\n<li>Pakendi t\u00fc\u00fcp: konservipurk<\/li>\n<li>EAN: 8716811001588<\/li>\n<\/ul>\n<h3>Kasutamisjuhised<\/h3>\n<p>Kasutada ainult loomaarsti soovitusel. Soovitatav esmane kasutusperiood on kuni 6 kuud maksafunktsiooni toetuse v\u00f5i vase ainevahetuse h\u00e4irete korral. Sobilik ka pikemaks toitmiseks vastavalt veterinaari juhendile. Serveerida toatemperatuuril. Avatud konservi hoida k\u00fclmikus ja kasutada \u00e4ra 48 tunni jooksul. J\u00e4lgige, et koeral oleks alati v\u00e4rske vesi saadaval. Annustamine s\u00f5ltub koera kehakaalust ning veterinaari m\u00e4\u00e4ratud dieediplaanist.<\/p>\n<h3>Lisainfo ja eelised<\/h3>\n<ul>\n<li>Sobib igas eluetapis koerale (junior, adult, senior)<\/li>\n<li>Portjonisuurus: 400 g<\/li>\n<li>Veterinaarne retsept \u2013 spetsiaalne toit maksa toetuseks, lipotroopsete ainete ja madala vase sisaldusega<\/li>\n<li>S\u00e4ilitusainete vaba, gluteenivaba, sojavaba ning ilma kunstlike lisanditeta<\/li>\n<li>M\u00f5eldud igas suuruses t\u00f5ule (2\u201380 kg)<\/li>\n<\/ul>\n<h3>Kvaliteet ja usaldusv\u00e4\u00e4rsus<\/h3>\n<p>TROVET on rahvusvaheliselt tunnustatud veterinaarbr\u00e4nd, mis toodab kliinilisi dieettoite k\u00f5rge kvaliteedikontrolli all. K\u00f5ik koostisosad l\u00e4bivad p\u00f5hjaliku valiku ja kontrolli, tagades toidu ohutuse, tervislikkuse ning efektiivsuse. Toode vastab k\u00f5igile olulistele standarditele ja sobib ka pikaajaliseks kasutamiseks vastavalt loomaarsti soovitusele.<\/p>\n","protected":false},"excerpt":{"rendered":"<p>TROVET Hepatic HLD Chicken on gluteenivaba veterinaardieet koertele, mis toetab maksa t\u00f6\u00f6d ning sobib maksahaiguse korral igas suuruses koertele. 400 g kanamaitseline m\u00e4rgtoit sisaldab lipotroopseid aineid ning sobib pikaajaliseks kasutamiseks.<\/p>\n","protected":false},"featured_media":259784,"comment_status":"open","ping_status":"closed","template":"","meta":[],"product_brand":[7151],"product_cat":[8796,8797],"product_tag":[],"class_list":{"0":"post-259785","1":"product","2":"type-product","3":"status-publish","4":"has-post-thumbnail","6":"product_brand-trovet","7":"product_cat-margtoit-ja-konservid-koertele","8":"product_cat-veterinaarne-margtoit-koertele","9":"product_shipping_class-action","10":"pa_annustamise-vorm-tahke","11":"pa_gluteenivaba-jah","12":"pa_ilma-kunstlike-varvideta-jah","13":"pa_ilma-kunstlisete-lisanditeta-jah","14":"pa_kaaluvahemik-201-g-499-g","15":"pa_koeratoug-koik-toud","16":"pa_lemmiku-eluetapp-eakad","17":"pa_lemmiku-eluetapp-kassipojad","18":"pa_lemmiku-eluetapp-taiskasvanud","19":"pa_lemmiku-vajadused-maksahaigus","20":"pa_lemmiku-vanus-noor","21":"pa_lemmiku-vanus-senior","22":"pa_lemmiku-vanus-taiskasvanu","23":"pa_lisafunktsioonid-eakatele","24":"pa_lisafunktsioonid-gluteenivaba","25":"pa_lisafunktsioonid-haige-maks","26":"pa_loomaliik-koer","27":"pa_niiskuse-sisaldus-8852","28":"pa_pakendi-tuup-purk","29":"pa_pohimaitse-kana","30":"pa_portsjoni-suurus-400-g","31":"pa_proteiin-7313","32":"pa_rasva-sisaldus-8801","33":"pa_sailitusaineteta-jah","34":"pa_sobib-koer","35":"pa_sobivus-koerale","36":"pa_sojavaba-jah","37":"pa_suhkruvaba-andmed-puuduvad","38":"pa_tervisemoju-maksakaitse","39":"pa_toorkiud-10728","40":"pa_toorvalk-2-2","41":"pa_tou-suurus-igas-suuruses-2-80kg","43":"first","44":"instock","45":"taxable","46":"shipping-taxable","47":"purchasable","48":"product-type-simple"},"_links":{"self":[{"href":"https:\/\/blankpage.ee\/_ruumist-ruumi\/wp-json\/wp\/v2\/product\/259785","targetHints":{"allow":["GET"]}}],"collection":[{"href":"https:\/\/blankpage.ee\/_ruumist-ruumi\/wp-json\/wp\/v2\/product"}],"about":[{"href":"https:\/\/blankpage.ee\/_ruumist-ruumi\/wp-json\/wp\/v2\/types\/product"}],"replies":[{"embeddable":true,"href":"https:\/\/blankpage.ee\/_ruumist-ruumi\/wp-json\/wp\/v2\/comments?post=259785"}],"wp:featuredmedia":[{"embeddable":true,"href":"https:\/\/blankpage.ee\/_ruumist-ruumi\/wp-json\/wp\/v2\/media\/259784"}],"wp:attachment":[{"href":"https:\/\/blankpage.ee\/_ruumist-ruumi\/wp-json\/wp\/v2\/media?parent=259785"}],"wp:term":[{"taxonomy":"product_brand","embeddable":true,"href":"https:\/\/blankpage.ee\/_ruumist-ruumi\/wp-json\/wp\/v2\/product_brand?post=259785"},{"taxonomy":"product_cat","embeddable":true,"href":"https:\/\/blankpage.ee\/_ruumist-ruumi\/wp-json\/wp\/v2\/product_cat?post=259785"},{"taxonomy":"product_tag","embeddable":true,"href":"https:\/\/blankpage.ee\/_ruumist-ruumi\/wp-json\/wp\/v2\/product_tag?post=259785"}],"curies":[{"name":"wp","href":"https:\/\/api.w.org\/{rel}","templated":true}]}}