{"id":260023,"date":"2025-08-11T08:50:35","date_gmt":"2025-08-11T08:50:35","guid":{"rendered":"https:\/\/ruumistruumi.ee\/pood\/royal-canin-chihuahua-adult-12x85g-linnulihaga-margtoit-vaikest-tougu-taiskasvanud-koertele\/"},"modified":"2025-08-21T08:21:52","modified_gmt":"2025-08-21T08:21:52","slug":"royal-canin-chihuahua-adult-12x85g-linnulihaga-margtoit-vaikest-tougu-taiskasvanud-koertele","status":"publish","type":"product","link":"https:\/\/blankpage.ee\/_ruumist-ruumi\/pood\/royal-canin-chihuahua-adult-12x85g-linnulihaga-margtoit-vaikest-tougu-taiskasvanud-koertele\/","title":{"rendered":"Royal Canin Chihuahua Adult 12x85g linnulihaga m\u00e4rgtoit v\u00e4ikest t\u00f5ugu t\u00e4iskasvanud koertele"},"content":{"rendered":"<h3>Royal Canin Chihuahua Adult 12x85g linnulihaga m\u00e4rgtoit v\u00e4ikest t\u00f5ugu t\u00e4iskasvanud koertele<\/h3>\n<p>Royal Canin Chihuahua m\u00e4rgtoit on spetsiaalselt v\u00e4lja t\u00f6\u00f6tatud v\u00e4ikest t\u00f5ugu t\u00e4iskasvanud koertele (1\u20138-aastastele chihuahuadele), kelle kaal j\u00e4\u00e4b vahemikku 1\u20131,9 kg. Toode pakub t\u00e4isv\u00e4\u00e4rtuslikku ja tasakaalustatud toitu, toetades lemmiku \u00fcldist tervist, s\u00f6\u00f6giisu ja karvkatte heaolu. T\u00e4nu praktilisele 85 g portsjonipakile on toidu serveerimine mugav ning iga portsjon p\u00fcsib v\u00e4rske. Pakendis on kokku 12 portsjonit.<\/p>\n<h3>Peamised omadused<\/h3>\n<ul>\n<li>Kohandatud koostis v\u00e4ikest t\u00f5ugu t\u00e4iskasvanud chihuahuade vajadustele<\/li>\n<li>V\u00e4ga h\u00e4sti seeditav ning aitab v\u00e4hendada v\u00e4ljaheidete l\u00f5hna ja kogust<\/li>\n<li>Rikastatud oomega-3-rasvhapete ja biotiiniga, toetab naha ning karvkatte tervist<\/li>\n<li>Suurendab isu t\u00e4nu m\u00f5nusale tekstuurile ja maitsele, sobib ka valivale koerale<\/li>\n<li>Kerge serveerida \u2013 \u00fche portsjoni pakendid tagavad v\u00e4rskuse ja lihtsa doseerimise<\/li>\n<li>Sobib kasutamiseks eraldi v\u00f5i kombineeritult Royal Canin Chihuahua kuivtoiduga<\/li>\n<\/ul>\n<h3>Tehnilised andmed<\/h3>\n<ul>\n<li>P\u00f5himaitse: linnuliha<\/li>\n<li>Pakendi t\u00fc\u00fcp: 12 x 85 g portsjonipakid (sachet)<\/li>\n<li>Niiskusesisaldus: 79%<\/li>\n<li>Proteiinisisaldus: 8,5%<\/li>\n<li>Rasvasisaldus: 5,6%<\/li>\n<li>Toorvalk: 2,1%<\/li>\n<li>Toorkiud: 1,4%<\/li>\n<li>Paki kaal: 1171 g<\/li>\n<li>Paki m\u00f5\u00f5dud: 195 x 145 x 100 mm<\/li>\n<li>Sobivus: t\u00e4iskasvanud chihuahua t\u00f5ugu koertele, kehakaal 1\u20131,9 kg<\/li>\n<li>S\u00e4ilitamine: hoida kuivas ja jahedas, kasutada enne s\u00e4ilivusaja l\u00f5ppu<\/li>\n<\/ul>\n<h3>Kasutamisjuhised<\/h3>\n<p>Toit tuleb serveerida toatemperatuuril. J\u00e4rgige pakendil olevat p\u00e4evast annustamissoovitust vastavalt koera kehakaalule \u2013 n\u00e4iteks 1 kg kaaluv chihuahua vajab umbes 1,5 portsjonit p\u00e4evas, 2 kg koerale sobib 2,5 portsjonit ja 3 kg koerale 3 portsjonit p\u00e4evas. Puhas joogivesi peab olema alati saadaval. M\u00e4rgtoitu v\u00f5ib anda eraldi v\u00f5i kombineerida Royal Canin Chihuahua kuivtoiduga vastavalt koera eelistustele ja vajadustele.<\/p>\n<h3>Miks valida just see m\u00e4rgtoit?<\/h3>\n<p>Royal Canin Chihuahua m\u00e4rgtoit eristub oma t\u00f5uspetsiifilise retsepti poolest, mis arvestab v\u00e4ikse kehaga koera seedimist, maitseeelistusi ja karvkatte vajadusi. M\u00e4rgtoit sobib eriti n\u00f5udliku isuga chihuahuadele ning toetab regulaarset soolte t\u00f6\u00f6d ja aitab v\u00e4hendada ebameeldivat l\u00f5hna kodus. Lisaks on portsjonpakendid mugavad nii reisimisel kui ka igap\u00e4evaelus ning aitavad v\u00e4ltida toiduj\u00e4\u00e4tmeid.<\/p>\n<h3>P\u00fcsiv kvaliteet ja garantii<\/h3>\n<p>Royal Canin kasutab ainult kvaliteetseid koostisosi, mille ohutus ja sobivus on laboratoorselt kontrollitud. Toodet tuleb s\u00e4ilitada kuivades ja jahedates tingimustes, kasutada enne m\u00e4rgitud s\u00e4ilivusaja l\u00f5ppu.<\/p>\n<h3>Komplektis sisaldub<\/h3>\n<ul>\n<li>12 x 85 g portsjonipakki Royal Canin Chihuahua Adult m\u00e4rgtoitu<\/li>\n<\/ul>\n<p>Lisatarvikuid pole vaja \u2013 k\u00f5ik vajalik on kohe kasutamiseks kaasas.<\/p>\n<h3>Kas see toode on oma hinda v\u00e4\u00e4rt?<\/h3>\n<p>Kombineerides Royal Canini t\u00f5uspetsiifilise koostise, mugava pakendilahenduse ja t\u00e4pse annustamisjuhendi, on see m\u00e4rgtoit kindel valik v\u00e4ikest kasvu t\u00e4iskasvanud chihuahuadele, pakkudes pikaajalist kasu tervisele ja heaolule. See on asjakohane ja praktiline valik sinu lemmiku tasakaalustatud toidulauale.<\/p>\n","protected":false},"excerpt":{"rendered":"<p>Royal Canin Chihuahua Adult m\u00e4rgtoit on spetsiaalselt v\u00e4ikest t\u00f5ugu t\u00e4iskasvanud koertele m\u00f5eldud linnulihaga t\u00e4isv\u00e4\u00e4rtuslik toit, mis toetab karvkatte tervist ja seedimist. Pakendis on 12 x 85 g portsjonit.<\/p>\n","protected":false},"featured_media":260022,"comment_status":"open","ping_status":"closed","template":"","meta":[],"product_brand":[7146],"product_cat":[8796],"product_tag":[],"class_list":{"0":"post-260023","1":"product","2":"type-product","3":"status-publish","4":"has-post-thumbnail","6":"product_brand-royal-canin","7":"product_cat-margtoit-ja-konservid-koertele","8":"product_shipping_class-action","9":"pa_hoiatused-hoida-kuivas-ja-jahedas-kohas","10":"pa_hoiatused-kasutada-enne-sailivusaja-loppu","11":"pa_hoiatused-mitte-kasutada-inimese-toiduks","12":"pa_kaaluvahemik-1-kg-19-kg","13":"pa_kogus-9100","14":"pa_lemmiku-eluetapp-eakad","15":"pa_lemmiku-eluetapp-taiskasvanud","16":"pa_lemmiku-vanus-taiskasvanud","17":"pa_lisafunktsioonid-uldine-tervis","18":"pa_mahutavus-85-g","19":"pa_niiskuse-sisaldus-8813","20":"pa_pakendi-tuup-pakendipakend","21":"pa_pohimaitse-linnuliha","22":"pa_proteiin-10807","23":"pa_rasva-sisaldus-11259","24":"pa_seeria-royal-canin-toutervislik-toitumine","25":"pa_sobivus-koerale","26":"pa_toorkiud-7776","27":"pa_toorvalk-10775","28":"pa_tou-suurus-vaike-toug-5-10-kg","30":"first","31":"instock","32":"taxable","33":"shipping-taxable","34":"purchasable","35":"product-type-simple"},"_links":{"self":[{"href":"https:\/\/blankpage.ee\/_ruumist-ruumi\/wp-json\/wp\/v2\/product\/260023","targetHints":{"allow":["GET"]}}],"collection":[{"href":"https:\/\/blankpage.ee\/_ruumist-ruumi\/wp-json\/wp\/v2\/product"}],"about":[{"href":"https:\/\/blankpage.ee\/_ruumist-ruumi\/wp-json\/wp\/v2\/types\/product"}],"replies":[{"embeddable":true,"href":"https:\/\/blankpage.ee\/_ruumist-ruumi\/wp-json\/wp\/v2\/comments?post=260023"}],"wp:featuredmedia":[{"embeddable":true,"href":"https:\/\/blankpage.ee\/_ruumist-ruumi\/wp-json\/wp\/v2\/media\/260022"}],"wp:attachment":[{"href":"https:\/\/blankpage.ee\/_ruumist-ruumi\/wp-json\/wp\/v2\/media?parent=260023"}],"wp:term":[{"taxonomy":"product_brand","embeddable":true,"href":"https:\/\/blankpage.ee\/_ruumist-ruumi\/wp-json\/wp\/v2\/product_brand?post=260023"},{"taxonomy":"product_cat","embeddable":true,"href":"https:\/\/blankpage.ee\/_ruumist-ruumi\/wp-json\/wp\/v2\/product_cat?post=260023"},{"taxonomy":"product_tag","embeddable":true,"href":"https:\/\/blankpage.ee\/_ruumist-ruumi\/wp-json\/wp\/v2\/product_tag?post=260023"}],"curies":[{"name":"wp","href":"https:\/\/api.w.org\/{rel}","templated":true}]}}