{"id":260050,"date":"2025-08-11T09:10:02","date_gmt":"2025-08-11T09:10:02","guid":{"rendered":"https:\/\/ruumistruumi.ee\/pood\/brit-pate-meat-rabbit-800-g-teraviljavaba-margtoit-kuuliku-ja-kanaga-taiskasvanud-koertele\/"},"modified":"2025-08-21T08:21:26","modified_gmt":"2025-08-21T08:21:26","slug":"brit-pate-meat-rabbit-800-g-teraviljavaba-margtoit-kuuliku-ja-kanaga-taiskasvanud-koertele","status":"publish","type":"product","link":"https:\/\/blankpage.ee\/_ruumist-ruumi\/pood\/brit-pate-meat-rabbit-800-g-teraviljavaba-margtoit-kuuliku-ja-kanaga-taiskasvanud-koertele\/","title":{"rendered":"Brit Pat\u00e9 &amp; Meat Rabbit 800 g teraviljavaba m\u00e4rgtoit k\u00fc\u00fcliku ja kanaga t\u00e4iskasvanud koertele"},"content":{"rendered":"<h3>Brit Pat\u00e9 &amp; Meat Rabbit 800 g teraviljavaba m\u00e4rgtoit k\u00fc\u00fcliku ja kanaga t\u00e4iskasvanud koertele<\/h3>\n<p>Brit Pat\u00e9 &amp; Meat Rabbit 800 g on t\u00e4isv\u00e4\u00e4rtuslik m\u00e4rgtoit, mis pakub t\u00e4iskasvanud koertele suurep\u00e4rast maitset ja toitev\u00e4\u00e4rtust. K\u00fc\u00fcliku- ning kanaliha t\u00fckid, kombineerituna puhta pat\u00e9&#8217;ga, sobivad igas suuruses koertele ja muudavad selle toote sobivaks ka valivatele lemmikutele. Sobib igap\u00e4evaseks toitmiseks, parandab toidu omastamist ning toetab koera \u00fcldist tervist \u2013 eriti sobilik toiduallergiatega v\u00f5i tundliku seedimisega koertele t\u00e4nu teraviljavabale koostisele.<\/p>\n<h3>Peamised omadused<\/h3>\n<ul>\n<li>K\u00f5rge lihasisaldus: sisaldab t\u00f5elisi k\u00fc\u00fcliku- ja kanaliha t\u00fckke ning siseorganeid<\/li>\n<li>Teraviljavaba: sobib toiduallergiatega v\u00f5i tundliku seedimisega koertele<\/li>\n<li>Sobib k\u00f5ikidele t\u00e4iskasvanud koerat\u00f5ugudele ja suurustele (2\u201380 kg)<\/li>\n<li>Rikas oluliste vitamiinide ja mineraalainete poolest (E-vitamiin, D3-vitamiin, tsink, raud, biotiin, mangaan, vask, jood)<\/li>\n<li>P\u00f5himaitsed: k\u00fc\u00fclik ja kana<\/li>\n<li>S\u00e4ilitusainete, kunstlike v\u00e4rvainete ja GMO-vaba koostis<\/li>\n<li>Ei sisalda soja<\/li>\n<li>Sobib ka kuivtoidu lisandiks v\u00f5i niisutamiseks<\/li>\n<\/ul>\n<h3>Tehnilised andmed<\/h3>\n<ul>\n<li>Pakendi suurus: 800 g konserv (kaaluvahemik: 500\u2013999 g)<\/li>\n<li>M\u00f5\u00f5dud: 101 \u00d7 118 \u00d7 101 mm<\/li>\n<li>Toote kaal koos pakendiga: 901 g<\/li>\n<li>Koostis: k\u00fc\u00fclikuliha, kanaliha, hernet\u00e4rklis, l\u00f5he\u00f5li, vitamiinid ja mineraalid<\/li>\n<li>Niiskusesisaldus: 78%<\/li>\n<li>Valgud: 8% | Toorvalk: 3,5%<\/li>\n<li>Rasv: 4%<\/li>\n<li>Toorkiud: 0,5%<\/li>\n<li>Energia: 910 kcal\/kg<\/li>\n<li>D3-vitamiin: 250 IU\/kg | E-vitamiin: 100 mg\/kg | Tsink: 15 mg\/kg | Raud: 10 mg\/kg | Biotiin: 200 \u03bcg\/kg | Mangaan: 3 mg\/kg | Jood: 0,75 mg\/kg | Vask: 0,5 mg\/kg<\/li>\n<li>Portsjoni suurus: 400 g<\/li>\n<li>Pakendi t\u00fc\u00fcp: konservpurk<\/li>\n<li>EAN: 8595602557547<\/li>\n<\/ul>\n<h3>Kasutusjuhised<\/h3>\n<p>Serveeri Brit Pat\u00e9 &amp; Meat Rabbit m\u00e4rgtoitu toatemperatuuril. P\u00e4evane toidukogus s\u00f5ltub koera kehakaalust, aktiivsusest ja elustiilist. Kui annad m\u00e4rgtoitu kuivtoidu lisandina, v\u00e4henda vastavalt kuivtoidu kogust. Avatud toode hoia alati k\u00fclmkapis ja tarbi \u00e4ra m\u00f5ne p\u00e4eva jooksul. S\u00e4ilita konservi kuivas ja jahedas kohas ning tarbi enne pakendil m\u00e4rgitud aegumiskuup\u00e4eva. Mitte tarvitada inimestel. Tagada koerale ligip\u00e4\u00e4s v\u00e4rskele joogiveele.<\/p>\n<h3>Miks valida just see toode?<\/h3>\n<p>Brit Pat\u00e9 &amp; Meat Rabbit 800 g m\u00e4rgtoit on praktiline valik igale koeraomanikule, kes hindab kvaliteeti ja lihtsat serveerimist. Toode aitab rikastada koera men\u00fc\u00fcd valguga ning toetab naha, karvkatte ja seedimise tervist. T\u00e4nu k\u00f5rgele lihasisaldusele ja teraviljavabale koostisele sobib toode h\u00e4sti ka toiduallergiatega koertele. K\u00f5ik vajalik on \u00fches purgis \u2013 hea hinna ja kvaliteedi suhe.<\/p>\n<h3>Komplektis sisaldub<\/h3>\n<ul>\n<li>800 g Brit Pat\u00e9 &amp; Meat Rabbit m\u00e4rgtoitu konservpurgis<\/li>\n<\/ul>\n<p>Lisa tarvikuid pole vaja \u2013 ava ja serveeri oma lemmikule!<\/p>\n","protected":false},"excerpt":{"rendered":"<p>Brit Pat\u00e9 &amp; Meat Rabbit 800 g teraviljavaba m\u00e4rgtoit sobib k\u00f5ikidele t\u00e4iskasvanud koertele, pakkudes maitsvat k\u00fc\u00fcliku- ja kanalihast valmistatud toitu.<\/p>\n","protected":false},"featured_media":260049,"comment_status":"open","ping_status":"closed","template":"","meta":[],"product_brand":[7179],"product_cat":[8796],"product_tag":[],"class_list":{"0":"post-260050","1":"product","2":"type-product","3":"status-publish","4":"has-post-thumbnail","6":"product_brand-brit","7":"product_cat-margtoit-ja-konservid-koertele","8":"product_shipping_class-action","9":"pa_annustamise-vorm-tahke","10":"pa_biotiini-sisaldus-200-g-kg","11":"pa_d3-vitamiini-sisaldus-250-iu-kg","12":"pa_e-vitamiini-sisaldus-100-mg-kg","13":"pa_gluteenivaba-andmed-puuduvad","14":"pa_hoiatused-hoida-kuivas-ja-jahedas-kohas","15":"pa_hoiatused-kasutada-enne-aegumiskuupaeva","16":"pa_hoiatused-mitte-kasutada-inimtoiduks","17":"pa_ilma-kunstlike-varvideta-andmed-puuduvad","18":"pa_ilma-kunstlisete-lisanditeta-andmed-puuduvad","19":"pa_joodi-sisaldus-075-mg-kg","20":"pa_kaaluvahemik-500-g-999-g","21":"pa_koeratoug-koik-toud","22":"pa_laktoosivaba-andmed-puuduvad","23":"pa_lemmiku-eluetapp-eakad","24":"pa_lemmiku-eluetapp-taiskasvanud","25":"pa_lemmiku-vajadused-puuduvad-erilised-vajadused","26":"pa_lemmiku-vanus-taiskasvanu","27":"pa_lisafunktsioonid-teraviljavaba","28":"pa_lisafunktsioonid-toidutundlikkus","29":"pa_lisafunktsioonid-uldine-tervis","30":"pa_loomaliik-koer","31":"pa_mangaani-sisaldus-3-mg-kg","32":"pa_niiskuse-sisaldus-7279","33":"pa_pakendi-tuup-purk","34":"pa_pohimaitse-kana","35":"pa_pohimaitse-kuulik","36":"pa_portsjoni-suurus-400-g","37":"pa_proteiin-7247","38":"pa_rasva-sisaldus-7260","39":"pa_raua-sisaldus-10-mg-kg","40":"pa_sailitusaineteta-andmed-puuduvad","41":"pa_sobib-koer","42":"pa_sobivus-koerale","43":"pa_suhkruvaba-andmed-puuduvad","44":"pa_tervisemoju-uldine-tervis","45":"pa_toorkiud-10768","46":"pa_toorvalk-10828","47":"pa_tootetuup-margtoit","48":"pa_tou-suurus-igas-suuruses-2-80-kg-3","49":"pa_tsingi-sisaldus-15-mg-kg","50":"pa_vase-sisaldus-050-mg-kg","52":"first","53":"outofstock","54":"taxable","55":"shipping-taxable","56":"purchasable","57":"product-type-simple"},"_links":{"self":[{"href":"https:\/\/blankpage.ee\/_ruumist-ruumi\/wp-json\/wp\/v2\/product\/260050","targetHints":{"allow":["GET"]}}],"collection":[{"href":"https:\/\/blankpage.ee\/_ruumist-ruumi\/wp-json\/wp\/v2\/product"}],"about":[{"href":"https:\/\/blankpage.ee\/_ruumist-ruumi\/wp-json\/wp\/v2\/types\/product"}],"replies":[{"embeddable":true,"href":"https:\/\/blankpage.ee\/_ruumist-ruumi\/wp-json\/wp\/v2\/comments?post=260050"}],"wp:featuredmedia":[{"embeddable":true,"href":"https:\/\/blankpage.ee\/_ruumist-ruumi\/wp-json\/wp\/v2\/media\/260049"}],"wp:attachment":[{"href":"https:\/\/blankpage.ee\/_ruumist-ruumi\/wp-json\/wp\/v2\/media?parent=260050"}],"wp:term":[{"taxonomy":"product_brand","embeddable":true,"href":"https:\/\/blankpage.ee\/_ruumist-ruumi\/wp-json\/wp\/v2\/product_brand?post=260050"},{"taxonomy":"product_cat","embeddable":true,"href":"https:\/\/blankpage.ee\/_ruumist-ruumi\/wp-json\/wp\/v2\/product_cat?post=260050"},{"taxonomy":"product_tag","embeddable":true,"href":"https:\/\/blankpage.ee\/_ruumist-ruumi\/wp-json\/wp\/v2\/product_tag?post=260050"}],"curies":[{"name":"wp","href":"https:\/\/api.w.org\/{rel}","templated":true}]}}