{"id":260054,"date":"2025-08-11T09:13:32","date_gmt":"2025-08-11T09:13:32","guid":{"rendered":"https:\/\/ruumistruumi.ee\/pood\/brit-pate-meat-800-g-kalkuni-ja-kanaliha-teraviljavaba-margtoit-taiskasvanud-koertele\/"},"modified":"2025-08-20T13:13:36","modified_gmt":"2025-08-20T13:13:36","slug":"brit-pate-meat-800-g-kalkuni-ja-kanaliha-teraviljavaba-margtoit-taiskasvanud-koertele","status":"publish","type":"product","link":"https:\/\/blankpage.ee\/_ruumist-ruumi\/pood\/brit-pate-meat-800-g-kalkuni-ja-kanaliha-teraviljavaba-margtoit-taiskasvanud-koertele\/","title":{"rendered":"Brit Pat\u00e9 &amp; Meat 800 g kalkuni- ja kanaliha teraviljavaba m\u00e4rgtoit t\u00e4iskasvanud koertele"},"content":{"rendered":"<h3>Brit Pat\u00e9 &amp; Meat 800 g kalkuni- ja kanaliha teraviljavaba m\u00e4rgtoit t\u00e4iskasvanud koertele<\/h3>\n<p>Brit Pat\u00e9 &amp; Meat with Turkey on t\u00e4isv\u00e4\u00e4rtuslik m\u00e4rgtoit, mis sobib igas suuruses ja igat t\u00f5ugu t\u00e4iskasvanud koertele. Selle toidu p\u00f5hikoostiseks on k\u00f5rge kvaliteediga kalkuni- ja kanaliha ning terved siseelundid, t\u00e4nu millele saab neljajalgne s\u00f5ber maitsva, toitva ning kergesti seeditava igap\u00e4evatoidu. Toode on t\u00e4iesti teraviljavaba, ei sisalda kunstlikke v\u00e4rvaineid, s\u00e4ilitusaineid, suhkruid ega laktoosi, mist\u00f5ttu sobib h\u00e4sti ka tundliku seedimise v\u00f5i allergiatega koertele.<\/p>\n<h3>Peamised omadused<\/h3>\n<ul>\n<li>K\u00f5rge lihasisaldus: 70% kalkuni- ja kanaliha koos tervikliku kanamaksa, s\u00fcdame ja kopsudega<\/li>\n<li>Teraviljavaba, soja- ja GMO-vaba \u2013 sobib tundliku seedimisega koertele<\/li>\n<li>Sobib k\u00f5igile t\u00e4iskasvanud koerat\u00f5ugudele ning k\u00f5ikidele suurustele<\/li>\n<li>Toetab \u00fcldist tervist: sisaldab oomega-3 rasvhappeid, vitamiine ja mineraalaineid<\/li>\n<li>Ei sisalda kunstlikke v\u00e4rvaineid ega s\u00e4ilitusaineid<\/li>\n<li>Rikas biotiini, tsingi, raua ja E-vitamiini poolest, toetab naha, karvkatte ja immuuns\u00fcsteemi tervist<\/li>\n<li>Gluteeni- ja laktoosivaba<\/li>\n<li>Lihtsalt avatav ja mugav \u00fchekordne 800 g purk<\/li>\n<\/ul>\n<h3>Tehnilised andmed<\/h3>\n<ul>\n<li>Neto kaal: 800 g (pakendiga 890 g)<\/li>\n<li>P\u00f5himaitse: kalkun ja kana<\/li>\n<li>Toote m\u00f5\u00f5tmed: 100 \u00d7 119 \u00d7 100 mm<\/li>\n<li>Niiskusesisaldus: 75%<\/li>\n<li>Proteiin: 11%<\/li>\n<li>Rasvasisaldus: 9%<\/li>\n<li>Toorkiud: 0,4%<\/li>\n<li>Toortuhk: 6,5%<\/li>\n<li>Energia: 981 kcal\/kg<\/li>\n<li>Raud: 10 mg\/kg<\/li>\n<li>Tsink: 15 mg\/kg<\/li>\n<li>Vask: 0,5 mg\/kg<\/li>\n<li>Biotiin: 200 \u03bcg\/kg<\/li>\n<li>E-vitamiin: 100 mg\/kg<\/li>\n<li>D3-vitamiin: 250 IU\/kg<\/li>\n<li>Jood: 0,75 mg\/kg<\/li>\n<li>Mangaan: 3 mg\/kg<\/li>\n<li>P\u00e4ritolumaa: Euroopa<\/li>\n<li>P\u00e4evane annus s\u00f5ltub koera suurusest, aktiivsusest ja vajadustest<\/li>\n<li>EAN: 8595602557561<\/li>\n<li>Toote ID: DLZRITKMP0050<\/li>\n<\/ul>\n<h3>Kasutamisjuhised<\/h3>\n<p>Brit Pat\u00e9 &amp; Meat kalkuni-kanaga m\u00e4rgtoit koertele on m\u00f5eldud igap\u00e4evaseks t\u00e4istoiduks. Toitu v\u00f5ib anda nii eraldi kui segatuna kuivtoiduga, et parandada maitseelamust ja suurendada vedeliku tarbimist. Avatud konservi s\u00e4ilitada k\u00fclmkapis ja kasutada \u00e4ra 2 p\u00e4eva jooksul. \u00dclej\u00e4\u00e4nud konservid hoida jahedas ja kuivas. Annustamine tuleks kohandada koera kehalise aktiivsuse, vanuse ja \u00fcldise terviseseisundi j\u00e4rgi.<\/p>\n<p>Komplekt sisaldab 1 \u00d7 800 g purki.<\/p>\n<h3>Miks valida Brit Pat\u00e9 &amp; Meat m\u00e4rgtoit?<\/h3>\n<p>See kalkuni- ja kanaliha m\u00e4rgtoit on tasakaalustatud igap\u00e4evane toit sinu t\u00e4iskasvanud koerale. Sobib k\u00f5igile t\u00f5ugudele, tagab hea maitseelamuse ning toetab samal ajal koera tervist ja karvkatet ilma liigsete lisaainete ja teraviljadeta. Praktiline \u00fchekordne purk ning hea hinna ja kvaliteedi suhe teevad sellest sobiva valiku igale koeraomanikule.<\/p>\n","protected":false},"excerpt":{"rendered":"<p>Brit Pat\u00e9 &amp; Meat kalkuni-kanaga m\u00e4rgtoit on teraviljavaba t\u00e4istoit, mis sisaldab 70% liha ja siseelundeid ning sobib igas suuruses t\u00e4iskasvanud koertele.<\/p>\n","protected":false},"featured_media":260053,"comment_status":"open","ping_status":"closed","template":"","meta":[],"product_brand":[7179],"product_cat":[8796],"product_tag":[],"class_list":{"0":"post-260054","1":"product","2":"type-product","3":"status-publish","4":"has-post-thumbnail","6":"product_brand-brit","7":"product_cat-margtoit-ja-konservid-koertele","8":"product_shipping_class-action","9":"pa_annustamise-vorm-tahke","10":"pa_biotiini-sisaldus-200-g-kg","11":"pa_d3-vitamiini-sisaldus-250-iu-kg","12":"pa_e-vitamiini-sisaldus-100-mg-kg","13":"pa_gluteenivaba-jah","14":"pa_hoiatused-ei-ole-moeldud-inimtoiduks","15":"pa_hoiatused-hoida-kuivas-ja-jahedas","16":"pa_hoiatused-kasutada-enne-kolblikkusaja-loppu","17":"pa_ilma-kunstlike-varvideta-jah","18":"pa_ilma-kunstlisete-lisanditeta-jah","19":"pa_joodi-sisaldus-075-mg-kg","20":"pa_kaaluvahemik-500-g-999-g","21":"pa_koeratoug-koik-toud","22":"pa_laktoosivaba-jah","23":"pa_lemmiku-eluetapp-taiskasvanud","24":"pa_lemmiku-vajadused-pole-erivajadusi","25":"pa_lemmiku-vanus-taiskasvanu","26":"pa_lisafunktsioonid-teraviljavaba","27":"pa_lisafunktsioonid-uldine-tervis","28":"pa_loomaliik-koer","29":"pa_mangaani-sisaldus-3-mg-kg","30":"pa_niiskuse-sisaldus-75-2","31":"pa_pakendi-tuup-purk","32":"pa_pohimaitse-kalkun","33":"pa_pohimaitse-kana","34":"pa_portsjoni-suurus-800-g","35":"pa_proteiin-7301","36":"pa_rasva-sisaldus-8088","37":"pa_raua-sisaldus-10-mg-kg","38":"pa_sailitusaineteta-jah","39":"pa_sobib-koer","40":"pa_sobivus-koerale","41":"pa_suhkruvaba-jah","42":"pa_tervisemoju-uldine-tervis","43":"pa_toorkiud-10757","44":"pa_toorvalk-7857","45":"pa_tootetuup-margtoit","46":"pa_tou-suurus-sobib-koikidele-tougudele","47":"pa_tsingi-sisaldus-15-mg-kg","48":"pa_vase-sisaldus-050-mg-kg","50":"first","51":"instock","52":"taxable","53":"shipping-taxable","54":"purchasable","55":"product-type-simple"},"_links":{"self":[{"href":"https:\/\/blankpage.ee\/_ruumist-ruumi\/wp-json\/wp\/v2\/product\/260054","targetHints":{"allow":["GET"]}}],"collection":[{"href":"https:\/\/blankpage.ee\/_ruumist-ruumi\/wp-json\/wp\/v2\/product"}],"about":[{"href":"https:\/\/blankpage.ee\/_ruumist-ruumi\/wp-json\/wp\/v2\/types\/product"}],"replies":[{"embeddable":true,"href":"https:\/\/blankpage.ee\/_ruumist-ruumi\/wp-json\/wp\/v2\/comments?post=260054"}],"wp:featuredmedia":[{"embeddable":true,"href":"https:\/\/blankpage.ee\/_ruumist-ruumi\/wp-json\/wp\/v2\/media\/260053"}],"wp:attachment":[{"href":"https:\/\/blankpage.ee\/_ruumist-ruumi\/wp-json\/wp\/v2\/media?parent=260054"}],"wp:term":[{"taxonomy":"product_brand","embeddable":true,"href":"https:\/\/blankpage.ee\/_ruumist-ruumi\/wp-json\/wp\/v2\/product_brand?post=260054"},{"taxonomy":"product_cat","embeddable":true,"href":"https:\/\/blankpage.ee\/_ruumist-ruumi\/wp-json\/wp\/v2\/product_cat?post=260054"},{"taxonomy":"product_tag","embeddable":true,"href":"https:\/\/blankpage.ee\/_ruumist-ruumi\/wp-json\/wp\/v2\/product_tag?post=260054"}],"curies":[{"name":"wp","href":"https:\/\/api.w.org\/{rel}","templated":true}]}}