{"id":260129,"date":"2025-08-11T10:07:24","date_gmt":"2025-08-11T10:07:24","guid":{"rendered":"https:\/\/ruumistruumi.ee\/pood\/farmina-vet-life-gastrointestinal-300-g-kanaliha-dieetmargtoit-taiskasvanud-ja-eakatele-koertele-soolestiku-ning-kohunaarme-toetuseks\/"},"modified":"2025-08-21T08:19:22","modified_gmt":"2025-08-21T08:19:22","slug":"farmina-vet-life-gastrointestinal-300-g-kanaliha-dieetmargtoit-taiskasvanud-ja-eakatele-koertele-soolestiku-ning-kohunaarme-toetuseks","status":"publish","type":"product","link":"https:\/\/blankpage.ee\/_ruumist-ruumi\/pood\/farmina-vet-life-gastrointestinal-300-g-kanaliha-dieetmargtoit-taiskasvanud-ja-eakatele-koertele-soolestiku-ning-kohunaarme-toetuseks\/","title":{"rendered":"Farmina Vet Life Gastrointestinal 300 g kanaliha dieetm\u00e4rgtoit t\u00e4iskasvanud ja eakatele koertele soolestiku ning k\u00f5hun\u00e4\u00e4rme toetuseks"},"content":{"rendered":"<h3>Farmina Vet Life Gastrointestinal 300 g kanaliha dieetm\u00e4rgtoit t\u00e4iskasvanud ja eakatele koertele<\/h3>\n<p>Farmina Vet Life Diet DOG Gastrointestinal 300 g on spetsiaalselt koostatud dieetm\u00e4rgtoit, mis on m\u00f5eldud igas suuruses t\u00e4iskasvanud ja eakatele koertele seedetrakti h\u00e4irete, sealhulgas soolestiku imendumish\u00e4irete ja eksokriinse k\u00f5hun\u00e4\u00e4rme puudulikkuse leevendamiseks. Toit aitab v\u00e4hendada \u00e4gedaid soolestiku h\u00e4ireid ning toetab kiiremat taastumist, pakkudes kergesti seeditavat ja seedimist ning k\u00f5hun\u00e4\u00e4rme t\u00f6\u00f6d toetavat koostist.<\/p>\n<h3>Peamised omadused<\/h3>\n<ul>\n<li>Veterinaarne dieettoit, mis toetab seedetrakti t\u00f6\u00f6d ja aitab kaasa toitainete paremale imendumisele.<\/li>\n<li>Kanaliha ja bataadiga, sobib koertele, kellel esineb toidutalumatus v\u00f5i allergia teraviljade suhtes.<\/li>\n<li>Gluteenivaba, ei sisalda sojat, suhkrut, kunstlikke v\u00e4rv- ega s\u00e4ilitusaineid.<\/li>\n<li>Sobib igas suuruses koertele (2\u201380 kg) ning nii t\u00e4iskasvanud kui eakatele lemmikutele.<\/li>\n<li>Toetab soolestiku normaalset talitlust ja aitab kaasa organismi vedelikutasakaalu s\u00e4ilitamisele.<\/li>\n<li>Sisaldab vitamiine D3, A, E ning olulisi mineraale (raud, tsink, vask, mangaan).<\/li>\n<li>Suunatud k\u00f5hun\u00e4\u00e4rme ja seedetrakti funktsioonide toetamisele.<\/li>\n<\/ul>\n<h3>Tehnilised andmed<\/h3>\n<ul>\n<li>Kogus: 300 g (konserv, pakendi t\u00fc\u00fcp: purk)<\/li>\n<li>M\u00f5\u00f5tmed: 74 x 83 x 74 mm<\/li>\n<li>Kogukaal koos pakendiga: 350 g<\/li>\n<li>Niiskusesisaldus: 70,8%<\/li>\n<li>Proteiin: 8,9% | Rasv: 4% | Toorkiud: 0,2% | Fosfor: 0,2% | Kaltsium: 0,27%<\/li>\n<li>Raua sisaldus: 53 mg\/kg | Tsingi sisaldus: 280 mg\/kg | Vase sisaldus: 19 mg\/kg | Mangaani sisaldus: 114 mg\/kg<\/li>\n<li>P\u00f5himaitse: kana ja bataat<\/li>\n<li>Gluteenivaba, sojavaba, kunstlike s\u00e4ilitus- ja v\u00e4rvaineteta<\/li>\n<li>Seeria: Farmina Vet Life<\/li>\n<li>EAN: 8606014102796<\/li>\n<\/ul>\n<h3>Kasutusjuhised<\/h3>\n<p>Paku Farmina Vet Life Gastrointestinal toitu koerale vastavalt loomaarsti soovitustele ning tema kehamassi ja tervisliku seisundi j\u00e4rgi. Toit on sobilik igas suuruses ja igale t\u00f5ule t\u00e4iskasvanud ja eakale koerale, nii ajutiseks kui vajadusel pikemaks ravitoiduks, toetades taastumist seedetrakti haiguste korral.<\/p>\n<p>V\u00e4rske joogivesi peab olema alati saadaval. Avatud pakk s\u00e4ilib k\u00fclmkapis kuni 24 tundi. Hoida pakend suletuna jahedas ning kuivas kohas, eemal otsesest p\u00e4ikesevalgusest. Raviotstarbelise toidu kasutamisel konsulteerige alati eelnevalt loomaarstiga.<\/p>\n<h3>Miks valida Farmina Vet Life Gastrointestinal?<\/h3>\n<ul>\n<li>Usaldusv\u00e4\u00e4rne veterinaarne dieettoit, mis p\u00f5hineb teaduslikel alustel ja veterinaarkontrollil.<\/li>\n<li>K\u00f5rge seeduvus, optimeeritud vitamiinide ja mineraalainete sisaldus ning sobiv energiasisaldus (3507 kcal\/kg).<\/li>\n<li>Sobib lemmikutele, kellel on soolestiku v\u00f5i k\u00f5hun\u00e4\u00e4rme probleemid ning vajadus t\u00f5husa seedimise toetuse j\u00e4rele.<\/li>\n<li>Aitab kiiremaks taastumiseks ja sobib vajadusel t\u00e4istoiduks.<\/li>\n<\/ul>\n","protected":false},"excerpt":{"rendered":"<p>Farmina Vet Life Gastrointestinal 300 g m\u00e4rgtoit on kanaliha ja bataadiga gluteenivaba dieetkoeratoit, mis toetab seedimist ja k\u00f5hun\u00e4\u00e4rme talitlust. Sobib igas suuruses t\u00e4iskasvanud ja eakatele koertele, aidates soolestiku imendumish\u00e4irete ja k\u00f5hun\u00e4\u00e4rme probleemide korral.<\/p>\n","protected":false},"featured_media":260128,"comment_status":"open","ping_status":"closed","template":"","meta":[],"product_brand":[7148],"product_cat":[8796,8797],"product_tag":[],"class_list":{"0":"post-260129","1":"product","2":"type-product","3":"status-publish","4":"has-post-thumbnail","6":"product_brand-farmina","7":"product_cat-margtoit-ja-konservid-koertele","8":"product_cat-veterinaarne-margtoit-koertele","9":"product_shipping_class-action","10":"pa_annustamise-vorm-tahke","11":"pa_fosfor-10989","12":"pa_gluteenivaba-jah","13":"pa_ilma-kunstlike-varvideta-jah","14":"pa_kaaluvahemik-201-g-499-g","15":"pa_kaltsium-14667","16":"pa_koeratoug-koik-toud","17":"pa_lemmiku-eluetapp-eakad","18":"pa_lemmiku-eluetapp-taiskasvanud","19":"pa_lemmiku-vajadused-kohunaarme-puudulikkus","20":"pa_lemmiku-vajadused-soolestiku-malabsorptsioon","21":"pa_lemmiku-vanus-eakas","22":"pa_lemmiku-vanus-taiskasvanu","23":"pa_lisafunktsioonid-kohunaarme-tugi","24":"pa_lisafunktsioonid-seedimise-tugi","25":"pa_loomaliik-koer","26":"pa_mangaani-sisaldus-114-mg-kg","27":"pa_niiskuse-sisaldus-14666","28":"pa_pakendi-tuup-purk","29":"pa_pohimaitse-bataat","30":"pa_pohimaitse-kana","31":"pa_proteiin-11667","32":"pa_rasva-sisaldus-7260","33":"pa_raua-sisaldus-53-mg-kg","34":"pa_sailitusaineteta-jah","35":"pa_seeria-farmina-vet-life","36":"pa_sisaldab-vitamiine-a-vitamiin","37":"pa_sisaldab-vitamiine-d3-vitamiin","38":"pa_sisaldab-vitamiine-e-vitamiin","39":"pa_sobib-koerale","40":"pa_sobivus-koerale","41":"pa_sojavaba-jah","42":"pa_suhkruvaba-jah","43":"pa_tervisemoju-tagab-oige-kehatemperatuuri","44":"pa_tervisemoju-toetab-soolestiku-korrektset-talitlust","45":"pa_toorkiud-10784","46":"pa_toorvalk-10840","47":"pa_tou-suurus-koik-suurused-2-80kg","48":"pa_tsingi-sisaldus-280-mg-kg","49":"pa_vase-sisaldus-19-mg-kg","51":"first","52":"instock","53":"taxable","54":"shipping-taxable","55":"purchasable","56":"product-type-simple"},"_links":{"self":[{"href":"https:\/\/blankpage.ee\/_ruumist-ruumi\/wp-json\/wp\/v2\/product\/260129","targetHints":{"allow":["GET"]}}],"collection":[{"href":"https:\/\/blankpage.ee\/_ruumist-ruumi\/wp-json\/wp\/v2\/product"}],"about":[{"href":"https:\/\/blankpage.ee\/_ruumist-ruumi\/wp-json\/wp\/v2\/types\/product"}],"replies":[{"embeddable":true,"href":"https:\/\/blankpage.ee\/_ruumist-ruumi\/wp-json\/wp\/v2\/comments?post=260129"}],"wp:featuredmedia":[{"embeddable":true,"href":"https:\/\/blankpage.ee\/_ruumist-ruumi\/wp-json\/wp\/v2\/media\/260128"}],"wp:attachment":[{"href":"https:\/\/blankpage.ee\/_ruumist-ruumi\/wp-json\/wp\/v2\/media?parent=260129"}],"wp:term":[{"taxonomy":"product_brand","embeddable":true,"href":"https:\/\/blankpage.ee\/_ruumist-ruumi\/wp-json\/wp\/v2\/product_brand?post=260129"},{"taxonomy":"product_cat","embeddable":true,"href":"https:\/\/blankpage.ee\/_ruumist-ruumi\/wp-json\/wp\/v2\/product_cat?post=260129"},{"taxonomy":"product_tag","embeddable":true,"href":"https:\/\/blankpage.ee\/_ruumist-ruumi\/wp-json\/wp\/v2\/product_tag?post=260129"}],"curies":[{"name":"wp","href":"https:\/\/api.w.org\/{rel}","templated":true}]}}