{"id":260270,"date":"2025-08-11T11:38:40","date_gmt":"2025-08-11T11:38:40","guid":{"rendered":"https:\/\/ruumistruumi.ee\/pood\/dolina-noteci-rafi-junior-400-g-vasikaliha-johvika-ja-mustikaga-teraviljavaba-margtoit-noortele-koertele\/"},"modified":"2025-08-21T08:16:29","modified_gmt":"2025-08-21T08:16:29","slug":"dolina-noteci-rafi-junior-400-g-vasikaliha-johvika-ja-mustikaga-teraviljavaba-margtoit-noortele-koertele","status":"publish","type":"product","link":"https:\/\/blankpage.ee\/_ruumist-ruumi\/pood\/dolina-noteci-rafi-junior-400-g-vasikaliha-johvika-ja-mustikaga-teraviljavaba-margtoit-noortele-koertele\/","title":{"rendered":"Dolina Noteci Rafi Junior 400 g vasikaliha, j\u00f5hvika ja mustikaga teraviljavaba m\u00e4rgtoit noortele koertele"},"content":{"rendered":"<h3>Dolina Noteci Rafi Junior 400 g vasikaliha, j\u00f5hvika ja mustikaga teraviljavaba m\u00e4rgtoit noortele koertele<\/h3>\n<p>Dolina Noteci Rafi Junior with veal, cranberry, and blueberry on t\u00e4isv\u00e4\u00e4rtuslik m\u00e4rgtoit, mis on loodud spetsiaalselt kasvufaasis olevatele koertele. Selle koostis toetab kutsika optimaalset arengut, pakkudes k\u00f5rge bioloogilise v\u00e4\u00e4rtusega valguallikaid ja kasulikke marju. Toit sobib k\u00f5ikidele t\u00f5usuurustele \u2013 v\u00e4ikestest kuni hiiglaslikeni \u2013 ning sobib ka toiduallergiatega v\u00f5i tundliku seedimisega lemmikutele, kuna ei sisalda teravilja.<\/p>\n<h3>Peamised omadused<\/h3>\n<ul>\n<li>Teraviljavaba \u2013 sobib ka tundliku seedimisega koertele<\/li>\n<li>Rikkalikult vasikaliha, j\u00f5hvikaid ja mustikaid<\/li>\n<li>Lisatud vitamiinid D3 (450 IU\/kg) ja E (40 mg\/kg), mis toetavad kutsika luustikku ja immuunsust<\/li>\n<li>Toetab \u00fcldist tervist ja kasvufaasi vajadusi<\/li>\n<li>T\u00e4isv\u00e4\u00e4rtuslik retsept, mis aitab tasakaalustada noore koera p\u00e4evast men\u00fc\u00fcd<\/li>\n<li>Sobib k\u00f5ikidele t\u00f5ugudele ja suurustele (X-Small, Mini, Medium, Maxi, Giant)<\/li>\n<li>V\u00e4ga hea niiskusesisaldus (77%) \u2013 toetab vedelikutarbimist<\/li>\n<li>Ei sisalda s\u00e4ilitusaineid ega kunstlikke l\u00f5hna- ja v\u00e4rvaineid<\/li>\n<\/ul>\n<h3>Tehnilised andmed<\/h3>\n<ul>\n<li>Pakendi suurus: 400 g (plekkpurk)<\/li>\n<li>M\u00f5\u00f5tmed: 75 x 108 x 75 mm<\/li>\n<li>Kaal: 456 g<\/li>\n<li>Niiskuse sisaldus: 77%<\/li>\n<li>Toorproteiini sisaldus: 10,5%<\/li>\n<li>Rasva sisaldus: 7,5%<\/li>\n<li>Toorkiud: 0,8%<\/li>\n<li>Toorvalk: 2,5%<\/li>\n<li>Toortuhk: 2,5%<\/li>\n<li>Kaltsium: 0,3%<\/li>\n<li>Fosfor: 0,25%<\/li>\n<li>Tsink: 30 mg\/kg<\/li>\n<li>Mangaan: 2 mg\/kg<\/li>\n<li>Jood: 0,3 mg\/kg<\/li>\n<li>Vask: 0,4 mg\/kg<\/li>\n<li>Vitamiin D3: 450 IU\/kg<\/li>\n<li>Vitamiin E: 40 mg\/kg<\/li>\n<li>P\u00f5himaitse: vasikaliha, j\u00f5hvikas, mustikas<\/li>\n<li>Sobiv eluetapp: Junior<\/li>\n<\/ul>\n<h3>Kasutusjuhend<\/h3>\n<p>Serveeri toit toatemperatuuril vastavalt koera kehakaalule, vanusele ja aktiivsusastmele ning j\u00e4lgi igap\u00e4evast portsjoni suurust. Avatud purki hoia k\u00fclmikus ning kasuta 48 tunni jooksul. Toode sobib igap\u00e4evaseks p\u00f5his\u00f6\u00f6giks v\u00f5i vaheldusrikka men\u00fc\u00fc osana. Veendu, et koeral oleks alati v\u00e4rske joogivesi k\u00e4ttesaadav.<br \/>\nHoiusta jahedas ning kuivas kohas ning kasuta enne pakendil m\u00e4rgitud aegumiskuup\u00e4eva. Inimtoiduks ei k\u00f5lba.<\/p>\n<h3>Kellele see m\u00e4rgtoit sobib?<\/h3>\n<p>Rafi Junior vasikaliha, j\u00f5hvika ja mustikaga on v\u00e4lja t\u00f6\u00f6tatud just kasvufaasis koertele. Toode sobib k\u00f5ikidele t\u00f5usuurustele ning eriti lemmikutele, kellel esineb teraviljatalumatus v\u00f5i toiduallergia. Tasakaalustatud vitamiinide ja mineraalide sisaldus toetab igak\u00fclgselt kasvu ning tugevdab noore koera tervist ja immuunsust.<\/p>\n<h3>Mida sisaldab pakend?<\/h3>\n<ul>\n<li>\u00dcks 400 g m\u00e4rgtoit plekkpurgis avamisr\u00f5ngaga<\/li>\n<li>T\u00e4isv\u00e4\u00e4rtuslik retsept \u2013 men\u00fc\u00fcsse ei ole vaja lisandeid<\/li>\n<\/ul>\n<h3>Toote hinna ja kvaliteedi suhe<\/h3>\n<p>Dolina Noteci Rafi Junior on kvaliteetne m\u00e4rgtoit, mille koostises on r\u00f5hk nii maitseelamusele kui ka funktsionaalsusele. T\u00e4nu toitainerikkale sisule ja mitmek\u00fclgsusele pakub see v\u00e4ga head hinna ja kvaliteedi suhet igale koeraomanikule, kes otsib kindlat ning t\u00f5husat lahendust noore lemmiku kasvuperioodi toetuseks.<\/p>\n","protected":false},"excerpt":{"rendered":"<p>Dolina Noteci Rafi Junior vealiha, j\u00f5hvika ja mustikaga teraviljavaba m\u00e4rgtoit on noortele koertele tasakaalustatud t\u00e4istoit, mis toetab kasvu ja \u00fcldist tervist.<\/p>\n","protected":false},"featured_media":260269,"comment_status":"open","ping_status":"closed","template":"","meta":[],"product_brand":[7157],"product_cat":[8796],"product_tag":[],"class_list":{"0":"post-260270","1":"product","2":"type-product","3":"status-publish","4":"has-post-thumbnail","6":"product_brand-dolina-noteci","7":"product_cat-margtoit-ja-konservid-koertele","8":"product_shipping_class-action","9":"pa_d3-vitamiini-sisaldus-450-iu-kg","10":"pa_doseerija-tuup-purk","11":"pa_e-vitamiini-sisaldus-40-mg-kg","12":"pa_fosfor-11107","13":"pa_hoiatused-hoida-kuivas-ja-jahedas-kohas","14":"pa_hoiatused-kasutada-enne-pakendil-margitud-kuupaeva","15":"pa_hoiatused-mitte-moeldud-inimtoiduks-2","16":"pa_joodi-sisaldus-03-mg-kg","17":"pa_kaaluvahemik-201-g-499-g","18":"pa_kaltsium-10990","19":"pa_lemmiku-eluetapp-kassipojad","20":"pa_lemmiku-vanus-noorloom","21":"pa_lisafunktsioonid-kasvuperiood","22":"pa_lisafunktsioonid-teraviljavaba","23":"pa_lisafunktsioonid-toidutundlikkus","24":"pa_mahutavus-400-g","25":"pa_mangaani-sisaldus-2-mg-kg","26":"pa_niiskuse-sisaldus-8852","27":"pa_pakendi-tuup-purk","28":"pa_pohimaitse-johvikas","29":"pa_pohimaitse-mustikas","30":"pa_pohimaitse-vasikaliha","31":"pa_proteiin-10822","32":"pa_rasva-sisaldus-8613","33":"pa_seeria-dolina-noteci-rafi","34":"pa_sisaldab-vitamiine-d3-vitamiin","35":"pa_sisaldab-vitamiine-e-vitamiin","36":"pa_sobivus-koerale","37":"pa_tervisemoju-uldine-tervis","38":"pa_toorkiud-11391","39":"pa_toorvalk-10764","40":"pa_tou-suurus-keskmine-11-25kg","41":"pa_tou-suurus-suur-26-44kg","42":"pa_tou-suurus-vaike-5-10kg","43":"pa_tsingi-sisaldus-30-mg-kg","44":"pa_vase-sisaldus-04-mg-kg","46":"first","47":"instock","48":"taxable","49":"shipping-taxable","50":"purchasable","51":"product-type-simple"},"_links":{"self":[{"href":"https:\/\/blankpage.ee\/_ruumist-ruumi\/wp-json\/wp\/v2\/product\/260270","targetHints":{"allow":["GET"]}}],"collection":[{"href":"https:\/\/blankpage.ee\/_ruumist-ruumi\/wp-json\/wp\/v2\/product"}],"about":[{"href":"https:\/\/blankpage.ee\/_ruumist-ruumi\/wp-json\/wp\/v2\/types\/product"}],"replies":[{"embeddable":true,"href":"https:\/\/blankpage.ee\/_ruumist-ruumi\/wp-json\/wp\/v2\/comments?post=260270"}],"wp:featuredmedia":[{"embeddable":true,"href":"https:\/\/blankpage.ee\/_ruumist-ruumi\/wp-json\/wp\/v2\/media\/260269"}],"wp:attachment":[{"href":"https:\/\/blankpage.ee\/_ruumist-ruumi\/wp-json\/wp\/v2\/media?parent=260270"}],"wp:term":[{"taxonomy":"product_brand","embeddable":true,"href":"https:\/\/blankpage.ee\/_ruumist-ruumi\/wp-json\/wp\/v2\/product_brand?post=260270"},{"taxonomy":"product_cat","embeddable":true,"href":"https:\/\/blankpage.ee\/_ruumist-ruumi\/wp-json\/wp\/v2\/product_cat?post=260270"},{"taxonomy":"product_tag","embeddable":true,"href":"https:\/\/blankpage.ee\/_ruumist-ruumi\/wp-json\/wp\/v2\/product_tag?post=260270"}],"curies":[{"name":"wp","href":"https:\/\/api.w.org\/{rel}","templated":true}]}}