{"id":260364,"date":"2025-08-11T12:34:02","date_gmt":"2025-08-11T12:34:02","guid":{"rendered":"https:\/\/ruumistruumi.ee\/pood\/animonda-integra-protect-nieren-veiselihaga-400g-teraviljavaba-neerutood-toetav-margtoit-taiskasvanud-koertele\/"},"modified":"2025-08-18T19:04:33","modified_gmt":"2025-08-18T19:04:33","slug":"animonda-integra-protect-nieren-veiselihaga-400g-teraviljavaba-neerutood-toetav-margtoit-taiskasvanud-koertele","status":"publish","type":"product","link":"https:\/\/blankpage.ee\/_ruumist-ruumi\/pood\/animonda-integra-protect-nieren-veiselihaga-400g-teraviljavaba-neerutood-toetav-margtoit-taiskasvanud-koertele\/","title":{"rendered":"Animonda Integra Protect Nieren veiselihaga 400g teraviljavaba neerut\u00f6\u00f6d toetav m\u00e4rgtoit t\u00e4iskasvanud koertele"},"content":{"rendered":"<h3>Animonda Integra Protect Nieren veiselihaga 400g teraviljavaba neerut\u00f6\u00f6d toetav m\u00e4rgtoit t\u00e4iskasvanud koertele<\/h3>\n<p>Animonda Integra Protect Nieren Beef on spetsiaalselt v\u00e4lja t\u00f6\u00f6tatud t\u00e4isv\u00e4\u00e4rtuslik m\u00e4rgtoit kroonilise neeruhaigusega koertele. Selle toidu tasakaalustatud koostis aitab v\u00e4hendada neerudele langevat koormust t\u00e4nu madaldatud fosfori- ja valgusisaldusele. Toode sobib igas suuruses ja t\u00f5us t\u00e4iskasvanud koertele ning on sobiv valik lemmikloomadele, kes vajavad neerut\u00f6\u00f6d toetavat dieeti v\u00f5i kellel esineb toidutundlikkus v\u00f5i -allergiaid.<\/p>\n<h3>Peamised omadused<\/h3>\n<ul>\n<li>Madal valgu- ja fosforisisaldus \u2013 toetab neerufunktsiooni ning aitab aeglustada haiguse progresseerumist<\/li>\n<li>Veiselihaga \u2013 maitsev p\u00f5himaitse, mis parandab s\u00f6\u00f6giisu ka valivatele koertele<\/li>\n<li>Teraviljavaba ja gluteenivaba \u2013 sobib tundliku seedimisega v\u00f5i teravilja- ja gluteenitalumatusega koertele<\/li>\n<li>Suhkru- ja sojavaba, ei sisalda kunstlikke v\u00e4rv- ega s\u00e4ilitusaineid<\/li>\n<li>Toetab lisaks neerudele ka seedetrakti ja \u00fcldist organismi vastupanuv\u00f5imet<\/li>\n<li>Sobib k\u00f5ikidele t\u00e4iskasvanud koerat\u00f5ugudele s\u00f5ltumata suurusest<\/li>\n<li>Pakendatud 400 g plekkpurki<\/li>\n<\/ul>\n<h3>Tehnilised andmed<\/h3>\n<ul>\n<li>Netokogus: 400 g (\u00fcks purk, pakendi kaal 453 g)<\/li>\n<li>M\u00f5\u00f5tmed: 75 x 110 x 75 mm (laius x k\u00f5rgus x s\u00fcgavus)<\/li>\n<li>Niiskuse sisaldus: 76%<\/li>\n<li>Rasvasisaldus: 9,8%<\/li>\n<li>Proteiinisisaldus: 5,5%<\/li>\n<li>Toorvalk: 2%<\/li>\n<li>Toorkiud: 1%<\/li>\n<li>Fosfor: ca 0,1% (sobiv neerudieediks)<\/li>\n<li>Ei sisalda gluteeni, teravilja, soja ega kunstlikke v\u00e4rvaineid<\/li>\n<li>Sobib k\u00f5ikidele t\u00f5ugudele<\/li>\n<li>EAN: 4017721864046<\/li>\n<li>Seeria: Animonda Integra Protect<\/li>\n<\/ul>\n<h3>Kasutamisjuhised<\/h3>\n<p>Animonda Integra Protect Nieren Beef m\u00e4rgtoitu tuleks anda koerale vastavalt loomaarsti soovitustele v\u00f5i j\u00e4rgides pakendil toodud koguseid (nt 3 kg koerale 200 g, 9 kg koerale 400 g p\u00e4evas). Esmakasutusel tasub uus toit sisse viia j\u00e4rk-j\u00e4rgult. P\u00e4rast avamist s\u00e4ilitada k\u00fclmkapis ja kasutada \u00e4ra 24 tunni jooksul. J\u00e4lgi, et koeral oleks alati olemas v\u00e4rske joogivesi. Toit on m\u00f5eldud ainult loomatoiduks ja ei sobi inimtarbimiseks.<\/p>\n<h3>Kasutusmugavus ja sobivus<\/h3>\n<ul>\n<li>Pakend sobib mugavaks s\u00e4ilitamiseks ja kasutamiseks \u2013 lihtne avada ja doseerida<\/li>\n<li>Sobib k\u00f5ikidele t\u00f5ugudele t\u00e4iskasvanud koertele<\/li>\n<li>Teraviljavaba koostis sobib ka allergilise seedimisega lemmikutele<\/li>\n<\/ul>\n<h3>Kvaliteet<\/h3>\n<ul>\n<li>Toode on valmistatud k\u00f5rgeimate standardite j\u00e4rgi, kontrollitud kvaliteediga koostisosadest<\/li>\n<li>Tunnustatud tootja Animonda \u2013 pikaajalised kogemused loomade eris\u00f6\u00f6tade vallas<\/li>\n<li>S\u00e4ilitusaineid ega kunstlikke v\u00e4rvaineid ei ole lisatud<\/li>\n<\/ul>\n<h3>Komplekti sisu<\/h3>\n<ul>\n<li>Komplektis \u00fcks 400 g m\u00e4rgtoidupurk<\/li>\n<li>Lisatarvikud pole vajalikud \u2013 toit on kohe kasutusvalmis<\/li>\n<\/ul>\n<h3>Hinna ja kvaliteedi suhe<\/h3>\n<p>Animonda Integra Protect Nieren veiselihaga m\u00e4rgtoit on oma kvaliteediklassi m\u00f5istliku hinnaga ning aitab pikaajaliselt lemmiku tervist hoida.<\/p>\n","protected":false},"excerpt":{"rendered":"<p>Animonda Integra Protect Nieren veiselihaga 400g on teraviljavaba m\u00e4rgtoit neerukaitseks t\u00e4iskasvanud koertele, v\u00e4hendatud valgusisaldusega ja sobib k\u00f5ikidele t\u00f5ugudele.<\/p>\n","protected":false},"featured_media":260363,"comment_status":"open","ping_status":"closed","template":"","meta":[],"product_brand":[7161],"product_cat":[8796],"product_tag":[],"class_list":{"0":"post-260364","1":"product","2":"type-product","3":"status-publish","4":"has-post-thumbnail","6":"product_brand-animonda","7":"product_cat-margtoit-ja-konservid-koertele","8":"product_shipping_class-action","9":"pa_annustamise-vorm-tahke","10":"pa_gluteenivaba-jah","11":"pa_hoiatused-hoida-kuivas-ja-jahedas","12":"pa_hoiatused-kasutada-enne-kolblikkusaja-loppu","13":"pa_hoiatused-mitte-kasutada-inimtoiduks","14":"pa_ilma-kunstlike-varvideta-jah","15":"pa_kaaluvahemik-201-g-499-g","16":"pa_koeratoug-igasugune-toug","17":"pa_lemmiku-eluetapp-taiskasvanud","18":"pa_lemmiku-vajadused-age-kohulahtisus","19":"pa_lemmiku-vajadused-neerude-kaitse","20":"pa_lemmiku-vajadused-seedetrakti-kaitse","21":"pa_lemmiku-vajadused-terved-neerud","22":"pa_lemmiku-vanus-taiskasvanud","23":"pa_lisafunktsioonid-gluteenivaba","24":"pa_lisafunktsioonid-neerupuudulikkus","25":"pa_lisafunktsioonid-seedimist-toetav","26":"pa_lisafunktsioonid-teraviljavaba","27":"pa_lisafunktsioonid-toidutundlikkus","28":"pa_lisafunktsioonid-uldtervis","29":"pa_niiskuse-sisaldus-8913","30":"pa_pakendi-tuup-purk","31":"pa_pohimaitse-veiseliha","32":"pa_proteiin-10846","33":"pa_rasva-sisaldus-11524","34":"pa_sailitusaineteta-jah","35":"pa_seeria-animonda-integra-protect","36":"pa_sobivus-koerale","37":"pa_sojavaba-jah","38":"pa_suhkruvaba-jah","39":"pa_toorkiud-7244","40":"pa_toorvalk-2-2","41":"pa_tou-suurus-sobib-koikidele-tougudele","43":"first","44":"instock","45":"taxable","46":"shipping-taxable","47":"purchasable","48":"product-type-simple"},"_links":{"self":[{"href":"https:\/\/blankpage.ee\/_ruumist-ruumi\/wp-json\/wp\/v2\/product\/260364","targetHints":{"allow":["GET"]}}],"collection":[{"href":"https:\/\/blankpage.ee\/_ruumist-ruumi\/wp-json\/wp\/v2\/product"}],"about":[{"href":"https:\/\/blankpage.ee\/_ruumist-ruumi\/wp-json\/wp\/v2\/types\/product"}],"replies":[{"embeddable":true,"href":"https:\/\/blankpage.ee\/_ruumist-ruumi\/wp-json\/wp\/v2\/comments?post=260364"}],"wp:featuredmedia":[{"embeddable":true,"href":"https:\/\/blankpage.ee\/_ruumist-ruumi\/wp-json\/wp\/v2\/media\/260363"}],"wp:attachment":[{"href":"https:\/\/blankpage.ee\/_ruumist-ruumi\/wp-json\/wp\/v2\/media?parent=260364"}],"wp:term":[{"taxonomy":"product_brand","embeddable":true,"href":"https:\/\/blankpage.ee\/_ruumist-ruumi\/wp-json\/wp\/v2\/product_brand?post=260364"},{"taxonomy":"product_cat","embeddable":true,"href":"https:\/\/blankpage.ee\/_ruumist-ruumi\/wp-json\/wp\/v2\/product_cat?post=260364"},{"taxonomy":"product_tag","embeddable":true,"href":"https:\/\/blankpage.ee\/_ruumist-ruumi\/wp-json\/wp\/v2\/product_tag?post=260364"}],"curies":[{"name":"wp","href":"https:\/\/api.w.org\/{rel}","templated":true}]}}