{"id":260381,"date":"2025-08-11T12:43:43","date_gmt":"2025-08-11T12:43:43","guid":{"rendered":"https:\/\/ruumistruumi.ee\/pood\/animonda-grancarno-adult-sensitiv-800g-veiselihaga-gluteeni-ja-teraviljavaba-margtoit-tundliku-seedimisega-taiskasvanud-koertele\/"},"modified":"2025-08-21T08:14:19","modified_gmt":"2025-08-21T08:14:19","slug":"animonda-grancarno-adult-sensitiv-800g-veiselihaga-gluteeni-ja-teraviljavaba-margtoit-tundliku-seedimisega-taiskasvanud-koertele","status":"publish","type":"product","link":"https:\/\/blankpage.ee\/_ruumist-ruumi\/pood\/animonda-grancarno-adult-sensitiv-800g-veiselihaga-gluteeni-ja-teraviljavaba-margtoit-tundliku-seedimisega-taiskasvanud-koertele\/","title":{"rendered":"Animonda GranCarno Adult Sensitiv 800g veiselihaga gluteeni- ja teraviljavaba m\u00e4rgtoit tundliku seedimisega t\u00e4iskasvanud koertele"},"content":{"rendered":"<h3>Animonda GranCarno Adult Sensitiv 800g veiselihaga gluteeni- ja teraviljavaba m\u00e4rgtoit tundliku seedimisega t\u00e4iskasvanud koertele<\/h3>\n<p>Animonda GranCarno Adult Sensitiv Beef with potatoes on spetsiaalselt v\u00e4lja t\u00f6\u00f6tatud t\u00e4iskasvanud koertele, kellel on tundlik seedimine, toidutalumatus v\u00f5i toiduallergiad. Tegemist on t\u00e4isv\u00e4\u00e4rtusliku m\u00e4rgtoiduga, mis sobib k\u00f5ikidele t\u00f5ugudele ja on valmistatud vaid \u00fchest loomse valgu allikast \u2013 veiselihast. Lisatud kartul pakub kergesti seeditavat s\u00fcsivesikut, muutes toidu sobilikuks ka k\u00f5ige tundlikuma seedimisega koertele. Toode ei sisalda nisu, gluteeni, teravilja, kana, soja ega kunstlikke v\u00e4rv- ega s\u00e4ilitusaineid.<\/p>\n<h3>Peamised omadused<\/h3>\n<ul>\n<li>Veiselihaga m\u00e4rgtoit tundlikele koertele \u2013 sobib ka toiduallergiatega lemmikutele<\/li>\n<li>\u00dcks loomse valgu allikas (veis) ja kergesti seeditav kartul<\/li>\n<li>100% v\u00e4rsked lihalised koostisosad<\/li>\n<li>Gluteeni- ja teraviljavaba, sojavaba ning suhkruta<\/li>\n<li>Ei sisalda kana, sobib kanaallergiaga koertele<\/li>\n<li>Ilma s\u00e4ilitusainete ja kunstlike v\u00e4rvaineteta<\/li>\n<li>Sobib igat t\u00f5ugu ja suurusega t\u00e4iskasvanud koerale<\/li>\n<li>Toetab seedetrakti normaalset t\u00f6\u00f6d ja aitab v\u00e4hendada toidutalumatust<\/li>\n<li>Pakendatud k\u00e4ep\u00e4rasesse 800 g purki<\/li>\n<\/ul>\n<h3>Tehnilised andmed<\/h3>\n<ul>\n<li>Netokaal: 800 g (pakendi kaal 920 g)<\/li>\n<li>M\u00f5\u00f5dud: 100 x 120 x 100 mm \u2013 sobib standardsetesse hoiukohtadesse<\/li>\n<li>Peamised koostisosad: 53% veiseliha (s\u00fcda, kops, liha, maks, udar, neerud), 34% veiselihapuljong, 10% kartulit, mineraalained, safloori\u00f5li<\/li>\n<li>Anal\u00fc\u00fcs: proteiin 9%, rasvasisaldus 7,5%, niiskus 78%, toorkiud 0,5%, toortuhk 1,7%<\/li>\n<li>Ei sisalda nisu, gluteeni, kanaliha, soja ega suhkrut<\/li>\n<li>P\u00f5himaitse: veiseliha<\/li>\n<li>Sobilik k\u00f5igile t\u00e4iskasvanud koertele (alates 1-aastasest)<\/li>\n<li>EAN: 4017721824170; Toote ID: DLZANMKMP0059<\/li>\n<\/ul>\n<h3>Kasutusjuhised<\/h3>\n<p>Jaga p\u00e4evane toiduportsjon v\u00e4hemalt kaheks toidukorraks ning kohanda see vastavalt oma koera kaalule, vanusele ja aktiivsustasemele. Soovitatavad kogused (n\u00e4iteks 10 kg koerale ca 525 g, 25 kg koerale 1050 g p\u00e4evas) on toodud tootja poolt, vajadusel konsulteeri loomaarstiga. Hoia avatud purki k\u00fclmkapis ning kasuta \u00e4ra 1\u20132 p\u00e4eva jooksul. Enne serveerimist lase toidul seista toatemperatuuril. Tagada tuleks v\u00e4rske joogivee olemasolu.<\/p>\n<h3>Lisaeelised ja v\u00e4\u00e4rtus<\/h3>\n<p>See gluteeni- ja teraviljavaba m\u00e4rgtoit on valmistatud Saksamaal k\u00f5rgete kvaliteedistandardite kohaselt ning k\u00f5ik peamised koostisosad on loomse p\u00e4ritoluga. Toode aitab v\u00e4hendada toidutalumatust ja toetab seedetrakti loomulikku t\u00f6\u00f6d, pakkudes pikaajalist kasu tundliku k\u00f5huga koertele. Puuduvad kunstlikud lisandid v\u00f5i tarbetud t\u00e4iteained, mis teeb toidu sobivaks ka k\u00f5ige n\u00f5udlikumale loomaomanikule. Toote hinna ja kvaliteedi suhe peegeldub selle puhtuses, lihtsas koostises ning koerale sobivas retseptis.<\/p>\n","protected":false},"excerpt":{"rendered":"<p>Animonda GranCarno Sensitiv veiselihaga m\u00e4rgtoit on gluteeni- ja teraviljavaba ning sobib eriti h\u00e4sti tundliku seedimisega t\u00e4iskasvanud koertele. Sisaldab ainult veiseliha ja kartulit, tagades lihtsa ning allergiavaba toidukorra.<\/p>\n","protected":false},"featured_media":260380,"comment_status":"open","ping_status":"closed","template":"","meta":[],"product_brand":[7161],"product_cat":[8796],"product_tag":[],"class_list":{"0":"post-260381","1":"product","2":"type-product","3":"status-publish","4":"has-post-thumbnail","6":"product_brand-animonda","7":"product_cat-margtoit-ja-konservid-koertele","8":"product_shipping_class-action","9":"pa_annustamise-vorm-tahke","10":"pa_gluteenivaba-jah","11":"pa_hoiatused-hoida-kuivas-ja-jahedas","12":"pa_hoiatused-kasutada-enne-aegumiskuupaeva","13":"pa_hoiatused-mitte-kasutada-inimtoiduks","14":"pa_ilma-kunstlike-varvideta-jah","15":"pa_kaaluvahemik-500-g-999-g","16":"pa_koeratoug-koik-toud","17":"pa_lemmiku-eluetapp-taiskasvanud","18":"pa_lemmiku-vajadused-seedetrakti-kaitse","19":"pa_lemmiku-vajadused-toiduallergia","20":"pa_lemmiku-vajadused-toidutalumatuse-vahendamine","21":"pa_lemmiku-vajadused-tundlik-koht","22":"pa_lemmiku-vanus-taiskasvanu","23":"pa_lisafunktsioonid-allergia","24":"pa_lisafunktsioonid-gluteenivaba","25":"pa_lisafunktsioonid-kanavaba","26":"pa_lisafunktsioonid-seedetrakti-probleemid","27":"pa_lisafunktsioonid-seedimise-tugi","28":"pa_lisafunktsioonid-teraviljavaba","29":"pa_lisafunktsioonid-toidutundlikkus","30":"pa_lisafunktsioonid-uldine-tervis","31":"pa_niiskuse-sisaldus-7279","32":"pa_pakendi-tuup-purk","33":"pa_pohimaitse-veiseliha","34":"pa_proteiin-8911","35":"pa_rasva-sisaldus-8613","36":"pa_seeria-animonda-grancarno","37":"pa_sobivus-koerale","38":"pa_sojavaba-jah","39":"pa_suhkruvaba-jah","40":"pa_toorkiud-10768","41":"pa_toorvalk-10758","42":"pa_tou-suurus-sobib-koikidele-tougudele","44":"first","45":"instock","46":"taxable","47":"shipping-taxable","48":"purchasable","49":"product-type-simple"},"_links":{"self":[{"href":"https:\/\/blankpage.ee\/_ruumist-ruumi\/wp-json\/wp\/v2\/product\/260381","targetHints":{"allow":["GET"]}}],"collection":[{"href":"https:\/\/blankpage.ee\/_ruumist-ruumi\/wp-json\/wp\/v2\/product"}],"about":[{"href":"https:\/\/blankpage.ee\/_ruumist-ruumi\/wp-json\/wp\/v2\/types\/product"}],"replies":[{"embeddable":true,"href":"https:\/\/blankpage.ee\/_ruumist-ruumi\/wp-json\/wp\/v2\/comments?post=260381"}],"wp:featuredmedia":[{"embeddable":true,"href":"https:\/\/blankpage.ee\/_ruumist-ruumi\/wp-json\/wp\/v2\/media\/260380"}],"wp:attachment":[{"href":"https:\/\/blankpage.ee\/_ruumist-ruumi\/wp-json\/wp\/v2\/media?parent=260381"}],"wp:term":[{"taxonomy":"product_brand","embeddable":true,"href":"https:\/\/blankpage.ee\/_ruumist-ruumi\/wp-json\/wp\/v2\/product_brand?post=260381"},{"taxonomy":"product_cat","embeddable":true,"href":"https:\/\/blankpage.ee\/_ruumist-ruumi\/wp-json\/wp\/v2\/product_cat?post=260381"},{"taxonomy":"product_tag","embeddable":true,"href":"https:\/\/blankpage.ee\/_ruumist-ruumi\/wp-json\/wp\/v2\/product_tag?post=260381"}],"curies":[{"name":"wp","href":"https:\/\/api.w.org\/{rel}","templated":true}]}}