{"id":260509,"date":"2025-08-11T13:57:31","date_gmt":"2025-08-11T13:57:31","guid":{"rendered":"https:\/\/ruumistruumi.ee\/pood\/wiejska-zagroda-puppy-monoprotein-lamb-400-g-gluteenivaba-lambaliha-margtoit-kutsikatele\/"},"modified":"2025-08-19T12:22:33","modified_gmt":"2025-08-19T12:22:33","slug":"wiejska-zagroda-puppy-monoprotein-lamb-400-g-gluteenivaba-lambaliha-margtoit-kutsikatele","status":"publish","type":"product","link":"https:\/\/blankpage.ee\/_ruumist-ruumi\/pood\/wiejska-zagroda-puppy-monoprotein-lamb-400-g-gluteenivaba-lambaliha-margtoit-kutsikatele\/","title":{"rendered":"Wiejska Zagroda Puppy Monoprotein Lamb 400 g gluteenivaba lambaliha m\u00e4rgtoit kutsikatele"},"content":{"rendered":"<h3>Wiejska Zagroda Puppy Monoprotein Lamb 400g gluteenivaba lambaliha m\u00e4rgtoit kutsikatele<\/h3>\n<p>Wiejska Zagroda Puppy Monoprotein Lamb on t\u00e4isv\u00e4\u00e4rtuslik m\u00e4rgtoit, mis on m\u00f5eldud kasvuperioodil olevatele kutsikatele k\u00f5ikides suurustes ja t\u00f5ugudes. Toodet iseloomustab k\u00f5rge lihasisaldus \u2013 68% lambaliha (sh liha, kopsud, maks ja hingetoru), t\u00e4nu millele pakub see kvaliteetset valku tundliku seedimise ja v\u00f5imalike toiduallergiatega koertele. Monoproteiiniline koostis v\u00e4listab kana, nisu, soja ja kunstlikud v\u00e4rvained, sobides suurep\u00e4raselt ka k\u00f5ige n\u00f5udlikumale kutsikale, kelle jaoks on oluline looduslik ja puhas toit.<\/p>\n<h3>Peamised omadused<\/h3>\n<ul>\n<li><strong>Monoproteiiniline koostis<\/strong> \u2013 \u00fcks loomset p\u00e4ritolu valguallikas, ainult lambaliha<\/li>\n<li><strong>Gluteenivaba ja teraviljavaba<\/strong> \u2013 sobib tundliku seedimisega v\u00f5i allergilistele kutsikatele<\/li>\n<li><strong>Suhkruvaba ning ilma kunstlike v\u00e4rv- ja s\u00e4ilitusaineteta<\/strong><\/li>\n<li><strong>Sobib k\u00f5ikidele koerat\u00f5ugudele ja kutsikate suurustele<\/strong><\/li>\n<li><strong>Sisaldab looduslikke koostisaineid<\/strong>: lambaliha, lambapuljong, punapeet, mineraalid, l\u00f5he\u00f5li, koriander, spirulina, \u00f5llep\u00e4rm ja yucca ekstrakt<\/li>\n<li><strong>Toetab kasvuperioodi, naha ja karvkatte tervist ning tugevdab immuuns\u00fcsteemi<\/strong><\/li>\n<li><strong>Pakendi t\u00fc\u00fcp<\/strong>: tugev 400 g metallpurk, kerge avada ja s\u00e4ilitada<\/li>\n<\/ul>\n<h3>Tehnilised andmed<\/h3>\n<ul>\n<li><strong>Kogus<\/strong>: 400 g m\u00e4rgtoitu (pakendi kaal 445 g, sisaldab purki)<\/li>\n<li><strong>Pakendi m\u00f5\u00f5dud<\/strong>: 75 \u00d7 110 \u00d7 75 mm<\/li>\n<li><strong>P\u00f5himaitse<\/strong>: lambaliha<\/li>\n<li><strong>Vanus<\/strong>: kutsikad (Junior)<\/li>\n<li><strong>Koerat\u00f5ug ja suurus<\/strong>: sobib k\u00f5ikidele t\u00f5ugudele ja suurustele<\/li>\n<li><strong>Anal\u00fc\u00fctilised koostisosad<\/strong>:\n<ul>\n<li>Toorvalk: 11,4%<\/li>\n<li>Rasva sisaldus: 7,6%<\/li>\n<li>Toorkiud: 1%<\/li>\n<li>Toortuhk: 1,9%<\/li>\n<li>Niiskusesisaldus: 75,7%<\/li>\n<\/ul>\n<\/li>\n<\/ul>\n<h3>Kasutamisjuhised<\/h3>\n<p>Toidukogus s\u00f5ltub kutsika vanusest, kehakaalust ja aktiivsusest. Andke toit otse purgist v\u00f5i serveerige kausis, vajadusel jagades mitmeks toidukorraks p\u00e4evas. P\u00e4rast avamist tuleb toit s\u00e4ilitada k\u00fclmkapis ja kasutada \u00e4ra 24 tunni jooksul. Kontrollige, et kutsikal oleks alati v\u00e4rske joogivesi.<\/p>\n<p>Hoiustada jahedas, kuivas kohas. Kasutada enne m\u00e4rgitud k\u00f5lblikkuse kuup\u00e4eva. Toode ei ole m\u00f5eldud inimtoiduks.<\/p>\n<h3>Lisainfo ja eelised<\/h3>\n<ul>\n<li>Monoproteiiniline retsept aitab v\u00e4ltida toiduallergiate teket ning lihtsustab men\u00fc\u00fc j\u00e4lgimist.<\/li>\n<li>Teravilja- ja gluteenivaba koostis tagab sobivuse ka \u00fclitundlikele kutsikatele.<\/li>\n<li>Pehme tekstuur muudab toidu kergesti seeditavaks ning sobib noorele koerale, kellel hambad alles arenevad.<\/li>\n<li>Poola p\u00e4ritolu ja l\u00fchike koostisosade nimekiri tagavad k\u00f5rge kvaliteedi ja kontrollitud tootmisprotsessi.<\/li>\n<li>Purki on lihtne avada, toitu serveerida ja vajadusel kaasa v\u00f5tta ka reisile.<\/li>\n<\/ul>\n<h3>Komplekt ja vajalik lisainfo<\/h3>\n<ul>\n<li>Pakendis: \u00fcks 400 g metallpurk m\u00e4rgtoitu<\/li>\n<li>Midagi lisaks ei ole vaja \u2013 tegemist on t\u00e4isv\u00e4\u00e4rtusliku ja tasakaalustatud toiduga kasvuperioodi kutsikatele<\/li>\n<\/ul>\n<h3>Hinna ja kvaliteedi suhe<\/h3>\n<p>Wiejska Zagroda Puppy Monoprotein Lamb m\u00e4rgtoit pakub head tasakaalu hinna, kvaliteedi ja toitev\u00e4\u00e4rtuse vahel. Toode on valmistatud ilma kompromissideta p\u00f5hikoostisosade ja vitamiinide arvelt ning sobib igap\u00e4evaseks toiduks kasvavale kutsikale.<\/p>\n","protected":false},"excerpt":{"rendered":"<p>Wiejska Zagroda Puppy Monoprotein Lamb on 400 g gluteenivaba m\u00e4rgtoit, mis sobib k\u00f5ikidele kutsikat\u00f5ugudele ja sisaldab ainult \u00fchte valgut\u00fc\u00fcpi \u2013 lambaliha. Toode on teraviljavaba, suhkruta ning m\u00f5eldud kutsikatele kasvuperioodil.<\/p>\n","protected":false},"featured_media":260508,"comment_status":"open","ping_status":"closed","template":"","meta":[],"product_brand":[7189],"product_cat":[8796],"product_tag":[],"class_list":{"0":"post-260509","1":"product","2":"type-product","3":"status-publish","4":"has-post-thumbnail","6":"product_brand-wiejska-zagroda","7":"product_cat-margtoit-ja-konservid-koertele","8":"product_shipping_class-action","9":"pa_annustamise-vorm-tahke","10":"pa_gluteenivaba-jah","11":"pa_hoiatused-hoida-kuivas-ja-jahedas-kohas-2","12":"pa_hoiatused-kasutada-enne-kolblikkusaja-loppu","13":"pa_hoiatused-mitte-kasutada-inimtoiduks-2","14":"pa_ilma-kunstlike-varvideta-jah","15":"pa_kaaluvahemik-201-g-499-g","16":"pa_koeratoug-koik-toud","17":"pa_lemmiku-eluetapp-kutsikad","18":"pa_lemmiku-vajadused-kasvuperiood","19":"pa_lemmiku-vanus-kutsikas","20":"pa_lisafunktsioonid-gluteenivaba","21":"pa_lisafunktsioonid-kanavaba","22":"pa_lisafunktsioonid-kasvuperiood","23":"pa_lisafunktsioonid-monoproteiin","24":"pa_lisafunktsioonid-teraviljavaba","25":"pa_lisafunktsioonid-uldine-tervis","26":"pa_niiskuse-sisaldus-14639","27":"pa_pakendi-tuup-purk","28":"pa_pohimaitse-lambaliha","29":"pa_proteiin-14578","30":"pa_rasva-sisaldus-10825","31":"pa_sobivus-koerale","32":"pa_sojavaba-jah","33":"pa_suhkruvaba-jah","34":"pa_toorkiud-7244","35":"pa_toorvalk-10799","36":"pa_tou-suurus-sobib-koikidele-tougudele","38":"first","39":"instock","40":"taxable","41":"shipping-taxable","42":"purchasable","43":"product-type-simple"},"_links":{"self":[{"href":"https:\/\/blankpage.ee\/_ruumist-ruumi\/wp-json\/wp\/v2\/product\/260509","targetHints":{"allow":["GET"]}}],"collection":[{"href":"https:\/\/blankpage.ee\/_ruumist-ruumi\/wp-json\/wp\/v2\/product"}],"about":[{"href":"https:\/\/blankpage.ee\/_ruumist-ruumi\/wp-json\/wp\/v2\/types\/product"}],"replies":[{"embeddable":true,"href":"https:\/\/blankpage.ee\/_ruumist-ruumi\/wp-json\/wp\/v2\/comments?post=260509"}],"wp:featuredmedia":[{"embeddable":true,"href":"https:\/\/blankpage.ee\/_ruumist-ruumi\/wp-json\/wp\/v2\/media\/260508"}],"wp:attachment":[{"href":"https:\/\/blankpage.ee\/_ruumist-ruumi\/wp-json\/wp\/v2\/media?parent=260509"}],"wp:term":[{"taxonomy":"product_brand","embeddable":true,"href":"https:\/\/blankpage.ee\/_ruumist-ruumi\/wp-json\/wp\/v2\/product_brand?post=260509"},{"taxonomy":"product_cat","embeddable":true,"href":"https:\/\/blankpage.ee\/_ruumist-ruumi\/wp-json\/wp\/v2\/product_cat?post=260509"},{"taxonomy":"product_tag","embeddable":true,"href":"https:\/\/blankpage.ee\/_ruumist-ruumi\/wp-json\/wp\/v2\/product_tag?post=260509"}],"curies":[{"name":"wp","href":"https:\/\/api.w.org\/{rel}","templated":true}]}}