{"id":260623,"date":"2025-08-11T14:43:44","date_gmt":"2025-08-11T14:43:44","guid":{"rendered":"https:\/\/ruumistruumi.ee\/pood\/vetexpert-raw-paleo-puppy-monoproteiiniga-sealihamargtoit-kutsikale-400-g\/"},"modified":"2025-08-21T08:08:47","modified_gmt":"2025-08-21T08:08:47","slug":"vetexpert-raw-paleo-puppy-monoproteiiniga-sealihamargtoit-kutsikale-400-g","status":"publish","type":"product","link":"https:\/\/blankpage.ee\/_ruumist-ruumi\/pood\/vetexpert-raw-paleo-puppy-monoproteiiniga-sealihamargtoit-kutsikale-400-g\/","title":{"rendered":"VetExpert Raw Paleo Puppy monoproteiiniga sealiham\u00e4rgtoit kutsikale 400 g"},"content":{"rendered":"<h3>VetExpert Raw Paleo Puppy monoproteiiniga sealiham\u00e4rgtoit kutsikale 400 g<\/h3>\n<p>RAW PALEO Puppy Monoprotein Pork on t\u00e4isv\u00e4\u00e4rtuslik ja tasakaalustatud m\u00e4rgtoit, mis on loodud kutsikatele alates v\u00f5\u00f5rutamisest kuni 1-aastaseks saamiseni. Toode sobib k\u00f5igile t\u00f5ugudele, samuti tiinetele ja imetavatele emastele koertele. Selle toidu p\u00f5himaitseks on kvaliteetne sealiha, mis on ainus loomne valguallikas \u2013 see aitab v\u00e4hendada toidutalumatuse ja allergiate riski. Toit on t\u00e4ielikult gluteenivaba, sojavaba ning ei sisalda suhkrut ega kunstlikke v\u00e4rvaineid.<\/p>\n<h3>Peamised omadused<\/h3>\n<ul>\n<li>Monoproteiiniline \u2013 k\u00f5ik loomse p\u00e4ritoluga koostisosad p\u00e4rinevad ainult sealihast, mis sobib \u00fclitundlikele koertele.<\/li>\n<li>Gluteenivaba ja sojavaba \u2013 sobib teraviljaallergia ja -talumatusega koertele.<\/li>\n<li>Ei sisalda kunstlikke v\u00e4rvaineid ega s\u00e4ilitusaineid.<\/li>\n<li>Sobib k\u00f5igile kutsikat\u00f5ugudele ning tiinetele ja imetavatele emastele.<\/li>\n<li>Suhkruvaba koostis.<\/li>\n<li>Lihtsalt avatav ja mugavalt serveeritav konservpakend.<\/li>\n<\/ul>\n<h3>Tehnilised andmed<\/h3>\n<ul>\n<li>Kaal: 400 g (kogukaal pakendiga 442 g)<\/li>\n<li>M\u00f5\u00f5tmed: 74 x 112 x 74 mm \u2013 sobib standardsesse k\u00f6\u00f6gikappi v\u00f5i lemmikloomatoidu riiulile.<\/li>\n<li>P\u00f5himaitse: sealiha<\/li>\n<li>Koostis: 70% sealiha ja siselundid, puljong 28,7%, mineraalid 1%, p\u00e4evalille\u00f5li 0,2%, munakoorepulber 0,1%<\/li>\n<li>Toorvalk: 10,8%<\/li>\n<li>Rasvasisaldus: 9,8%<\/li>\n<li>Toorkiud: 1,1%<\/li>\n<li>Niiskusesisaldus: 72,6%<\/li>\n<li>Sari: VetExpert Raw Paleo<\/li>\n<li>Pakendi t\u00fc\u00fcp: metallist konservipurk<\/li>\n<li>Sobivus: k\u00f5ik koerat\u00f5ud (any breed), kutsikaiga (junior)<\/li>\n<li>Sobib lemmikutele, kellel esineb teravilja- v\u00f5i valguallergia.<\/li>\n<\/ul>\n<h3>Kasutusjuhised<\/h3>\n<p>VetExpert Raw Paleo Puppy Monoprotein Pork tuleks anda toatemperatuuril, jagades p\u00e4evase annuse mitmeks v\u00e4iksemaks toidukorraks. P\u00e4evane annus tuleks reguleerida vastavalt kutsika suurusele, vanusele, kehalisele aktiivsusele ja tervislikule seisundile. N\u00e4iteks v\u00e4ikest t\u00f5ugu kutsikatele (eeldatav t\u00e4iskasvanukaal 5 kg) sobib 2\u20133 kuu vanuselt pool konservi p\u00e4evas, suuremat t\u00f5ugu kutsikatele (kuni 25 kg) 1,5 konservi p\u00e4evas (t\u00e4psemad juhised vt pakendilt). Avatud toodet hoida k\u00fclmkapis ja tarvitada 1\u20132 p\u00e4eva jooksul. Tagada lemmikule alati v\u00e4rske joogivesi.<\/p>\n<p>Toode on m\u00f5eldud ainult loomadele. Enne tarvitamist kontrolli kehtivusaega. S\u00e4ilitada kuivas ja jahedas kohas, kaitsta otsese p\u00e4ikese eest.<\/p>\n<h3>Miks valida VetExpert Raw Paleo sealiha monoproteiin m\u00e4rgtoit kutsikale?<\/h3>\n<p>See toode on sobiv valik koeraomanikule, kes otsib lihtsa koostisega ja kergesti seeditavat kutsikatoitu. Monoproteiiniretsept sobib eriti h\u00e4sti lemmikule, kellel esinevad allergiad v\u00f5i tundlikkus \u2013 kombinatsioon toetab seedimist ja aitab v\u00e4ltida allergilisi reaktsioone. VetExpert br\u00e4ndil on tugev teadusp\u00f5hine taust, tagades toidu k\u00f5rge kvaliteedi ja usaldusv\u00e4\u00e4rsuse. Pakend mahub mugavalt iga lemmikloomatoidu hoiukohta ning 400 g formaat sobib nii v\u00e4ikestele kui ka kasvavatele t\u00f5ugudele.<\/p>\n<p>Tootes ei ole mittevajalikke lisandeid ning tegemist on v\u00e4\u00e4rtusliku valikuga: \u00fches pakis on k\u00f5ik vajalik kutsika tasakaalustatud arenguks ilma liigsete allergeenideta.<\/p>\n","protected":false},"excerpt":{"rendered":"<p>VetExpert Raw Paleo Puppy Monoprotein Pork on gluteenivaba m\u00e4rgtoit kutsikatele, sisaldades 70% sealiha ning sobides k\u00f5ikidele t\u00f5ugudele toiduallergia ja teraviljatalumatuse korral.<\/p>\n","protected":false},"featured_media":260622,"comment_status":"open","ping_status":"closed","template":"","meta":[],"product_brand":[7147],"product_cat":[8796],"product_tag":[],"class_list":{"0":"post-260623","1":"product","2":"type-product","3":"status-publish","4":"has-post-thumbnail","6":"product_brand-vetexpert","7":"product_cat-margtoit-ja-konservid-koertele","8":"product_shipping_class-action","9":"pa_annustamise-vorm-tahke","10":"pa_gluteenivaba-jah","11":"pa_hoiatused-hoida-kuivas-ja-jahedas","12":"pa_hoiatused-kasutada-enne-sailivusaja-loppu","13":"pa_hoiatused-mitte-kasutada-inimtoiduks","14":"pa_ilma-kunstlike-varvideta-jah","15":"pa_kaaluvahemik-201-g-499-g","16":"pa_koeratoug-koik-toud","17":"pa_lemmiku-eluetapp-kutsikad","18":"pa_lemmiku-vajadused-teraviljatalumatus","19":"pa_lemmiku-vajadused-toiduallergia","20":"pa_lemmiku-vajadused-toidutalumatuse-vahendamine","21":"pa_lemmiku-vanus-kutsikas","22":"pa_lisafunktsioonid-gluteenivaba","23":"pa_niiskuse-sisaldus-14633","24":"pa_pakendi-tuup-purk","25":"pa_pohimaitse-sealiha","26":"pa_proteiin-8357","27":"pa_rasva-sisaldus-11524","28":"pa_seeria-vetexpert-raw-paleo","29":"pa_sobivus-koerale","30":"pa_sojavaba-jah","31":"pa_suhkruvaba-jah","32":"pa_toorkiud-11024","33":"pa_toorvalk-11286","34":"pa_tou-suurus-sobib-koikidele-tougudele","36":"first","37":"instock","38":"taxable","39":"shipping-taxable","40":"purchasable","41":"product-type-simple"},"_links":{"self":[{"href":"https:\/\/blankpage.ee\/_ruumist-ruumi\/wp-json\/wp\/v2\/product\/260623","targetHints":{"allow":["GET"]}}],"collection":[{"href":"https:\/\/blankpage.ee\/_ruumist-ruumi\/wp-json\/wp\/v2\/product"}],"about":[{"href":"https:\/\/blankpage.ee\/_ruumist-ruumi\/wp-json\/wp\/v2\/types\/product"}],"replies":[{"embeddable":true,"href":"https:\/\/blankpage.ee\/_ruumist-ruumi\/wp-json\/wp\/v2\/comments?post=260623"}],"wp:featuredmedia":[{"embeddable":true,"href":"https:\/\/blankpage.ee\/_ruumist-ruumi\/wp-json\/wp\/v2\/media\/260622"}],"wp:attachment":[{"href":"https:\/\/blankpage.ee\/_ruumist-ruumi\/wp-json\/wp\/v2\/media?parent=260623"}],"wp:term":[{"taxonomy":"product_brand","embeddable":true,"href":"https:\/\/blankpage.ee\/_ruumist-ruumi\/wp-json\/wp\/v2\/product_brand?post=260623"},{"taxonomy":"product_cat","embeddable":true,"href":"https:\/\/blankpage.ee\/_ruumist-ruumi\/wp-json\/wp\/v2\/product_cat?post=260623"},{"taxonomy":"product_tag","embeddable":true,"href":"https:\/\/blankpage.ee\/_ruumist-ruumi\/wp-json\/wp\/v2\/product_tag?post=260623"}],"curies":[{"name":"wp","href":"https:\/\/api.w.org\/{rel}","templated":true}]}}