{"id":260911,"date":"2025-08-11T17:06:16","date_gmt":"2025-08-11T17:06:16","guid":{"rendered":"https:\/\/ruumistruumi.ee\/pood\/brit-care-mini-puppy-lamb-85-g-margtoit-vaikest-tougu-kutsikatele-lambalihaga-gluteeni-ja-teraviljavaba\/"},"modified":"2025-08-20T12:56:20","modified_gmt":"2025-08-20T12:56:20","slug":"brit-care-mini-puppy-lamb-85-g-margtoit-vaikest-tougu-kutsikatele-lambalihaga-gluteeni-ja-teraviljavaba","status":"publish","type":"product","link":"https:\/\/blankpage.ee\/_ruumist-ruumi\/pood\/brit-care-mini-puppy-lamb-85-g-margtoit-vaikest-tougu-kutsikatele-lambalihaga-gluteeni-ja-teraviljavaba\/","title":{"rendered":"Brit Care Mini Puppy Lamb 85 g m\u00e4rgtoit v\u00e4ikest t\u00f5ugu kutsikatele, lambalihaga, gluteeni- ja teraviljavaba"},"content":{"rendered":"<h3>Brit Care Mini Puppy Lamb 85 g m\u00e4rgtoit v\u00e4ikestele kutsikatele<\/h3>\n<p>Brit Care Mini Puppy Lamb on spetsiaalselt v\u00e4ikest kasvu kutsikatele ja miniatuursetele t\u00f5ugudele loodud t\u00e4iss\u00f6\u00f6t, mis toetab kutsika kasvu, tugevdab immuunsust ja toetab seedimist. T\u00e4nu lambalihale, looduslikele prebiootikumidele ja lisatud supertoitudele sobib see igap\u00e4evaseks toiduks ka k\u00f5ige n\u00f5udlikumale v\u00e4ikesele koerale. Teravilja-, gluteeni- ja kanavaba retsept sobib tundlikuma seedimisega lemmikutele ning aitab v\u00e4ltida toiduga seotud allergiaid.<\/p>\n<h3>Peamised omadused<\/h3>\n<ul>\n<li>Gluteeni- ja teraviljavaba \u2013 ei sisalda nisu, maisi ega muid teravilju<\/li>\n<li>Kana- ja sojavaba \u2013 sobib ka tundliku seedimisega koertele<\/li>\n<li>85% lihasisaldus (sh v\u00e4hemalt 8% lambaliha), tagab mahlase ja lihaalase eine<\/li>\n<li>Sobib k\u00f5ikidele v\u00e4ikest kasvu t\u00f5ugudele kutsika kasvuperioodil (ka t\u00f5ututele kutsikatele kaaluga 2\u201314 kg)<\/li>\n<li>Rikastatud looduslike prebiootikumide, supertoitude ja \u00fcrtidega \u00fcldtervise toetamiseks<\/li>\n<li>Ilma kunstlike l\u00f5hna- ja v\u00e4rvainete, maitsetugevdajate ja s\u00e4ilitusaineteta<\/li>\n<li>Madal rasvasisaldus ja suhkruvaba koostis<\/li>\n<li>Pehme ja mahlane tekstuur mugavas \u00fchekordses 85 g pakendis<\/li>\n<\/ul>\n<h3>Tehnilised andmed<\/h3>\n<ul>\n<li>P\u00f5himaitse: lambaliha<\/li>\n<li>Pakendi t\u00fc\u00fcp: \u00fchekordne pakend (sachet)<\/li>\n<li>Kaal: 85 g (neto), pakendiga umbes 92 g<\/li>\n<li>M\u00f5\u00f5tmed: 90 \u00d7 140 \u00d7 20 mm \u2013 mugav kaasa v\u00f5tta ja hoiustada<\/li>\n<li>Anal\u00fc\u00fctiline koostis: toorvalk 10%, toorrasv 5%, toorkiud 0,4%, toortuhk 2,3%, niiskus 82%, kaltsium 0,3%, fosfor 0,2%, naatrium 0,5%<\/li>\n<li>Metaboliseeritav energia: 865 kcal\/kg<\/li>\n<li>Seeria: BRIT Care<\/li>\n<li>Sobib v\u00e4ikest kasvu koerat\u00f5ugudele ja kutsikatele (2\u201314 kg, k\u00f5ik t\u00f5ud)<\/li>\n<li>Sobib ka malta koerale<\/li>\n<li>EAN: 8595602554829<\/li>\n<li>Toote ID: DLPRITKAM0007<\/li>\n<\/ul>\n<h3>Kasutamisjuhised<\/h3>\n<p>Brit Care Mini Puppy Lamb tuleb serveerida toatemperatuuril, vajadusel v\u00f5ib segada harjumusp\u00e4rase kuivtoiduga v\u00f5i kasutada eraldi t\u00e4istoiduna. J\u00e4lgi p\u00e4evast portsjonit vastavalt kutsika kaalule ja vanusele. Avatud pakend hoida k\u00fclmkapis ning \u00e4ra kasuta toitu p\u00e4rast s\u00e4ilivuskuup\u00e4eva. Tagage koerale alati v\u00e4rske joogivesi.<\/p>\n<ul>\n<li>Sobib k\u00f5ikidele v\u00e4ikest kasvu kutsikatele vanuses 2\u201312 kuud<\/li>\n<li>P\u00e4evane annus l\u00e4htudes kutsika kaalust ja vanusest, j\u00e4rgige pakendil olevat juhendit<\/li>\n<li>Sobib segatoiduks \u2013 v\u00f5ib lisada kuivtoidule v\u00f5i anda preemiaks<\/li>\n<li>Mugav kasutada \u00fchekordse portsjonpakina<\/li>\n<\/ul>\n<h3>Miks valida Brit Care Mini Puppy Lamb?<\/h3>\n<p>M\u00e4rg koeratoit kutsikatele lambaga tagab t\u00e4ieliku ja tasakaalustatud toitumise, mis on valmistatud spetsiaalselt v\u00e4ikest kasvu koertele. Kvaliteetne koostis, kergesti seeditav sisu ja mugav pakend muudavad selle usaldusv\u00e4\u00e4rseks valikuks, kui soovite kutsikale t\u00f5estatud kvaliteeti ja ohutust. Toode ei sisalda kunstlikke lisaaineid ega allergeenseid teravilju, pakkudes parimat v\u00f5imalikku algust kutsika eluks.<\/p>\n","protected":false},"excerpt":{"rendered":"<p>Brit Care Mini Puppy Lamb on gluteeni- ja teraviljavaba m\u00e4rgtoit v\u00e4ikest t\u00f5ugu kutsikatele, sisaldab lambaliha ning kasulikke prebiootikume ja supertoite.<\/p>\n","protected":false},"featured_media":260910,"comment_status":"open","ping_status":"closed","template":"","meta":[],"product_brand":[7179],"product_cat":[8796],"product_tag":[],"class_list":{"0":"post-260911","1":"product","2":"type-product","3":"status-publish","4":"has-post-thumbnail","6":"product_brand-brit","7":"product_cat-margtoit-ja-konservid-koertele","8":"product_shipping_class-action","9":"pa_annustamise-vorm-tahke","10":"pa_gluteenivaba-jah","11":"pa_hoiatused-hoida-kuivas-ja-jahedas-kohas","12":"pa_hoiatused-kasutada-enne-kolblikkusaja-loppu","13":"pa_hoiatused-mitte-kasutada-inimtoiduks","14":"pa_ilma-kunstlike-varvideta-jah","15":"pa_ilma-kunstlisete-lisanditeta-jah","16":"pa_kaaluvahemik-0-g-200-g-2","17":"pa_koeratoug-koik-vaikest-tougu-koerad","18":"pa_lemmikloomatoug-maltalane","19":"pa_lemmiku-eluetapp-kassipojad","20":"pa_lemmiku-eluetapp-kutsikad","21":"pa_lemmiku-vajadused-erivajadus-puudub","22":"pa_lemmiku-vanus-noor","23":"pa_lisafunktsioonid-gluteenivaba","24":"pa_lisafunktsioonid-kanavaba","25":"pa_lisafunktsioonid-kasvuperioodile","26":"pa_lisafunktsioonid-teraviljavaba","27":"pa_lisafunktsioonid-uldine-tervis","28":"pa_loomaliik-koer","29":"pa_niiskuse-sisaldus-8890","30":"pa_pakendi-tuup-kilepakend","31":"pa_pohimaitse-lambaliha","32":"pa_portsjoni-suurus-85-g","33":"pa_proteiin-7313","34":"pa_rasva-sisaldus-8801","35":"pa_sailitusaineteta-jah","36":"pa_seeria-brit-care","37":"pa_sobib-koerale","38":"pa_sobivus-koerale","39":"pa_sojavaba-jah","40":"pa_suhkruvaba-jah","41":"pa_tervisemoju-uldine-tervis","42":"pa_toorkiud-10757","43":"pa_toorvalk-11286","44":"pa_tou-suurus-vaike-2-10-kg","45":"pa_tou-suurus-vaikest-tougu-koerad-4-14-kg","47":"first","48":"instock","49":"taxable","50":"shipping-taxable","51":"purchasable","52":"product-type-simple"},"_links":{"self":[{"href":"https:\/\/blankpage.ee\/_ruumist-ruumi\/wp-json\/wp\/v2\/product\/260911","targetHints":{"allow":["GET"]}}],"collection":[{"href":"https:\/\/blankpage.ee\/_ruumist-ruumi\/wp-json\/wp\/v2\/product"}],"about":[{"href":"https:\/\/blankpage.ee\/_ruumist-ruumi\/wp-json\/wp\/v2\/types\/product"}],"replies":[{"embeddable":true,"href":"https:\/\/blankpage.ee\/_ruumist-ruumi\/wp-json\/wp\/v2\/comments?post=260911"}],"wp:featuredmedia":[{"embeddable":true,"href":"https:\/\/blankpage.ee\/_ruumist-ruumi\/wp-json\/wp\/v2\/media\/260910"}],"wp:attachment":[{"href":"https:\/\/blankpage.ee\/_ruumist-ruumi\/wp-json\/wp\/v2\/media?parent=260911"}],"wp:term":[{"taxonomy":"product_brand","embeddable":true,"href":"https:\/\/blankpage.ee\/_ruumist-ruumi\/wp-json\/wp\/v2\/product_brand?post=260911"},{"taxonomy":"product_cat","embeddable":true,"href":"https:\/\/blankpage.ee\/_ruumist-ruumi\/wp-json\/wp\/v2\/product_cat?post=260911"},{"taxonomy":"product_tag","embeddable":true,"href":"https:\/\/blankpage.ee\/_ruumist-ruumi\/wp-json\/wp\/v2\/product_tag?post=260911"}],"curies":[{"name":"wp","href":"https:\/\/api.w.org\/{rel}","templated":true}]}}