{"id":261051,"date":"2025-08-11T17:59:25","date_gmt":"2025-08-11T17:59:25","guid":{"rendered":"https:\/\/ruumistruumi.ee\/pood\/ocanis-kitsega-marg-koeratoit-800g-gluteenivaba-taistoit-taiskasvanud-koertele\/"},"modified":"2025-08-21T07:58:55","modified_gmt":"2025-08-21T07:58:55","slug":"ocanis-kitsega-marg-koeratoit-800g-gluteenivaba-taistoit-taiskasvanud-koertele","status":"publish","type":"product","link":"https:\/\/blankpage.ee\/_ruumist-ruumi\/pood\/ocanis-kitsega-marg-koeratoit-800g-gluteenivaba-taistoit-taiskasvanud-koertele\/","title":{"rendered":"O&#8217;Canis kitsega m\u00e4rg koeratoit 800g, gluteenivaba t\u00e4istoit t\u00e4iskasvanud koertele"},"content":{"rendered":"<h3>O&#8217;Canis kitsega m\u00e4rg koeratoit 800g, gluteenivaba t\u00e4istoit t\u00e4iskasvanud koertele<\/h3>\n<p>O&#8217;Canis &#8220;Goat with Potatoes&#8221; on t\u00e4isv\u00e4\u00e4rtuslik gluteenivaba m\u00e4rgtoit, mis on m\u00f5eldud t\u00e4iskasvanud koertele k\u00f5ikidest t\u00f5ugudest. See konserv sobib sinu lemmikule, kui soovid pakkuda toitainerikast, kergesti seeditavat ja looduslikku toitu. Monoproteiin ehk ainult kitse liha tagab sobivuse ka tundliku seedimise ja toiduallergiatega koertele. M\u00e4rgtoit on ilma soja, teravilja, gluteeni ja kanaliha ning kunstlike v\u00e4rv- ja s\u00e4ilitusaineteta ning suhkruvaba.<\/p>\n<h3>Peamised omadused<\/h3>\n<ul>\n<li>Monoproteiiniline koosseis \u2013 ainult kitse liha, sobib allergikutele ja tundliku seedimisega koertele<\/li>\n<li>Gluteeni-, teravilja- ja kanaliha vaba<\/li>\n<li>Pole lisatud kunstlikke v\u00e4rv-, s\u00e4ilitus- ega magusaineid<\/li>\n<li>Ei sisalda soja ega maisi<\/li>\n<li>Sobib k\u00f5ikidele t\u00f5ugudele ja t\u00f5usuurustele<\/li>\n<li>Toitainerikas ja h\u00e4sti seeditav m\u00e4rgtoit igap\u00e4evaseks s\u00f6\u00f6tmiseks<\/li>\n<li>Pakendatud 800 g metallpurki<\/li>\n<\/ul>\n<h3>Tehnilised andmed<\/h3>\n<ul>\n<li>Maht: 800 g (netokaal)<\/li>\n<li>M\u00f5\u00f5tmed: 120 \u00d7 100 \u00d7 100 mm<\/li>\n<li>Pakendi kaal: 907 g<\/li>\n<li>P\u00f5himaitse: kitse liha, kartul<\/li>\n<li>Toorvalk: 7,4%<\/li>\n<li>Rasvasisaldus: 3,8%<\/li>\n<li>Toorkiud: 0,5%<\/li>\n<li>Toortuhk: 1,5%<\/li>\n<li>Niiskusesisaldus: 84%<\/li>\n<li>Ei sisalda gluteeni, teravilja, soja, kanaliha ega suhkruid<\/li>\n<li>Sobib t\u00e4iskasvanud koertele, olenemata t\u00f5u suurusest<\/li>\n<li>EAN: 4260118925480<\/li>\n<li>Toote ID: DLPOCAKAM0002<\/li>\n<\/ul>\n<h3>Kasutamisjuhised<\/h3>\n<p>Ava purk ja serveeri toit koerale sobiva koguse kaupa, s\u00f5ltuvalt looma kaalust, aktiivsusest ja \u00fcldisest seisundist. Hoia avamata toitu kuivas ja jahedas ning avatud purk kata ja s\u00e4ilita k\u00fclmkapis ning kasuta \u00e4ra paari p\u00e4eva jooksul. Toode on ette n\u00e4htud ainult koertele, mitte inimtoiduks. J\u00e4rgige alati s\u00e4ilivuskuup\u00e4eva. Monoproteiinina sobib h\u00e4sti ka tundlikule v\u00f5i allergilisele koerale.<\/p>\n","protected":false},"excerpt":{"rendered":"<p>O&#8217;Canis kitsega m\u00e4rg koeratoit on gluteenivaba konserv t\u00e4iskasvanud koertele, sisaldab kitse liha ja kartulit 800 g purgis.<\/p>\n","protected":false},"featured_media":261050,"comment_status":"open","ping_status":"closed","template":"","meta":[],"product_brand":[7216],"product_cat":[8796],"product_tag":[],"class_list":{"0":"post-261051","1":"product","2":"type-product","3":"status-publish","4":"has-post-thumbnail","6":"product_brand-ocanis","7":"product_cat-margtoit-ja-konservid-koertele","8":"product_shipping_class-action","9":"pa_annustamise-vorm-tahke","10":"pa_gluteenivaba-jah","11":"pa_hoiatused-ei-ole-moeldud-inimtoiduks","12":"pa_hoiatused-hoida-kuivas-ja-jahedas-kohas","13":"pa_hoiatused-kasutada-enne-pakendil-margitud-kuupaeva","14":"pa_ilma-kunstlike-varvideta-jah","15":"pa_kaaluvahemik-500-g-999-g","16":"pa_koeratoug-koik-toud","17":"pa_lemmiku-eluetapp-taiskasvanud","18":"pa_lemmiku-vajadused-pole-erivajadusi","19":"pa_lemmiku-vanus-taiskasvanud","20":"pa_lisafunktsioonid-gluteenivaba","21":"pa_lisafunktsioonid-kanavaba","22":"pa_lisafunktsioonid-monoproteiin","23":"pa_lisafunktsioonid-teraviljavaba","24":"pa_lisafunktsioonid-toidu-talumatus","25":"pa_lisafunktsioonid-uldine-tervis","26":"pa_niiskuse-sisaldus-9213","27":"pa_pakendi-tuup-konserv","28":"pa_pohimaitse-kits","29":"pa_proteiin-14559","30":"pa_rasva-sisaldus-10858","31":"pa_sailitusaineteta-jah","32":"pa_sobivus-koerale","33":"pa_sojavaba-jah","34":"pa_suhkruvaba-jah","35":"pa_toorkiud-10768","36":"pa_toorvalk-10808","37":"pa_tou-suurus-sobib-koikidele-tougudele","39":"first","40":"instock","41":"taxable","42":"shipping-taxable","43":"purchasable","44":"product-type-simple"},"_links":{"self":[{"href":"https:\/\/blankpage.ee\/_ruumist-ruumi\/wp-json\/wp\/v2\/product\/261051","targetHints":{"allow":["GET"]}}],"collection":[{"href":"https:\/\/blankpage.ee\/_ruumist-ruumi\/wp-json\/wp\/v2\/product"}],"about":[{"href":"https:\/\/blankpage.ee\/_ruumist-ruumi\/wp-json\/wp\/v2\/types\/product"}],"replies":[{"embeddable":true,"href":"https:\/\/blankpage.ee\/_ruumist-ruumi\/wp-json\/wp\/v2\/comments?post=261051"}],"wp:featuredmedia":[{"embeddable":true,"href":"https:\/\/blankpage.ee\/_ruumist-ruumi\/wp-json\/wp\/v2\/media\/261050"}],"wp:attachment":[{"href":"https:\/\/blankpage.ee\/_ruumist-ruumi\/wp-json\/wp\/v2\/media?parent=261051"}],"wp:term":[{"taxonomy":"product_brand","embeddable":true,"href":"https:\/\/blankpage.ee\/_ruumist-ruumi\/wp-json\/wp\/v2\/product_brand?post=261051"},{"taxonomy":"product_cat","embeddable":true,"href":"https:\/\/blankpage.ee\/_ruumist-ruumi\/wp-json\/wp\/v2\/product_cat?post=261051"},{"taxonomy":"product_tag","embeddable":true,"href":"https:\/\/blankpage.ee\/_ruumist-ruumi\/wp-json\/wp\/v2\/product_tag?post=261051"}],"curies":[{"name":"wp","href":"https:\/\/api.w.org\/{rel}","templated":true}]}}