{"id":261053,"date":"2025-08-11T18:00:52","date_gmt":"2025-08-11T18:00:52","guid":{"rendered":"https:\/\/ruumistruumi.ee\/pood\/ocanis-400-g-hobuseliha-koogiviljade-ja-linaseemnetega-teraviljavaba-margtoit-koikidele-koeratougudele\/"},"modified":"2025-08-20T12:52:54","modified_gmt":"2025-08-20T12:52:54","slug":"ocanis-400-g-hobuseliha-koogiviljade-ja-linaseemnetega-teraviljavaba-margtoit-koikidele-koeratougudele","status":"publish","type":"product","link":"https:\/\/blankpage.ee\/_ruumist-ruumi\/pood\/ocanis-400-g-hobuseliha-koogiviljade-ja-linaseemnetega-teraviljavaba-margtoit-koikidele-koeratougudele\/","title":{"rendered":"O&#8217;Canis 400 g hobuseliha, k\u00f6\u00f6giviljade ja linaseemnetega teraviljavaba m\u00e4rgtoit k\u00f5ikidele koerat\u00f5ugudele"},"content":{"rendered":"<h3>O&#8217;Canis hobuseliha m\u00e4rgtoit koertele k\u00f6\u00f6giviljade ja linaseemnetega, 400 g<\/h3>\n<p>O&#8217;Canis hobuseliha, k\u00f6\u00f6giviljade ja linaseemnetega m\u00e4rgtoit on t\u00e4isv\u00e4\u00e4rtuslik ja tervislik eine igas vanuses ning igas suuruses koertele. See kvaliteetne, teravilja- ja gluteenivaba m\u00e4rgtoit sisaldab ainult looduslikke koostisosi ning ei sisalda kunstlikke v\u00e4rv- ega s\u00e4ilitusaineid. Toit sobib ka allergilistele ja tundliku seedimisega lemmikutele. Hobuseliha on ainus valguallikas selles retseptis, mist\u00f5ttu on toit monoproteiinne ning sobib h\u00e4sti allergia- v\u00f5i tundliku seedimisega koertele. Purki on lisatud ka porgandit ja linaseemneid, mis toetavad seedimist ning \u00fcldist heaolu.<\/p>\n<h3>Peamised omadused<\/h3>\n<ul>\n<li>Monoproteiin: sisaldab ainult hobuseliha, sobib allergilistele koertele<\/li>\n<li>Teravilja- ja gluteenivaba koostis<\/li>\n<li>Ei sisalda kunstlikke v\u00e4rvaineid, l\u00f5hna- ega maitseaineid<\/li>\n<li>S\u00e4ilitusainete- ja suhkruvaba<\/li>\n<li>Lisatud k\u00f6\u00f6giviljad (porgand) ja linaseemned loodusliku kiudainete ja omega-3 allikana<\/li>\n<li>Toetab \u00fcldist tervist, soodustab head seedimist<\/li>\n<li>Sobib igat t\u00f5ugu ja igas vanuses koertele<\/li>\n<li>Kanavaba \u2013 sobib ka tundlikule koerale<\/li>\n<\/ul>\n<h3>Tehnilised andmed<\/h3>\n<ul>\n<li>Pakk: 400 g metallpurk<\/li>\n<li>M\u00f5\u00f5dud: 120 \u00d7 70 \u00d7 70 mm<\/li>\n<li>Sobib k\u00f5ikidele koerat\u00f5ugudele ja igas vanuses koertele<\/li>\n<li>Koostis: 90% hobuseliha (lihased, kops, s\u00fcda, k\u00f5ri, hingetoru, maks), 5% porgandit, 5% linaseemneid<\/li>\n<li>Toorproteiin: 11,2%<\/li>\n<li>Rasvasisaldus: 4,8%<\/li>\n<li>Toorkiud: 0,5%<\/li>\n<li>Niiskusesisaldus: 79,2%<\/li>\n<li>S\u00e4ilitada kuivas ja jahedas kohas; kasutada enne aegumist\u00e4htaega<\/li>\n<li>EAN: 4260118921642<\/li>\n<\/ul>\n<h3>Kasutamisjuhised<\/h3>\n<p>Serveeri O&#8217;Canis hobuseliha m\u00e4rgtoitu koerale vastavalt tema kehamassile ja vanusele. \u00dcldjuhul soovitatakse t\u00e4iskasvanud koertele anda p\u00e4evas 2\u20133% nende kehakaalust toidu kujul (n\u00e4iteks 10-kilosele koerale 200\u2013300 grammi p\u00e4evas). Kutsikad, tiined, imetavad ja eriti aktiivsed koerad v\u00f5ivad vajada suuremat kogust. S\u00f6\u00f6tmissoovitus on siiski individuaalne ja s\u00f5ltub koera aktiivsustasemest ning ainevahetusest. Avatud purki hoia k\u00fclmikus ning kasuta \u00e4ra 1\u20132 p\u00e4eva jooksul. Puhas ja v\u00e4rske joogivesi peaks alati olema k\u00e4ttesaadav.<\/p>\n","protected":false},"excerpt":{"rendered":"<p>O&#8217;Canis hobuseliha, k\u00f6\u00f6giviljade ja linaseemnetega teraviljavaba m\u00e4rgtoit sobib k\u00f5ikidele koerat\u00f5ugudele, pakkudes looduslikku ja toitvat einevalikut. Purk sisaldab 400 g maitsek\u00fcllast koeratoitu, mis toetab igas vanuses lemmiku \u00fcldist tervist.<\/p>\n","protected":false},"featured_media":261052,"comment_status":"open","ping_status":"closed","template":"","meta":[],"product_brand":[7216],"product_cat":[8796],"product_tag":[],"class_list":{"0":"post-261053","1":"product","2":"type-product","3":"status-publish","4":"has-post-thumbnail","6":"product_brand-ocanis","7":"product_cat-margtoit-ja-konservid-koertele","8":"product_shipping_class-action","9":"pa_annustamise-vorm-tahke","10":"pa_gluteenivaba-jah","11":"pa_hoiatused-hoida-kuivas-ja-jahedas-kohas","12":"pa_hoiatused-kasutada-enne-kolblikkusaja-loppu","13":"pa_hoiatused-mitte-kasutada-inimtoiduks","14":"pa_ilma-kunstlike-varvideta-jah","15":"pa_ilma-kunstlisete-lisanditeta-jah","16":"pa_kaaluvahemik-201-g-499-g","17":"pa_koeratoug-koik-toud","18":"pa_lemmiku-eluetapp-igas-vanuses","19":"pa_lemmiku-vajadused-puuduvad-erilised-vajadused","20":"pa_lemmiku-vanus-koigis-vanustes","21":"pa_lisafunktsioonid-kanavaba","22":"pa_lisafunktsioonid-uldtervis","23":"pa_loomaliik-koer","24":"pa_niiskuse-sisaldus-11151","25":"pa_pakendi-tuup-purk","26":"pa_pohimaitse-hobune","27":"pa_pohimaitse-hobuseliha","28":"pa_pohimaitse-porgand","29":"pa_portsjoni-suurus-400-g","30":"pa_proteiin-11199","31":"pa_rasva-sisaldus-10812","32":"pa_sailitusaineteta-jah","33":"pa_sobib-koer","34":"pa_sobivus-koerale","35":"pa_sojavaba-jah","36":"pa_suhkruvaba-jah","37":"pa_tervisemoju-uldtervis","38":"pa_toorkiud-10768","39":"pa_toorvalk-11191","40":"pa_tou-suurus-sobib-koikidele-tougudele","42":"first","43":"outofstock","44":"taxable","45":"shipping-taxable","46":"purchasable","47":"product-type-simple"},"_links":{"self":[{"href":"https:\/\/blankpage.ee\/_ruumist-ruumi\/wp-json\/wp\/v2\/product\/261053","targetHints":{"allow":["GET"]}}],"collection":[{"href":"https:\/\/blankpage.ee\/_ruumist-ruumi\/wp-json\/wp\/v2\/product"}],"about":[{"href":"https:\/\/blankpage.ee\/_ruumist-ruumi\/wp-json\/wp\/v2\/types\/product"}],"replies":[{"embeddable":true,"href":"https:\/\/blankpage.ee\/_ruumist-ruumi\/wp-json\/wp\/v2\/comments?post=261053"}],"wp:featuredmedia":[{"embeddable":true,"href":"https:\/\/blankpage.ee\/_ruumist-ruumi\/wp-json\/wp\/v2\/media\/261052"}],"wp:attachment":[{"href":"https:\/\/blankpage.ee\/_ruumist-ruumi\/wp-json\/wp\/v2\/media?parent=261053"}],"wp:term":[{"taxonomy":"product_brand","embeddable":true,"href":"https:\/\/blankpage.ee\/_ruumist-ruumi\/wp-json\/wp\/v2\/product_brand?post=261053"},{"taxonomy":"product_cat","embeddable":true,"href":"https:\/\/blankpage.ee\/_ruumist-ruumi\/wp-json\/wp\/v2\/product_cat?post=261053"},{"taxonomy":"product_tag","embeddable":true,"href":"https:\/\/blankpage.ee\/_ruumist-ruumi\/wp-json\/wp\/v2\/product_tag?post=261053"}],"curies":[{"name":"wp","href":"https:\/\/api.w.org\/{rel}","templated":true}]}}