{"id":261478,"date":"2025-08-11T21:29:17","date_gmt":"2025-08-11T21:29:17","guid":{"rendered":"https:\/\/ruumistruumi.ee\/pood\/animonda-grancarno-adult-800-g-pardilihaga-gluteenivaba-margtoit-taiskasvanud-koertele\/"},"modified":"2025-08-18T01:18:22","modified_gmt":"2025-08-18T01:18:22","slug":"animonda-grancarno-adult-800-g-pardilihaga-gluteenivaba-margtoit-taiskasvanud-koertele","status":"publish","type":"product","link":"https:\/\/blankpage.ee\/_ruumist-ruumi\/pood\/animonda-grancarno-adult-800-g-pardilihaga-gluteenivaba-margtoit-taiskasvanud-koertele\/","title":{"rendered":"Animonda GranCarno Adult 800 g pardilihaga gluteenivaba m\u00e4rgtoit t\u00e4iskasvanud koertele"},"content":{"rendered":"<h3>Animonda GranCarno Adult 400 g pardilihaga m\u00e4rgtoit t\u00e4iskasvanud koertele<\/h3>\n<p>Animonda GranCarno Adult pardilihaga m\u00e4rgtoit on t\u00e4isv\u00e4\u00e4rtuslik ja tasakaalustatud toit t\u00e4iskasvanud koertele. See gluteenivaba ja teraviljavaba m\u00e4rgtoit sobib igap\u00e4evaseks toiduks igas suuruses ning t\u00f5ugu koertele ja pakub loomulikult liha- ja valgurohket men\u00fc\u00fcd. Kvaliteetsed lihalised koostisosad ning puhtad retseptid teevad selle sobivaks ka tundliku seedimisega v\u00f5i allergiaga koertele.<\/p>\n<h3>Peamised omadused<\/h3>\n<ul>\n<li>100% v\u00e4rsked lihalised koostisosad (sh pardiliha)<\/li>\n<li>Gluteenivaba ja teraviljavaba \u2013 sobib ka tundliku seedimisega koertele<\/li>\n<li>Ei sisalda soja, suhkrut ega kunstlikke v\u00e4rvaineid<\/li>\n<li>Toetab \u00fcldist tervist ja on m\u00f5eldud t\u00e4iskasvanud koertele<\/li>\n<li>Sobilik k\u00f5ikidele koerat\u00f5ugudele ja igas suuruses koertele<\/li>\n<li>Praktiline 400 g metallpurk<\/li>\n<\/ul>\n<h3>Tehnilised andmed<\/h3>\n<ul>\n<li>P\u00f5himaitse: pardiliha<\/li>\n<li>Toote kaal: 400 g (pakendiga koos 460 g)<\/li>\n<li>M\u00f5\u00f5tmed: 75 \u00d7 110 \u00d7 75 mm<\/li>\n<li>Niiskusesisaldus: 79%<\/li>\n<li>Proteiinisisaldus: 10,5%<\/li>\n<li>Toorvalk: 2,5%<\/li>\n<li>Rasvasisaldus: 5%<\/li>\n<li>Toorkiud: 0,4%<\/li>\n<li>S\u00e4ilitada kuivas ja jahedas kohas, kasutada enne m\u00e4rgitud kuup\u00e4eva<\/li>\n<li>Lihtsasti avatav ja doseeritav purk<\/li>\n<\/ul>\n<h3>Kasutamisjuhised<\/h3>\n<p>Animonda GranCarno Adult pardilihaga m\u00e4rgtoit on kasutamiseks valmis \u2013 ava purk ja serveeri vastavalt koera kehakaalule ning p\u00e4evasele s\u00f6\u00f6tmissoovitusele. Sobib suurep\u00e4raselt igap\u00e4evaseks toiduks. Vajadusel sega toitu kergelt enne serveerimist. Kui toit j\u00e4\u00e4b \u00fcle, kata avatud purk ning hoia k\u00fclmkapis, kasutades see \u00e4ra 1\u20132 p\u00e4eva jooksul.<\/p>\n<p>Toit ei vaja lisandeid, kuna sisaldab koerale vajalikke toitaineid. Hoolitse, et koeral oleks alati v\u00e4rske joogivesi k\u00e4ttesaadav. Toidukompositsioon sobib k\u00f5ikidele t\u00f5ugudele ning sobib eriti h\u00e4sti ka gluteeni- ja teraviljavaba dieeti vajavatele v\u00f5i toiduallergilistele koertele.<\/p>\n<p>Animonda GranCarno Adult pardilihaga m\u00e4rgtoit \u00fchendab Saksa kvaliteedi ning loomuliku maitsekogemuse, pakkudes sinu koerale parimat igap\u00e4evast toitu.<\/p>\n","protected":false},"excerpt":{"rendered":"<p>Animonda GranCarno Adult pardilihaga m\u00e4rgtoit on gluteenivaba t\u00e4iss\u00f6\u00f6t t\u00e4iskasvanud koertele, valmistatud v\u00e4rskest pardilihast. Sobib k\u00f5ikidele t\u00f5ugudele igap\u00e4evaseks toitmiseks.<\/p>\n","protected":false},"featured_media":261477,"comment_status":"open","ping_status":"closed","template":"","meta":[],"product_brand":[7161],"product_cat":[8796],"product_tag":[],"class_list":{"0":"post-261478","1":"product","2":"type-product","3":"status-publish","4":"has-post-thumbnail","6":"product_brand-animonda","7":"product_cat-margtoit-ja-konservid-koertele","8":"product_shipping_class-action","9":"pa_annustamise-vorm-tahke","10":"pa_gluteenivaba-jah","11":"pa_hoiatused-ei-ole-ette-nahtud-inimtoiduks","12":"pa_hoiatused-hoida-kuivas-ja-jahedas-kohas","13":"pa_hoiatused-kasutada-enne-aegumiskuupaeva","14":"pa_ilma-kunstlike-varvideta-jah","15":"pa_kaaluvahemik-500-g-999-g","16":"pa_koeratoug-koik-toud","17":"pa_lemmiku-eluetapp-taiskasvanud","18":"pa_lemmiku-vajadused-ei-ole-spetsiifilisi-vajadusi","19":"pa_lemmiku-vanus-taiskasvanud","20":"pa_lisafunktsioonid-gluteenivaba","21":"pa_lisafunktsioonid-teraviljavaba","22":"pa_lisafunktsioonid-uldine-tervis","23":"pa_niiskuse-sisaldus-8813","24":"pa_pakendi-tuup-purk","25":"pa_pohimaitse-part","26":"pa_proteiin-10822","27":"pa_rasva-sisaldus-8801","28":"pa_seeria-animonda-grancarno","29":"pa_sobivus-koerale","30":"pa_sojavaba-jah","31":"pa_suhkruvaba-jah","32":"pa_toorkiud-10757","33":"pa_toorvalk-10764","34":"pa_tou-suurus-sobib-koikidele-tougudele","36":"first","37":"instock","38":"taxable","39":"shipping-taxable","40":"purchasable","41":"product-type-simple"},"_links":{"self":[{"href":"https:\/\/blankpage.ee\/_ruumist-ruumi\/wp-json\/wp\/v2\/product\/261478","targetHints":{"allow":["GET"]}}],"collection":[{"href":"https:\/\/blankpage.ee\/_ruumist-ruumi\/wp-json\/wp\/v2\/product"}],"about":[{"href":"https:\/\/blankpage.ee\/_ruumist-ruumi\/wp-json\/wp\/v2\/types\/product"}],"replies":[{"embeddable":true,"href":"https:\/\/blankpage.ee\/_ruumist-ruumi\/wp-json\/wp\/v2\/comments?post=261478"}],"wp:featuredmedia":[{"embeddable":true,"href":"https:\/\/blankpage.ee\/_ruumist-ruumi\/wp-json\/wp\/v2\/media\/261477"}],"wp:attachment":[{"href":"https:\/\/blankpage.ee\/_ruumist-ruumi\/wp-json\/wp\/v2\/media?parent=261478"}],"wp:term":[{"taxonomy":"product_brand","embeddable":true,"href":"https:\/\/blankpage.ee\/_ruumist-ruumi\/wp-json\/wp\/v2\/product_brand?post=261478"},{"taxonomy":"product_cat","embeddable":true,"href":"https:\/\/blankpage.ee\/_ruumist-ruumi\/wp-json\/wp\/v2\/product_cat?post=261478"},{"taxonomy":"product_tag","embeddable":true,"href":"https:\/\/blankpage.ee\/_ruumist-ruumi\/wp-json\/wp\/v2\/product_tag?post=261478"}],"curies":[{"name":"wp","href":"https:\/\/api.w.org\/{rel}","templated":true}]}}