{"id":261480,"date":"2025-08-11T21:30:32","date_gmt":"2025-08-11T21:30:32","guid":{"rendered":"https:\/\/ruumistruumi.ee\/pood\/alpha-spirit-wet-ham-with-melon-400-g-teraviljavaba-monoproteiinne-margtoit-taiskasvanud-koertele\/"},"modified":"2025-08-21T07:50:33","modified_gmt":"2025-08-21T07:50:33","slug":"alpha-spirit-wet-ham-with-melon-400-g-teraviljavaba-monoproteiinne-margtoit-taiskasvanud-koertele","status":"publish","type":"product","link":"https:\/\/blankpage.ee\/_ruumist-ruumi\/pood\/alpha-spirit-wet-ham-with-melon-400-g-teraviljavaba-monoproteiinne-margtoit-taiskasvanud-koertele\/","title":{"rendered":"Alpha Spirit Wet Ham with Melon 400 g teraviljavaba monoproteiinne m\u00e4rgtoit t\u00e4iskasvanud koertele"},"content":{"rendered":"<h3>Alpha Spirit Wet Ham with Melon 400 g teraviljavaba m\u00e4rg koeratoit sealiha ja meloniga<\/h3>\n<p>Alpha Spirit WET Ham with Melon on tasakaalustatud ja t\u00e4isv\u00e4\u00e4rtuslik m\u00e4rgtoit t\u00e4iskasvanud koertele, mis sobib ideaalselt tundliku seedimise v\u00f5i toiduallergiatega lemmikutele. T\u00e4nu teravilja-, gluteeni-, soja- ja kana puudumisele on see toit ideaalne valik toidutundlikele v\u00f5i allergikutele igas t\u00f5us ja suuruses koertele. Monoproteiinne koostis p\u00f5hineb sealihal ja melonil, pakkudes mahedat, h\u00e4sti seeditavat valgualikat ning vitamiinirikkaid puuvilju sinu koera \u00fcldiseks heaoluks.<\/p>\n<h3>Peamised omadused<\/h3>\n<ul>\n<li><strong>Teraviljavaba ja gluteenivaba<\/strong> \u2013 sobib allergikutele ja tundliku seedimisega koertele.<\/li>\n<li><strong>Monoproteiinne<\/strong> \u2013 \u00fcks loomne valguallikas (sealiha), v\u00e4hendab allergiaohtu ja soodustab paremat seedimist.<\/li>\n<li><strong>Kana- ja sojavaba<\/strong> \u2013 ei sisalda kana ega soja, sobib ka nende suhtes tundlikele lemmikloomadele.<\/li>\n<li><strong>Lisatud melon<\/strong> \u2013 puuvili toetab seedimist ning annab lisaks vajalikke mineraalaineid.<\/li>\n<li><strong>Ei sisalda kunstlikke v\u00e4rvaineid, l\u00f5hna- ega maitseaineid<\/strong>.<\/li>\n<li><strong>Suhkruvaba ja k\u00f5rge niiskusesisaldusega<\/strong> \u2013 aitab hoida koera h\u00fcdreerituna ja sobib igap\u00e4evaseks toiduks.<\/li>\n<li><strong>Sobib k\u00f5igile t\u00e4iskasvanud koerat\u00f5ugudele ja -suurustele<\/strong>.<\/li>\n<li><strong>Pakendi t\u00fc\u00fcp:<\/strong> mugav 400 g metallpurk.<\/li>\n<\/ul>\n<h3>Tehnilised andmed<\/h3>\n<ul>\n<li>Netokaal: 400 g; brutokaal koos purgiga: 446 g<\/li>\n<li>M\u00f5\u00f5tmed: 74 \u00d7 112 \u00d7 74 mm<\/li>\n<li>Toorvalk: 12%<\/li>\n<li>Rasvasisaldus: 8%<\/li>\n<li>Toorkiud: 1,5%<\/li>\n<li>Toortuhk: 2,8%<\/li>\n<li>Niiskus: 75,5%<\/li>\n<li>Metaboliseeritav energia: 1208 kcal\/kg<\/li>\n<li>Koostis: 53% sealiha (kopsud, magu, maks), 40% sink, 4% melon, \u017eelatiin, peedimass, mineraalained, v\u00fcrtsid<\/li>\n<li>Sobib t\u00e4iskasvanud koertele, k\u00f5ikidele t\u00f5ugudele<\/li>\n<\/ul>\n<h3>Kasutusjuhend<\/h3>\n<p>Paku Alpha Spirit Wet Ham with Melon m\u00e4rgtoitu igap\u00e4evase p\u00f5hitoiduna t\u00e4iskasvanud koerale tema kehakaalu, vanuse ja aktiivsustaseme j\u00e4rgi. P\u00e4evane soovituslik toidukogus:<\/p>\n<ul>\n<li>2\u20135 kg: 153\u2013305 g<\/li>\n<li>10\u201315 kg: 512\u2013694 g<\/li>\n<li>20\u201325 kg: 861\u20131018 g<\/li>\n<li>30\u201340 kg: 1167\u20131448 g<\/li>\n<li>50\u201360 kg: 1520\u20131963 g<\/li>\n<\/ul>\n<p>Serveeri toitu toatemperatuuril. P\u00e4rast avamist hoia purk k\u00fclmkapis ja kasuta 24 tunni jooksul. V\u00e4rske joogivesi peab alati olema koerale saadaval.<br \/>\nS\u00e4ilita purki kuivas, jahedas kohas, kaitstes seda otsese p\u00e4ikesevalguse eest. \u00c4ra kasuta toodet p\u00e4rast parim enne kuup\u00e4eva.<br \/>\nToit on m\u00f5eldud ainult koertele.<\/p>\n<h3>Kas see sobib sinu lemmikule?<\/h3>\n<p>Alpha Spirit Wet Ham with Melon on sobiv valik koertele, kellel on toiduallergiad v\u00f5i tundlik seedimine: gluteeni-, teravilja-, soja- ja kana puudumine teeb selle eriti sobivaks allergikutele. Monoproteiinse retsepti t\u00f5ttu on see ohutu valik ka neile, kellele on soovitatud piiratud valguallikaid. Loomulik koostis meeldib isegi valivamatele s\u00f6\u00f6jatele.<\/p>\n<h3>Miks valida just see m\u00e4rgtoit?<\/h3>\n<ul>\n<li>100% teraviljavaba ja gluteenivaba koostis<\/li>\n<li>Lisatud melon toetab seedimist ja muudab maitse atraktiivseks<\/li>\n<li>Ainult \u00fcks loomne valguallikas \u2013 sobilik ka toiduallergiaga koertele<\/li>\n<li>Ei sisalda kunstlikke lisaaineid \u2013 toetab \u00fcldist tervist ja heaolu<\/li>\n<\/ul>\n<h3>Komplektis<\/h3>\n<ul>\n<li>Komplektis 1 \u00d7 400 g metallpurk m\u00e4rgtoitu<\/li>\n<li>Ei vaja t\u00e4iendavaid lisatarvikuid; valmis kasutamiseks kohe p\u00e4rast avamist<\/li>\n<\/ul>\n","protected":false},"excerpt":{"rendered":"<p>Alpha Spirit Wet Ham with Melon on t\u00e4iss\u00f6\u00f6t t\u00e4iskasvanud koertele, mis sisaldab 12% valku ega sisalda teravilja ega kana. Sobib k\u00f5ikidele t\u00f5ugudele, toetab seedimist ja on sobiv tundlikele v\u00f5i allergilistele koertele.<\/p>\n","protected":false},"featured_media":261479,"comment_status":"open","ping_status":"closed","template":"","meta":[],"product_brand":[7190],"product_cat":[8796],"product_tag":[],"class_list":{"0":"post-261480","1":"product","2":"type-product","3":"status-publish","4":"has-post-thumbnail","6":"product_brand-alpha-spirit","7":"product_cat-margtoit-ja-konservid-koertele","8":"product_shipping_class-action","9":"pa_annustamise-vorm-tahke","10":"pa_gluteenivaba-jah","11":"pa_hoiatused-hoida-kuivas-ja-jahedas-kohas","12":"pa_hoiatused-kasutada-enne-aegumiskuupaeva","13":"pa_hoiatused-mitte-kasutada-inimtoiduks","14":"pa_ilma-kunstlike-varvideta-jah","15":"pa_kaaluvahemik-201-g-499-g","16":"pa_koeratoug-koik-toud","17":"pa_lemmiku-eluetapp-taiskasvanud","18":"pa_lemmiku-vajadused-oige-seedimine","19":"pa_lemmiku-vajadused-toiduallergia","20":"pa_lemmiku-vanus-taiskasvanu","21":"pa_lisafunktsioonid-allergia","22":"pa_lisafunktsioonid-gluteenivaba","23":"pa_lisafunktsioonid-kanavaba","24":"pa_lisafunktsioonid-monoproteiin","25":"pa_lisafunktsioonid-seedetrakti-probleemid","26":"pa_lisafunktsioonid-seedimise-tugi","27":"pa_lisafunktsioonid-teraviljavaba","28":"pa_lisafunktsioonid-toidutundlikkus","29":"pa_lisafunktsioonid-uldtervis","30":"pa_niiskuse-sisaldus-14545","31":"pa_pakendi-tuup-purk","32":"pa_pohimaitse-sealiha","33":"pa_proteiin-8850","34":"pa_rasva-sisaldus-8043","35":"pa_sobivus-koerale","36":"pa_sojavaba-jah","37":"pa_suhkruvaba-jah","38":"pa_toorkiud-7713","39":"pa_toorvalk-8769","40":"pa_tou-suurus-sobib-koikidele-tougudele","42":"first","43":"instock","44":"taxable","45":"shipping-taxable","46":"purchasable","47":"product-type-simple"},"_links":{"self":[{"href":"https:\/\/blankpage.ee\/_ruumist-ruumi\/wp-json\/wp\/v2\/product\/261480","targetHints":{"allow":["GET"]}}],"collection":[{"href":"https:\/\/blankpage.ee\/_ruumist-ruumi\/wp-json\/wp\/v2\/product"}],"about":[{"href":"https:\/\/blankpage.ee\/_ruumist-ruumi\/wp-json\/wp\/v2\/types\/product"}],"replies":[{"embeddable":true,"href":"https:\/\/blankpage.ee\/_ruumist-ruumi\/wp-json\/wp\/v2\/comments?post=261480"}],"wp:featuredmedia":[{"embeddable":true,"href":"https:\/\/blankpage.ee\/_ruumist-ruumi\/wp-json\/wp\/v2\/media\/261479"}],"wp:attachment":[{"href":"https:\/\/blankpage.ee\/_ruumist-ruumi\/wp-json\/wp\/v2\/media?parent=261480"}],"wp:term":[{"taxonomy":"product_brand","embeddable":true,"href":"https:\/\/blankpage.ee\/_ruumist-ruumi\/wp-json\/wp\/v2\/product_brand?post=261480"},{"taxonomy":"product_cat","embeddable":true,"href":"https:\/\/blankpage.ee\/_ruumist-ruumi\/wp-json\/wp\/v2\/product_cat?post=261480"},{"taxonomy":"product_tag","embeddable":true,"href":"https:\/\/blankpage.ee\/_ruumist-ruumi\/wp-json\/wp\/v2\/product_tag?post=261480"}],"curies":[{"name":"wp","href":"https:\/\/api.w.org\/{rel}","templated":true}]}}