{"id":261484,"date":"2025-08-11T21:33:01","date_gmt":"2025-08-11T21:33:01","guid":{"rendered":"https:\/\/ruumistruumi.ee\/pood\/alpha-spirit-turkey-with-pear-400-g-teravilja-ja-gluteenivaba-margtoit-taiskasvanud-koertele\/"},"modified":"2025-08-20T12:43:48","modified_gmt":"2025-08-20T12:43:48","slug":"alpha-spirit-turkey-with-pear-400-g-teravilja-ja-gluteenivaba-margtoit-taiskasvanud-koertele","status":"publish","type":"product","link":"https:\/\/blankpage.ee\/_ruumist-ruumi\/pood\/alpha-spirit-turkey-with-pear-400-g-teravilja-ja-gluteenivaba-margtoit-taiskasvanud-koertele\/","title":{"rendered":"Alpha Spirit Turkey with Pear 400 g teravilja- ja gluteenivaba m\u00e4rgtoit t\u00e4iskasvanud koertele"},"content":{"rendered":"<h3>Alpha Spirit Turkey with Pear 400 g teravilja- ja gluteenivaba m\u00e4rgtoit t\u00e4iskasvanud koertele<\/h3>\n<p>Alpha Spirit WET Turkey with pear on t\u00e4isv\u00e4\u00e4rtuslik m\u00e4rgtoit, mis on v\u00e4lja t\u00f6\u00f6tatud just t\u00e4iskasvanud koertele, kellel esineb tundlikku seedimist, toiduallergiaid v\u00f5i kes vajavad \u00fcldist seedes\u00fcsteemi toetust. Selle \u00fcheks peamiseks tugevuseks on k\u00f5rge lihasisaldus ning monoproteiinne koostis, kus p\u00f5hiliseks valguallikaks on kalkuniliha. Toode ei sisalda kana, teravilju, gluteeni ega sojat \u2013 sobib eriti h\u00e4sti koertele, kellel esineb vastava t\u00fc\u00fcpi toiduainete talumatus v\u00f5i allergia.<\/p>\n<h3>Peamised omadused<\/h3>\n<ul>\n<li><strong>T\u00e4ielikult kana-, soja-, teravilja- ja gluteenivaba:<\/strong> Sobib ka k\u00f5ige tundlikuma seedimisega koertele ning aitab v\u00e4ltida levinumaid allergeene.<\/li>\n<li><strong>Monoproteiin \u2013 ainult kalkun:<\/strong> Soodustab lihtsamat seedimist ning v\u00e4hendab allergiaohtu.<\/li>\n<li><strong>Pirni lisand:<\/strong> Loomulik kiudainete ja antioks\u00fcdantide allikas, mis aitab toetada seedimist.<\/li>\n<li><strong>Igas suuruses ja t\u00f5ugu t\u00e4iskasvanud koertele:<\/strong> Sobib k\u00f5igile koerat\u00f5ugudele.<\/li>\n<li><strong>Ei sisalda lisatud suhkrut, kunstlikke v\u00e4rvaineid ega maitseparandajaid:<\/strong> Loomulik ja tervislik valik sinu lemmikloomale.<\/li>\n<li><strong>Konserveeritud mugavas 400 g purgis:<\/strong> Muu igap\u00e4evaseks serveerimiseks.<\/li>\n<li><strong>Vastab vajadustele:<\/strong> Seedimist toetav ja allergiat v\u00e4hendav retsept.<\/li>\n<li><strong>Rikkalik toitainete profiil:<\/strong> 12% proteiini, 8% rasva, 1,5% toorkiudu.<\/li>\n<\/ul>\n<h3>Tehnilised andmed<\/h3>\n<ul>\n<li><strong>Kogus:<\/strong> 400 g<\/li>\n<li><strong>P\u00f5himaitse:<\/strong> Kalkun ja pirn<\/li>\n<li><strong>Annustamise vorm:<\/strong> Tahke (m\u00e4rgtoit konservis)<\/li>\n<li><strong>M\u00f5\u00f5tmed:<\/strong> 75 \u00d7 75 \u00d7 110 mm<\/li>\n<li><strong>Pakendi kaal:<\/strong> 458 g<\/li>\n<li><strong>Niiskusesisaldus:<\/strong> 75,5%<\/li>\n<li><strong>Proteiin:<\/strong> 12%<\/li>\n<li><strong>Rasva sisaldus:<\/strong> 8%<\/li>\n<li><strong>Toorkiud:<\/strong> 1,5%<\/li>\n<li><strong>Toorvalk:<\/strong> 2,8%<\/li>\n<li><strong>Pakendi t\u00fc\u00fcp:<\/strong> Metallist konservpurk<\/li>\n<li><strong>Sobivus:<\/strong> K\u00f5ik t\u00f5ud, t\u00e4iskasvanud koerad<\/li>\n<li><strong>EAN:<\/strong> 8437013576178<\/li>\n<\/ul>\n<h3>Kasutamisjuhised<\/h3>\n<p>Serveeri toatemperatuuril vastavalt koera kehakaalule ja vajadustele \u2013 igap\u00e4evane toidukogus on m\u00e4rgitud pakendil. Sobib igap\u00e4evaseks t\u00e4istoiduks k\u00f5igile t\u00e4iskasvanud koerat\u00f5ugudele. Avatud konservi hoia k\u00fclmikus ja kasuta 24 tunni jooksul. Kindlasti paku lemmikule alati v\u00e4rsket joogivett. Toode on m\u00f5eldud ainult loomadele, mitte inimtoiduks. Hoia kuivas ja jahedas, p\u00e4ikese eest kaitstult.<\/p>\n<h3>Mille poolest see toode eristub?<\/h3>\n<ul>\n<li><strong>Maksimaalne seedimistugi<\/strong> \u2013 pirni lisamine ning teravilja- ja gluteenivaba koostis toetavad kerget seedimist ning sobivad allergikutele.<\/li>\n<li><strong>Monoproteiinne retsept:<\/strong> V\u00e4hendab toiduallergiate tekke riski ning suurendab omastatavust.<\/li>\n<li><strong>Looduslikud, kvaliteetsed koostisosad<\/strong> \u2013 ilma kunstlike lisandite ja v\u00e4rvaineteta.<\/li>\n<li><strong>Lihtne kasutada<\/strong> \u2013 konservvorm muudab serveerimise mugavaks.<\/li>\n<\/ul>\n<h3>Kvaliteet ja tootmine<\/h3>\n<p>Alpha Spirit on tuntud tootja, kes kasutab k\u00f5rgekvaliteedilisi koostisosi ning j\u00e4rgib n\u00fc\u00fcdisaegseid toiduohutusstandardeid. Toodetud Euroopa Liidus ning kontrollitud vastavalt kehtivatele n\u00f5uetele. S\u00e4ilivusaeg ja partiikood on pakendil. K\u00fcsimuste korral p\u00f6\u00f6rdu edasim\u00fc\u00fcja poole.<\/p>\n","protected":false},"excerpt":{"rendered":"<p>Alpha Spirit Turkey with Pear 400 g m\u00e4rgtoit on t\u00e4iskasvanud koertele m\u00f5eldud teravilja- ja gluteenivaba konserv, mis sisaldab kvaliteetset kalkuniliha ja pirni ning sobib igas suuruses ja t\u00f5ugu koertele.<\/p>\n","protected":false},"featured_media":261483,"comment_status":"open","ping_status":"closed","template":"","meta":[],"product_brand":[7190],"product_cat":[8796],"product_tag":[],"class_list":{"0":"post-261484","1":"product","2":"type-product","3":"status-publish","4":"has-post-thumbnail","6":"product_brand-alpha-spirit","7":"product_cat-margtoit-ja-konservid-koertele","8":"product_shipping_class-action","9":"pa_annustamise-vorm-tahke","10":"pa_gluteenivaba-jah","11":"pa_hoiatused-hoida-kuivas-ja-jahedas-kohas","12":"pa_hoiatused-kasutada-enne-pakendile-margitud-kuupaeva","13":"pa_hoiatused-mitte-kasutada-inimtoiduks","14":"pa_ilma-kunstlike-varvideta-jah","15":"pa_kaaluvahemik-201-g-499-g","16":"pa_koeratoug-koik-toud","17":"pa_lemmiku-eluetapp-taiskasvanud","18":"pa_lemmiku-vajadused-oige-seedimine","19":"pa_lemmiku-vajadused-toiduallergia","20":"pa_lemmiku-vanus-taiskasvanud","21":"pa_lisafunktsioonid-allergia","22":"pa_lisafunktsioonid-gluteenivaba","23":"pa_lisafunktsioonid-ilma-kanata","24":"pa_lisafunktsioonid-monoproteiin","25":"pa_lisafunktsioonid-seedetrakti-probleemide-jaoks","26":"pa_lisafunktsioonid-seedimise-tugi","27":"pa_lisafunktsioonid-teraviljavaba","28":"pa_lisafunktsioonid-toidutundlikkus","29":"pa_lisafunktsioonid-uldine-tervis","30":"pa_niiskuse-sisaldus-14545","31":"pa_pakendi-tuup-purk","32":"pa_pohimaitse-kalkun","33":"pa_proteiin-8850","34":"pa_rasva-sisaldus-8043","35":"pa_sobivus-koerale","36":"pa_sojavaba-jah","37":"pa_suhkruvaba-jah","38":"pa_toorkiud-7713","39":"pa_toorvalk-8769","40":"pa_tou-suurus-sobib-koikidele-tougudele","42":"first","43":"outofstock","44":"taxable","45":"shipping-taxable","46":"purchasable","47":"product-type-simple"},"_links":{"self":[{"href":"https:\/\/blankpage.ee\/_ruumist-ruumi\/wp-json\/wp\/v2\/product\/261484","targetHints":{"allow":["GET"]}}],"collection":[{"href":"https:\/\/blankpage.ee\/_ruumist-ruumi\/wp-json\/wp\/v2\/product"}],"about":[{"href":"https:\/\/blankpage.ee\/_ruumist-ruumi\/wp-json\/wp\/v2\/types\/product"}],"replies":[{"embeddable":true,"href":"https:\/\/blankpage.ee\/_ruumist-ruumi\/wp-json\/wp\/v2\/comments?post=261484"}],"wp:featuredmedia":[{"embeddable":true,"href":"https:\/\/blankpage.ee\/_ruumist-ruumi\/wp-json\/wp\/v2\/media\/261483"}],"wp:attachment":[{"href":"https:\/\/blankpage.ee\/_ruumist-ruumi\/wp-json\/wp\/v2\/media?parent=261484"}],"wp:term":[{"taxonomy":"product_brand","embeddable":true,"href":"https:\/\/blankpage.ee\/_ruumist-ruumi\/wp-json\/wp\/v2\/product_brand?post=261484"},{"taxonomy":"product_cat","embeddable":true,"href":"https:\/\/blankpage.ee\/_ruumist-ruumi\/wp-json\/wp\/v2\/product_cat?post=261484"},{"taxonomy":"product_tag","embeddable":true,"href":"https:\/\/blankpage.ee\/_ruumist-ruumi\/wp-json\/wp\/v2\/product_tag?post=261484"}],"curies":[{"name":"wp","href":"https:\/\/api.w.org\/{rel}","templated":true}]}}