{"id":29127,"date":"2024-12-05T14:59:33","date_gmt":"2024-12-05T14:59:33","guid":{"rendered":"https:\/\/ruumistruumi.ee\/pood\/silesidus-ouevaip-100-x-200-cm-lehemuster\/"},"modified":"2025-08-21T02:17:03","modified_gmt":"2025-08-21T02:17:03","slug":"silesidus-ouevaip-100-x-200-cm-lehemuster","status":"publish","type":"product","link":"https:\/\/blankpage.ee\/_ruumist-ruumi\/pood\/silesidus-ouevaip-100-x-200-cm-lehemuster\/","title":{"rendered":"Silesidus \u00f5uevaip, 100 x 200 cm, lehemuster"},"content":{"rendered":"<p>Kui teie \u00f5ueala vajab kaitsematti siis on see vaip suurep\u00e4raseks valikuks. Silesidus vaibad on valmistatud vastupidavast pol\u00fcprop\u00fcleenist. Vaip on UV- ning ilmastikukindla disainiga ning sobib kasutamiseks r\u00f5dul v\u00f5i terrassil. Oluline m\u00e4rkus: vaibad on h\u00f5lpsa transpordi huvides kokku rullitud. L\u00e4heb natuke aega, enne kui toode t\u00e4iuslikult lamedaks j\u00e4\u00e4b.<\/p>\n<ul>\n<li>V\u00e4rvus: kollane<\/li>\n<li>Materjal: 100% PP<\/li>\n<li>Suurus: 100 x 200 cm (L x P)<\/li>\n<li>Kogukaal: 800 gsm<\/li>\n<li>Mustriga<\/li>\n<li>Ilmastikukindel<\/li>\n<li>UV-kindel<\/li>\n<li>Sobib suurep\u00e4raselt ka siseruumides kasutamiseks<\/li>\n<\/ul>\n","protected":false},"excerpt":{"rendered":"<p>Kui teie \u00f5ueala vajab kaitsematti siis on see vaip suurep\u00e4raseks valikuks. Silesidus vaibad on valmistatud vastupidavast pol\u00fcprop\u00fcleenist. Vaip on UV- ning ilmastikukindla disainiga ning sobib kasutamiseks r\u00f5dul v\u00f5i terrassil. Oluline m\u00e4rkus: vaibad on h\u00f5lpsa transpordi huvides kokku rullitud. L\u00e4heb natuke aega, enne kui toode t\u00e4iuslikult lamedaks j\u00e4\u00e4b. V\u00e4rvus: kollane Materjal: 100% PP Suurus: 100 x [&hellip;]<\/p>\n","protected":false},"featured_media":29128,"comment_status":"open","ping_status":"open","template":"","meta":[],"product_brand":[],"product_cat":[932,867],"product_tag":[],"class_list":{"0":"post-29127","1":"product","2":"type-product","3":"status-publish","4":"has-post-thumbnail","6":"product_cat-terrassivaibad","7":"product_cat-vaibad-elutuppa","8":"product_shipping_class-vidaxl","9":"pa_varv-kollane","11":"first","12":"outofstock","13":"sale","14":"taxable","15":"shipping-taxable","16":"purchasable","17":"product-type-simple"},"_links":{"self":[{"href":"https:\/\/blankpage.ee\/_ruumist-ruumi\/wp-json\/wp\/v2\/product\/29127","targetHints":{"allow":["GET"]}}],"collection":[{"href":"https:\/\/blankpage.ee\/_ruumist-ruumi\/wp-json\/wp\/v2\/product"}],"about":[{"href":"https:\/\/blankpage.ee\/_ruumist-ruumi\/wp-json\/wp\/v2\/types\/product"}],"replies":[{"embeddable":true,"href":"https:\/\/blankpage.ee\/_ruumist-ruumi\/wp-json\/wp\/v2\/comments?post=29127"}],"wp:featuredmedia":[{"embeddable":true,"href":"https:\/\/blankpage.ee\/_ruumist-ruumi\/wp-json\/wp\/v2\/media\/29128"}],"wp:attachment":[{"href":"https:\/\/blankpage.ee\/_ruumist-ruumi\/wp-json\/wp\/v2\/media?parent=29127"}],"wp:term":[{"taxonomy":"product_brand","embeddable":true,"href":"https:\/\/blankpage.ee\/_ruumist-ruumi\/wp-json\/wp\/v2\/product_brand?post=29127"},{"taxonomy":"product_cat","embeddable":true,"href":"https:\/\/blankpage.ee\/_ruumist-ruumi\/wp-json\/wp\/v2\/product_cat?post=29127"},{"taxonomy":"product_tag","embeddable":true,"href":"https:\/\/blankpage.ee\/_ruumist-ruumi\/wp-json\/wp\/v2\/product_tag?post=29127"}],"curies":[{"name":"wp","href":"https:\/\/api.w.org\/{rel}","templated":true}]}}