{"id":30617,"date":"2024-12-05T15:14:18","date_gmt":"2024-12-05T15:14:18","guid":{"rendered":"https:\/\/ruumistruumi.ee\/pood\/korge-narmaga-shaggy-vaip-pamplona-kreemjas-must-200x280-cm\/"},"modified":"2025-08-21T02:17:01","modified_gmt":"2025-08-21T02:17:01","slug":"korge-narmaga-shaggy-vaip-pamplona-kreemjas-must-200x280-cm","status":"publish","type":"product","link":"https:\/\/blankpage.ee\/_ruumist-ruumi\/pood\/korge-narmaga-shaggy-vaip-pamplona-kreemjas-must-200x280-cm\/","title":{"rendered":"K\u00f5rge narmaga Shaggy vaip &#8220;PAMPLONA&#8221;, kreemjas\/must 200&#215;280 cm"},"content":{"rendered":"<p>See pehme shaggy vaip sobib suurep\u00e4raselt siseruumidele soojuse ja tekstuuri andmiseks. Vastupidav ja ohutu: vaip on valmistatud 100% pol\u00fcprop\u00fcleenist ja testitud kahjulike ainete suhtes vastavalt OEKO-TEX standardi STANDARD 100 j\u00e4rgi.Pehme ja kohev: vaibal on pehmed ja kohevad pikad narmad, mis annavad hubase ja sooja tunde.Lihtne puhastada ja hoiustada: vaipa on lihtne niiske lapi v\u00f5i tolmuimejaga puhastada. See on kokkupandav ning h\u00f5lpsaks hoiustamiseks ja transportimiseks saab seda kokku rullida.Lai kasutusala: kohev vaip sobib erinevatesse p\u00f5randak\u00fcttega siseruumidesse, sealhulgas elutubadesse, magamistubadesse, esikutesse ja kontoritesse.<\/p>\n<ul>\n<li>V\u00e4rvus: kreemjasvalge ja must<\/li>\n<li>Materjal: 100% pol\u00fcprop\u00fcleen<\/li>\n<li>Suurus: 200 x 280 cm (L x P)<\/li>\n<li>Narma k\u00f5rgus: 30 mm<\/li>\n<li>Kogukaal: 1500 gsm<\/li>\n<li>Sobib p\u00f5randak\u00fcttega<\/li>\n<li>Testitud kahjulike ainete suhtes vastavalt OEKO-TEX standardile STANDARD 100<\/li>\n<li>Sarja nimi: PAMPLONA<\/li>\n<\/ul>\n","protected":false},"excerpt":{"rendered":"<p>See pehme shaggy vaip sobib suurep\u00e4raselt siseruumidele soojuse ja tekstuuri andmiseks. Vastupidav ja ohutu: vaip on valmistatud 100% pol\u00fcprop\u00fcleenist ja testitud kahjulike ainete suhtes vastavalt OEKO-TEX standardi STANDARD 100 j\u00e4rgi.Pehme ja kohev: vaibal on pehmed ja kohevad pikad narmad, mis annavad hubase ja sooja tunde.Lihtne puhastada ja hoiustada: vaipa on lihtne niiske lapi v\u00f5i tolmuimejaga [&hellip;]<\/p>\n","protected":false},"featured_media":30618,"comment_status":"open","ping_status":"open","template":"","meta":[],"product_brand":[],"product_cat":[867],"product_tag":[],"class_list":{"0":"post-30617","1":"product","2":"type-product","3":"status-publish","4":"has-post-thumbnail","6":"product_cat-vaibad-elutuppa","7":"product_shipping_class-vidaxl","8":"pa_varv-mitmevarviline","10":"first","11":"outofstock","12":"sale","13":"taxable","14":"shipping-taxable","15":"purchasable","16":"product-type-simple"},"_links":{"self":[{"href":"https:\/\/blankpage.ee\/_ruumist-ruumi\/wp-json\/wp\/v2\/product\/30617","targetHints":{"allow":["GET"]}}],"collection":[{"href":"https:\/\/blankpage.ee\/_ruumist-ruumi\/wp-json\/wp\/v2\/product"}],"about":[{"href":"https:\/\/blankpage.ee\/_ruumist-ruumi\/wp-json\/wp\/v2\/types\/product"}],"replies":[{"embeddable":true,"href":"https:\/\/blankpage.ee\/_ruumist-ruumi\/wp-json\/wp\/v2\/comments?post=30617"}],"wp:featuredmedia":[{"embeddable":true,"href":"https:\/\/blankpage.ee\/_ruumist-ruumi\/wp-json\/wp\/v2\/media\/30618"}],"wp:attachment":[{"href":"https:\/\/blankpage.ee\/_ruumist-ruumi\/wp-json\/wp\/v2\/media?parent=30617"}],"wp:term":[{"taxonomy":"product_brand","embeddable":true,"href":"https:\/\/blankpage.ee\/_ruumist-ruumi\/wp-json\/wp\/v2\/product_brand?post=30617"},{"taxonomy":"product_cat","embeddable":true,"href":"https:\/\/blankpage.ee\/_ruumist-ruumi\/wp-json\/wp\/v2\/product_cat?post=30617"},{"taxonomy":"product_tag","embeddable":true,"href":"https:\/\/blankpage.ee\/_ruumist-ruumi\/wp-json\/wp\/v2\/product_tag?post=30617"}],"curies":[{"name":"wp","href":"https:\/\/api.w.org\/{rel}","templated":true}]}}