{"id":31978,"date":"2024-12-05T15:29:16","date_gmt":"2024-12-05T15:29:16","guid":{"rendered":"https:\/\/ruumistruumi.ee\/pood\/vaip-arbizu-tuppa-ja-oue-vanaaegne-disain-140-x-200-cm-4\/"},"modified":"2025-08-21T02:17:01","modified_gmt":"2025-08-21T02:17:01","slug":"vaip-arbizu-tuppa-ja-oue-vanaaegne-disain-140-x-200-cm-4","status":"publish","type":"product","link":"https:\/\/blankpage.ee\/_ruumist-ruumi\/pood\/vaip-arbizu-tuppa-ja-oue-vanaaegne-disain-140-x-200-cm-4\/","title":{"rendered":"Vaip &#8220;ARBIZU&#8221;, tuppa ja \u00f5ue, vanaaegne disain, 140 x 200 cm"},"content":{"rendered":"<p>Suurep\u00e4rase vanaegse h\u00f5ngu saamiseks ei pea te sellest pehmest vaibast kaugemale vaatama! Vastupidav ja ohutu: vaip on valmistatud UV- ja veekindlast pol\u00fcprop\u00fcleenist, seega sobib see kasutamiseks nii toas kui ka \u00f5ues. Lisaks on vaipa testitud kahjulike ainete suhtes vastavalt OEKO-TEX standardile STANDARD 100.Eriti pehme tekstuur:p\u00f5randavaibal on pehmed l\u00fchikesed narmad, mis annavad hubase ja sooja tunde.Vanaaegne stiil: ristk\u00fclikukujulisel vaibal on geomeetriline muster, mis toob teie eluruumidesse vanaaegset ja idamaist v\u00f5lu.Lihtne puhastada ja hoiustada: l\u00fchikese narmaga vaipa on lihtne tolmuimejaga puhastada. See on kokkupandav ning h\u00f5lpsaks hoiustamiseks ja transportimiseks saab selle kokku rullida.Lai kasutusv\u00f5imalus: vanaaegne vaip sobib erinevatesse sise- ja v\u00e4lisruumidesse, sealhulgas elutubadesse, magamistubadesse, esikutesse, kontoritesse, r\u00f5dudele, terrassidele ja verandadele.<\/p>\n<ul>\n<li>V\u00e4rvus: mitmev\u00e4rviline<\/li>\n<li>Materjal: 100% pol\u00fcprop\u00fcleen<\/li>\n<li>Suurus: 140 x 200 cm (L x P)<\/li>\n<li>Narma k\u00f5rgus: 4 mm<\/li>\n<li>Kogukaal: 1250 gsm<\/li>\n<li>Veekindel<\/li>\n<li>Sobib p\u00f5randak\u00fcttega<\/li>\n<li>Testitud kahjulike ainete suhtes vastavalt OEKO-TEX standardile STANDARD 100<\/li>\n<li>Sobilik nii tuppa kui ka \u00f5ue<\/li>\n<li>Tootesari: ARBIZU<\/li>\n<\/ul>\n","protected":false},"excerpt":{"rendered":"<p>Suurep\u00e4rase vanaegse h\u00f5ngu saamiseks ei pea te sellest pehmest vaibast kaugemale vaatama! Vastupidav ja ohutu: vaip on valmistatud UV- ja veekindlast pol\u00fcprop\u00fcleenist, seega sobib see kasutamiseks nii toas kui ka \u00f5ues. Lisaks on vaipa testitud kahjulike ainete suhtes vastavalt OEKO-TEX standardile STANDARD 100.Eriti pehme tekstuur:p\u00f5randavaibal on pehmed l\u00fchikesed narmad, mis annavad hubase ja sooja tunde.Vanaaegne [&hellip;]<\/p>\n","protected":false},"featured_media":31979,"comment_status":"open","ping_status":"open","template":"","meta":[],"product_brand":[],"product_cat":[932,867],"product_tag":[],"class_list":{"0":"post-31978","1":"product","2":"type-product","3":"status-publish","4":"has-post-thumbnail","6":"product_cat-terrassivaibad","7":"product_cat-vaibad-elutuppa","8":"product_shipping_class-vidaxl","9":"pa_varv-mitmevarviline","11":"first","12":"outofstock","13":"sale","14":"taxable","15":"shipping-taxable","16":"purchasable","17":"product-type-simple"},"_links":{"self":[{"href":"https:\/\/blankpage.ee\/_ruumist-ruumi\/wp-json\/wp\/v2\/product\/31978","targetHints":{"allow":["GET"]}}],"collection":[{"href":"https:\/\/blankpage.ee\/_ruumist-ruumi\/wp-json\/wp\/v2\/product"}],"about":[{"href":"https:\/\/blankpage.ee\/_ruumist-ruumi\/wp-json\/wp\/v2\/types\/product"}],"replies":[{"embeddable":true,"href":"https:\/\/blankpage.ee\/_ruumist-ruumi\/wp-json\/wp\/v2\/comments?post=31978"}],"wp:featuredmedia":[{"embeddable":true,"href":"https:\/\/blankpage.ee\/_ruumist-ruumi\/wp-json\/wp\/v2\/media\/31979"}],"wp:attachment":[{"href":"https:\/\/blankpage.ee\/_ruumist-ruumi\/wp-json\/wp\/v2\/media?parent=31978"}],"wp:term":[{"taxonomy":"product_brand","embeddable":true,"href":"https:\/\/blankpage.ee\/_ruumist-ruumi\/wp-json\/wp\/v2\/product_brand?post=31978"},{"taxonomy":"product_cat","embeddable":true,"href":"https:\/\/blankpage.ee\/_ruumist-ruumi\/wp-json\/wp\/v2\/product_cat?post=31978"},{"taxonomy":"product_tag","embeddable":true,"href":"https:\/\/blankpage.ee\/_ruumist-ruumi\/wp-json\/wp\/v2\/product_tag?post=31978"}],"curies":[{"name":"wp","href":"https:\/\/api.w.org\/{rel}","templated":true}]}}