{"id":33017,"date":"2024-12-05T15:39:34","date_gmt":"2024-12-05T15:39:34","guid":{"rendered":"https:\/\/ruumistruumi.ee\/pood\/silesidus-ouevaip-200-x-280-cm-roheline\/"},"modified":"2025-08-21T02:15:32","modified_gmt":"2025-08-21T02:15:32","slug":"silesidus-ouevaip-200-x-280-cm-roheline","status":"publish","type":"product","link":"https:\/\/blankpage.ee\/_ruumist-ruumi\/pood\/silesidus-ouevaip-200-x-280-cm-roheline\/","title":{"rendered":"Silesidus \u00f5uevaip, 200 x 280 cm, roheline"},"content":{"rendered":"<p>Kui teie \u00f5ueala vajab kaitsematti siis on see vaip suurep\u00e4raseks valikuks. Silesidus vaibad on valmistatud vastupidavast pol\u00fcprop\u00fcleenist. Vaip on UV- ning ilmastikukindla disainiga ning sobib kasutamiseks r\u00f5dul v\u00f5i terrassil. Oluline m\u00e4rkus: vaip on pakendatud karpi h\u00f5lpsa transpordi jaoks L\u00e4heb natuke aega, enne kui toode t\u00e4iuslikult lamedaks j\u00e4\u00e4b.<\/p>\n<ul>\n<li>V\u00e4rvus: roheline<\/li>\n<li>Materjal: 100% PP<\/li>\n<li>Suurus: 200 x 280 cm (L x P)<\/li>\n<li>Kogukaal: 800 gsm<\/li>\n<li>Ilmastikukindel<\/li>\n<li>UV-kindel<\/li>\n<li>Sobib suurep\u00e4raselt ka siseruumides kasutamiseks<\/li>\n<\/ul>\n","protected":false},"excerpt":{"rendered":"<p>Kui teie \u00f5ueala vajab kaitsematti siis on see vaip suurep\u00e4raseks valikuks. Silesidus vaibad on valmistatud vastupidavast pol\u00fcprop\u00fcleenist. Vaip on UV- ning ilmastikukindla disainiga ning sobib kasutamiseks r\u00f5dul v\u00f5i terrassil. Oluline m\u00e4rkus: vaip on pakendatud karpi h\u00f5lpsa transpordi jaoks L\u00e4heb natuke aega, enne kui toode t\u00e4iuslikult lamedaks j\u00e4\u00e4b. V\u00e4rvus: roheline Materjal: 100% PP Suurus: 200 x [&hellip;]<\/p>\n","protected":false},"featured_media":33018,"comment_status":"open","ping_status":"open","template":"","meta":[],"product_brand":[],"product_cat":[932,867],"product_tag":[],"class_list":{"0":"post-33017","1":"product","2":"type-product","3":"status-publish","4":"has-post-thumbnail","6":"product_cat-terrassivaibad","7":"product_cat-vaibad-elutuppa","8":"product_shipping_class-vidaxl","9":"pa_varv-roheline","11":"first","12":"outofstock","13":"sale","14":"taxable","15":"shipping-taxable","16":"purchasable","17":"product-type-simple"},"_links":{"self":[{"href":"https:\/\/blankpage.ee\/_ruumist-ruumi\/wp-json\/wp\/v2\/product\/33017","targetHints":{"allow":["GET"]}}],"collection":[{"href":"https:\/\/blankpage.ee\/_ruumist-ruumi\/wp-json\/wp\/v2\/product"}],"about":[{"href":"https:\/\/blankpage.ee\/_ruumist-ruumi\/wp-json\/wp\/v2\/types\/product"}],"replies":[{"embeddable":true,"href":"https:\/\/blankpage.ee\/_ruumist-ruumi\/wp-json\/wp\/v2\/comments?post=33017"}],"wp:featuredmedia":[{"embeddable":true,"href":"https:\/\/blankpage.ee\/_ruumist-ruumi\/wp-json\/wp\/v2\/media\/33018"}],"wp:attachment":[{"href":"https:\/\/blankpage.ee\/_ruumist-ruumi\/wp-json\/wp\/v2\/media?parent=33017"}],"wp:term":[{"taxonomy":"product_brand","embeddable":true,"href":"https:\/\/blankpage.ee\/_ruumist-ruumi\/wp-json\/wp\/v2\/product_brand?post=33017"},{"taxonomy":"product_cat","embeddable":true,"href":"https:\/\/blankpage.ee\/_ruumist-ruumi\/wp-json\/wp\/v2\/product_cat?post=33017"},{"taxonomy":"product_tag","embeddable":true,"href":"https:\/\/blankpage.ee\/_ruumist-ruumi\/wp-json\/wp\/v2\/product_tag?post=33017"}],"curies":[{"name":"wp","href":"https:\/\/api.w.org\/{rel}","templated":true}]}}