{"id":33788,"date":"2024-12-05T15:47:26","date_gmt":"2024-12-05T15:47:26","guid":{"rendered":"https:\/\/ruumistruumi.ee\/pood\/vaip-huarte-luhikese-narmaga-pestav-kreemjas-140x200-cm\/"},"modified":"2025-08-21T02:15:32","modified_gmt":"2025-08-21T02:15:32","slug":"vaip-huarte-luhikese-narmaga-pestav-kreemjas-140x200-cm","status":"publish","type":"product","link":"https:\/\/blankpage.ee\/_ruumist-ruumi\/pood\/vaip-huarte-luhikese-narmaga-pestav-kreemjas-140x200-cm\/","title":{"rendered":"Vaip &#8220;HUARTE&#8221;, l\u00fchikese narmaga, pestav, kreemjas, 140&#215;200 cm"},"content":{"rendered":"<p>See pehme vaip sobib suurep\u00e4raselt siseruumidele soojuse ja tekstuuri andmiseks. Vastupidav ja ohutu: vaip on valmistatud 100% pol\u00fcestrist ja testitud kahjulike ainete suhtes vastavalt OEKO-TEX standardi STANDARD 100 j\u00e4rgi.Pilkup\u00fc\u00fcdev v\u00e4limus: vaibal on pehmed ja kohevad l\u00fchikesed narmad, mis annavad sellele modernse v\u00e4limuse ja hubase ning sooja tunde.Libisemisvastane alus: pehme vaibal on libisemisvastane alus, mis tagab kindla paigal p\u00fcsimise ja pakub tugeva haarde.Lihtsasti puhastatav ja hoiustatav: modernne vaip on kuni 30 kraadi juures masinpestav, et saaksite seda h\u00f5lpsamalt puhastada ja hooldada. See on kokkupandav ning h\u00f5lpsaks hoiustamiseks ja transportimiseks saab seda kokku rullida.Lai kasutusala: libisemiskindel vaip sobib erinevatesse p\u00f5randak\u00fcttega siseruumidesse, sealhulgas elutubadesse, magamistubadesse, esikutesse ja kontoritesse.<\/p>\n<ul>\n<li>V\u00e4rvus: kreemjasvalge<\/li>\n<li>Materjal: 100% pol\u00fcester<\/li>\n<li>Suurus: 140 x 200 cm (L x P)<\/li>\n<li>Narma k\u00f5rgus: 18 mm<\/li>\n<li>Kogukaal: 1250 gsm<\/li>\n<li>Eriti pehmed ja kohevad l\u00fchikesed narmad<\/li>\n<li>Libisemiskindel tagak\u00fclg<\/li>\n<li>Masinpestav kuni 30 kraadi juures<\/li>\n<li>Sobib p\u00f5randak\u00fcttega<\/li>\n<li>Testitud kahjulike ainete suhtes vastavalt OEKO-TEX standardile STANDARD 100<\/li>\n<li>Tootesari: HUARTE<\/li>\n<\/ul>\n","protected":false},"excerpt":{"rendered":"<p>See pehme vaip sobib suurep\u00e4raselt siseruumidele soojuse ja tekstuuri andmiseks. Vastupidav ja ohutu: vaip on valmistatud 100% pol\u00fcestrist ja testitud kahjulike ainete suhtes vastavalt OEKO-TEX standardi STANDARD 100 j\u00e4rgi.Pilkup\u00fc\u00fcdev v\u00e4limus: vaibal on pehmed ja kohevad l\u00fchikesed narmad, mis annavad sellele modernse v\u00e4limuse ja hubase ning sooja tunde.Libisemisvastane alus: pehme vaibal on libisemisvastane alus, mis tagab [&hellip;]<\/p>\n","protected":false},"featured_media":33789,"comment_status":"open","ping_status":"open","template":"","meta":[],"product_brand":[],"product_cat":[867],"product_tag":[],"class_list":{"0":"post-33788","1":"product","2":"type-product","3":"status-publish","4":"has-post-thumbnail","6":"product_cat-vaibad-elutuppa","7":"product_shipping_class-vidaxl","8":"pa_varv-kreemjas","10":"first","11":"outofstock","12":"sale","13":"taxable","14":"shipping-taxable","15":"purchasable","16":"product-type-simple"},"_links":{"self":[{"href":"https:\/\/blankpage.ee\/_ruumist-ruumi\/wp-json\/wp\/v2\/product\/33788","targetHints":{"allow":["GET"]}}],"collection":[{"href":"https:\/\/blankpage.ee\/_ruumist-ruumi\/wp-json\/wp\/v2\/product"}],"about":[{"href":"https:\/\/blankpage.ee\/_ruumist-ruumi\/wp-json\/wp\/v2\/types\/product"}],"replies":[{"embeddable":true,"href":"https:\/\/blankpage.ee\/_ruumist-ruumi\/wp-json\/wp\/v2\/comments?post=33788"}],"wp:featuredmedia":[{"embeddable":true,"href":"https:\/\/blankpage.ee\/_ruumist-ruumi\/wp-json\/wp\/v2\/media\/33789"}],"wp:attachment":[{"href":"https:\/\/blankpage.ee\/_ruumist-ruumi\/wp-json\/wp\/v2\/media?parent=33788"}],"wp:term":[{"taxonomy":"product_brand","embeddable":true,"href":"https:\/\/blankpage.ee\/_ruumist-ruumi\/wp-json\/wp\/v2\/product_brand?post=33788"},{"taxonomy":"product_cat","embeddable":true,"href":"https:\/\/blankpage.ee\/_ruumist-ruumi\/wp-json\/wp\/v2\/product_cat?post=33788"},{"taxonomy":"product_tag","embeddable":true,"href":"https:\/\/blankpage.ee\/_ruumist-ruumi\/wp-json\/wp\/v2\/product_tag?post=33788"}],"curies":[{"name":"wp","href":"https:\/\/api.w.org\/{rel}","templated":true}]}}