{"id":36270,"date":"2024-12-05T16:14:02","date_gmt":"2024-12-05T16:14:02","guid":{"rendered":"https:\/\/ruumistruumi.ee\/pood\/vaip-zizur-kreemjas-120x120cm-dzuudi-valimus-tuppa-ja-oue\/"},"modified":"2025-08-21T02:15:31","modified_gmt":"2025-08-21T02:15:31","slug":"vaip-zizur-kreemjas-120x120cm-dzuudi-valimus-tuppa-ja-oue","status":"publish","type":"product","link":"https:\/\/blankpage.ee\/_ruumist-ruumi\/pood\/vaip-zizur-kreemjas-120x120cm-dzuudi-valimus-tuppa-ja-oue\/","title":{"rendered":"Vaip &#8220;ZIZUR&#8221;, kreemjas, 120x120cm, d\u017euudi v\u00e4limus, tuppa ja \u00f5ue"},"content":{"rendered":"<p>T\u00e4nu sellele vaibale, mis loob hubase \u00f5hustiku nii sise- kui v\u00e4lisruumis, ei pea te muretsema mustuse ja tolmu p\u00e4rast. Vastupidav materjal: pol\u00fcprop\u00fcleen (PP) on laialdaselt kasutatav plast, mis on ka \u00fcks enimkasutatavaid materjale v\u00e4lim\u00f6\u00f6blis. See on kerge kaaluga, tugev ja l\u00f6\u00f6gikindel. 100% PP-st valmistatud vaip on vastupidav, kaasaskantav ning v\u00e4hest hooldust n\u00f5udev.D\u017euudi v\u00e4limus: d\u017euudi v\u00e4limusega \u00f5uevaip lisab teie interj\u00f6\u00f6rile loomulikku ilu.Mitmek\u00fclgne kasutus: vaip sobib kasutamiseks nii \u00f5ues, n\u00e4iteks terrassil, r\u00f5dul, aias v\u00f5i piknikuks pargis ning see sobib kasutamiseks ka toas, lisades stiilset disaini ja mugavust.Lihtne puhastada: p\u00f5randamatti on lihtne puhastada. Pihustage seda voolikuga v\u00f5i p\u00fchkige mustus veega \u00e4ra ja laske \u00f5hu k\u00e4es kuivada. See ei kogu vett ning kuivab kergesti.<\/p>\n<ul>\n<li>V\u00e4rvus: kreemjasvalge<\/li>\n<li>Materjal: PP (100% pol\u00fcprop\u00fcleen)<\/li>\n<li>Suurus: 120 x 120 cm (L x P)<\/li>\n<li>Kaal: 1200 gsm<\/li>\n<li>D\u017euudi v\u00e4limusega<\/li>\n<li>UV-kindel<\/li>\n<li>\u00dcmara kujundusega<\/li>\n<li>Sarja nimi: ZIZUR<\/li>\n<\/ul>\n","protected":false},"excerpt":{"rendered":"<p>T\u00e4nu sellele vaibale, mis loob hubase \u00f5hustiku nii sise- kui v\u00e4lisruumis, ei pea te muretsema mustuse ja tolmu p\u00e4rast. Vastupidav materjal: pol\u00fcprop\u00fcleen (PP) on laialdaselt kasutatav plast, mis on ka \u00fcks enimkasutatavaid materjale v\u00e4lim\u00f6\u00f6blis. See on kerge kaaluga, tugev ja l\u00f6\u00f6gikindel. 100% PP-st valmistatud vaip on vastupidav, kaasaskantav ning v\u00e4hest hooldust n\u00f5udev.D\u017euudi v\u00e4limus: d\u017euudi v\u00e4limusega [&hellip;]<\/p>\n","protected":false},"featured_media":36271,"comment_status":"open","ping_status":"open","template":"","meta":[],"product_brand":[],"product_cat":[932,867],"product_tag":[],"class_list":{"0":"post-36270","1":"product","2":"type-product","3":"status-publish","4":"has-post-thumbnail","6":"product_cat-terrassivaibad","7":"product_cat-vaibad-elutuppa","8":"product_shipping_class-vidaxl","9":"pa_varv-kreemjas","11":"first","12":"outofstock","13":"sale","14":"taxable","15":"shipping-taxable","16":"purchasable","17":"product-type-simple"},"_links":{"self":[{"href":"https:\/\/blankpage.ee\/_ruumist-ruumi\/wp-json\/wp\/v2\/product\/36270","targetHints":{"allow":["GET"]}}],"collection":[{"href":"https:\/\/blankpage.ee\/_ruumist-ruumi\/wp-json\/wp\/v2\/product"}],"about":[{"href":"https:\/\/blankpage.ee\/_ruumist-ruumi\/wp-json\/wp\/v2\/types\/product"}],"replies":[{"embeddable":true,"href":"https:\/\/blankpage.ee\/_ruumist-ruumi\/wp-json\/wp\/v2\/comments?post=36270"}],"wp:featuredmedia":[{"embeddable":true,"href":"https:\/\/blankpage.ee\/_ruumist-ruumi\/wp-json\/wp\/v2\/media\/36271"}],"wp:attachment":[{"href":"https:\/\/blankpage.ee\/_ruumist-ruumi\/wp-json\/wp\/v2\/media?parent=36270"}],"wp:term":[{"taxonomy":"product_brand","embeddable":true,"href":"https:\/\/blankpage.ee\/_ruumist-ruumi\/wp-json\/wp\/v2\/product_brand?post=36270"},{"taxonomy":"product_cat","embeddable":true,"href":"https:\/\/blankpage.ee\/_ruumist-ruumi\/wp-json\/wp\/v2\/product_cat?post=36270"},{"taxonomy":"product_tag","embeddable":true,"href":"https:\/\/blankpage.ee\/_ruumist-ruumi\/wp-json\/wp\/v2\/product_tag?post=36270"}],"curies":[{"name":"wp","href":"https:\/\/api.w.org\/{rel}","templated":true}]}}