{"id":38964,"date":"2025-01-23T10:44:02","date_gmt":"2025-01-23T10:44:02","guid":{"rendered":"https:\/\/ruumistruumi.ee\/pood\/toa-ja-ouevaip-luhikese-narmaga-mitmevarviline-160-x-230-cm-7\/"},"modified":"2025-08-21T02:14:58","modified_gmt":"2025-08-21T02:14:58","slug":"toa-ja-ouevaip-luhikese-narmaga-mitmevarviline-160-x-230-cm-7","status":"publish","type":"product","link":"https:\/\/blankpage.ee\/_ruumist-ruumi\/pood\/toa-ja-ouevaip-luhikese-narmaga-mitmevarviline-160-x-230-cm-7\/","title":{"rendered":"Toa- ja \u00f5uevaip, l\u00fchikese narmaga, mitmev\u00e4rviline, 160 x 230 cm"},"content":{"rendered":"<p>See toa- ja \u00f5uevaip \u00fchendab endas mugavuse ja elegantsi, kaunistades teie eluruumi oma moodsa atraktiivsusega. Kvaliteetne materjal: Sorona Dupont on kiud, mis on tuntud oma pehmuse, m\u00e4\u00e4rdumiskindluse, suurep\u00e4rase vetruvuse ja vastupidavuse poolest, mist\u00f5ttu sobib see vaipade, autode salongide jms valmistamiseks.Lihtne puhastada ja hoiustada: vaip on valmistatud 52% Sorona Dupontist, mist\u00f5ttu on see masinpestav ja seda on lihtne niiske lapiga puhastada. Samuti on see kokkuklapitav mugavaks hoiustamiseks ja transportimiseks, j\u00e4tmata n\u00e4htavaid voltimisj\u00e4lgi. Teine materjal on 48% pol\u00fcester, mis on s\u00fcnteetiline materjal, mis on tuntud oma UV-kindluse, t\u00f5mbetugevuse ja veekindlate omaduste poolest, mist\u00f5ttu on see ideaalne niisketes v\u00f5i vihmastes tingimustes. Kena muster: vaip on h\u00fcpoallergeenne ja sellel on looduslikud mustrid, muutes selle pilkup\u00fc\u00fcdvaks igas ruumis.Libisemiskindel alus: t\u00e4nu libisemiskindlale tagusele p\u00fcsib vaip kindlalt kohal ning kaitseb teid libisemise eest.Kasutatav toas ja \u00f5ues: vaip sobib erinevatesse sise- ja v\u00e4lisruumidesse, sealhulgas elutubadesse, magamistubadesse, esikutesse, kontoritesse, r\u00f5dudele, terrassidele ja verandadele.<\/p>\n<ul>\n<li>V\u00e4rvus: mitmev\u00e4rviline<\/li>\n<li>Materjal: 52% Sorona Dupont \/ 48% pol\u00fcester (narmas\/tagune)<\/li>\n<li>M\u00f5\u00f5dud: 160 x 230 cm (L x P)<\/li>\n<li>Kogukaal: 700 gsm<\/li>\n<li>Geomeetriline disain<\/li>\n<li>Sobilik nii tuppa kui \u00f5ue<\/li>\n<\/ul>\n","protected":false},"excerpt":{"rendered":"<p>See toa- ja \u00f5uevaip \u00fchendab endas mugavuse ja elegantsi, kaunistades teie eluruumi oma moodsa atraktiivsusega. Kvaliteetne materjal: Sorona Dupont on kiud, mis on tuntud oma pehmuse, m\u00e4\u00e4rdumiskindluse, suurep\u00e4rase vetruvuse ja vastupidavuse poolest, mist\u00f5ttu sobib see vaipade, autode salongide jms valmistamiseks.Lihtne puhastada ja hoiustada: vaip on valmistatud 52% Sorona Dupontist, mist\u00f5ttu on see masinpestav ja seda [&hellip;]<\/p>\n","protected":false},"featured_media":38965,"comment_status":"open","ping_status":"closed","template":"","meta":[],"product_brand":[],"product_cat":[932,867],"product_tag":[],"class_list":{"0":"post-38964","1":"product","2":"type-product","3":"status-publish","4":"has-post-thumbnail","6":"product_cat-terrassivaibad","7":"product_cat-vaibad-elutuppa","8":"product_shipping_class-vidaxl","9":"pa_varv-beez","11":"first","12":"outofstock","13":"sale","14":"taxable","15":"shipping-taxable","16":"purchasable","17":"product-type-simple"},"_links":{"self":[{"href":"https:\/\/blankpage.ee\/_ruumist-ruumi\/wp-json\/wp\/v2\/product\/38964","targetHints":{"allow":["GET"]}}],"collection":[{"href":"https:\/\/blankpage.ee\/_ruumist-ruumi\/wp-json\/wp\/v2\/product"}],"about":[{"href":"https:\/\/blankpage.ee\/_ruumist-ruumi\/wp-json\/wp\/v2\/types\/product"}],"replies":[{"embeddable":true,"href":"https:\/\/blankpage.ee\/_ruumist-ruumi\/wp-json\/wp\/v2\/comments?post=38964"}],"wp:featuredmedia":[{"embeddable":true,"href":"https:\/\/blankpage.ee\/_ruumist-ruumi\/wp-json\/wp\/v2\/media\/38965"}],"wp:attachment":[{"href":"https:\/\/blankpage.ee\/_ruumist-ruumi\/wp-json\/wp\/v2\/media?parent=38964"}],"wp:term":[{"taxonomy":"product_brand","embeddable":true,"href":"https:\/\/blankpage.ee\/_ruumist-ruumi\/wp-json\/wp\/v2\/product_brand?post=38964"},{"taxonomy":"product_cat","embeddable":true,"href":"https:\/\/blankpage.ee\/_ruumist-ruumi\/wp-json\/wp\/v2\/product_cat?post=38964"},{"taxonomy":"product_tag","embeddable":true,"href":"https:\/\/blankpage.ee\/_ruumist-ruumi\/wp-json\/wp\/v2\/product_tag?post=38964"}],"curies":[{"name":"wp","href":"https:\/\/api.w.org\/{rel}","templated":true}]}}