{"id":40364,"date":"2024-12-05T19:26:43","date_gmt":"2024-12-05T19:26:43","guid":{"rendered":"https:\/\/ruumistruumi.ee\/pood\/uksematt-karuspinnaga-80-x-120-cm-tumepruun\/"},"modified":"2025-08-21T02:15:20","modified_gmt":"2025-08-21T02:15:20","slug":"uksematt-karuspinnaga-80-x-120-cm-tumepruun","status":"publish","type":"product","link":"https:\/\/blankpage.ee\/_ruumist-ruumi\/pood\/uksematt-karuspinnaga-80-x-120-cm-tumepruun\/","title":{"rendered":"Uksematt, karuspinnaga, 80 x 120 cm, tumepruun"},"content":{"rendered":"<p>Ennetage mustuse sattumist koju uksematiga, mis on h\u00e4davajalik lisa igale terrassile v\u00f5i esikule! Praktiline materjal: uksematt on valmistatud painduvast, kuid vastupidavast karuspinnaga pol\u00fcprop\u00fcleenist, mis muudab selle niiskus- ja hallituskindlaks. Kasutajas\u00f5bralik disain: mittelibisev kummist tagak\u00fclg hoiab \u00e4ra niiskuse lekkimise ja hoiab mati paigal. T\u00e4nu neutraalsele disainile sobitub erinevate sisekujunduse stiilidega.Laiaotstarbeline: esikumatt sobib suurep\u00e4raselt ukse, kapi, pesuruumi v\u00f5i muude paikade juurde, kus palju liigutakse.<\/p>\n<ul>\n<li>V\u00e4rvus: tumepruun<\/li>\n<li>Materjal: 100% PP tuft, kumm<\/li>\n<li>Suurus: 80 x 120 cm (L x P)<\/li>\n<li>Koguk\u00f5rgus: 5,5 mm<\/li>\n<li>Kogukaal: 1960 g\/m\u00b2<\/li>\n<li>Vajalik kokkupanek: ei<\/li>\n<\/ul>\n","protected":false},"excerpt":{"rendered":"<p>Ennetage mustuse sattumist koju uksematiga, mis on h\u00e4davajalik lisa igale terrassile v\u00f5i esikule! Praktiline materjal: uksematt on valmistatud painduvast, kuid vastupidavast karuspinnaga pol\u00fcprop\u00fcleenist, mis muudab selle niiskus- ja hallituskindlaks. Kasutajas\u00f5bralik disain: mittelibisev kummist tagak\u00fclg hoiab \u00e4ra niiskuse lekkimise ja hoiab mati paigal. T\u00e4nu neutraalsele disainile sobitub erinevate sisekujunduse stiilidega.Laiaotstarbeline: esikumatt sobib suurep\u00e4raselt ukse, kapi, pesuruumi [&hellip;]<\/p>\n","protected":false},"featured_media":40365,"comment_status":"open","ping_status":"open","template":"","meta":[],"product_brand":[],"product_cat":[864],"product_tag":[],"class_list":{"0":"post-40364","1":"product","2":"type-product","3":"status-publish","4":"has-post-thumbnail","6":"product_cat-uksematid-ja-esikuvaibad","7":"product_shipping_class-vidaxl","8":"pa_varv-pruun","10":"first","11":"outofstock","12":"sale","13":"taxable","14":"shipping-taxable","15":"purchasable","16":"product-type-simple"},"_links":{"self":[{"href":"https:\/\/blankpage.ee\/_ruumist-ruumi\/wp-json\/wp\/v2\/product\/40364","targetHints":{"allow":["GET"]}}],"collection":[{"href":"https:\/\/blankpage.ee\/_ruumist-ruumi\/wp-json\/wp\/v2\/product"}],"about":[{"href":"https:\/\/blankpage.ee\/_ruumist-ruumi\/wp-json\/wp\/v2\/types\/product"}],"replies":[{"embeddable":true,"href":"https:\/\/blankpage.ee\/_ruumist-ruumi\/wp-json\/wp\/v2\/comments?post=40364"}],"wp:featuredmedia":[{"embeddable":true,"href":"https:\/\/blankpage.ee\/_ruumist-ruumi\/wp-json\/wp\/v2\/media\/40365"}],"wp:attachment":[{"href":"https:\/\/blankpage.ee\/_ruumist-ruumi\/wp-json\/wp\/v2\/media?parent=40364"}],"wp:term":[{"taxonomy":"product_brand","embeddable":true,"href":"https:\/\/blankpage.ee\/_ruumist-ruumi\/wp-json\/wp\/v2\/product_brand?post=40364"},{"taxonomy":"product_cat","embeddable":true,"href":"https:\/\/blankpage.ee\/_ruumist-ruumi\/wp-json\/wp\/v2\/product_cat?post=40364"},{"taxonomy":"product_tag","embeddable":true,"href":"https:\/\/blankpage.ee\/_ruumist-ruumi\/wp-json\/wp\/v2\/product_tag?post=40364"}],"curies":[{"name":"wp","href":"https:\/\/api.w.org\/{rel}","templated":true}]}}