{"id":40534,"date":"2024-12-05T19:30:03","date_gmt":"2024-12-05T19:30:03","guid":{"rendered":"https:\/\/ruumistruumi.ee\/?post_type=product&#038;p=40534"},"modified":"2025-08-21T08:21:46","modified_gmt":"2025-08-21T08:21:46","slug":"amzchef-zm5003-ga-kannmiksri-komplekt-blenderiga-hall","status":"publish","type":"product","link":"https:\/\/blankpage.ee\/_ruumist-ruumi\/pood\/amzchef-zm5003-ga-kannmiksri-komplekt-blenderiga-hall\/","title":{"rendered":"AMZCHEF ZM5003-GA kannmiksri komplekt blenderiga (hall)"},"content":{"rendered":"<h3>AMZCHEF ZM5003-GA kannmiksri komplekt blenderiga (hall)<\/h3>\n<p>AMZCHEF ZM5003-GA kannmikser pakub muljetavaldavat v\u00f5imsust kuni 1800 vatti ja mahutavust 1,85 liitrit, terad p\u00f6\u00f6rlevad kuni 26 000 p\/min. See muudab lihtsaks erinevate toitude ja jookide valmistamise &#8211; alates smuutidest ja kokteilidest kuni kreemsuppideni. Samuti saate edukalt jahvatada teravilja v\u00f5i liha. T\u00e4iendav 600 ml pudel v\u00f5imaldab nautida maitsvaid jooke ka kodust v\u00e4ljas.<\/p>\n<p><img loading=\"lazy\" decoding=\"async\" class=\"alignnone size-medium_large wp-image-50681\" src=\"https:\/\/blankpage.ee\/_ruumist-ruumi\/wp-content\/uploads\/2024\/12\/AMZCHEF-ZM5003-GA-kannmiksri-komplekt-blenderiga-hall-9-768x488.webp\" alt=\"AMZCHEF ZM5003-GA kannmiksri komplekt blenderiga (hall)\" width=\"768\" height=\"488\" srcset=\"https:\/\/blankpage.ee\/_ruumist-ruumi\/wp-content\/uploads\/2024\/12\/AMZCHEF-ZM5003-GA-kannmiksri-komplekt-blenderiga-hall-9-768x488.webp 768w, https:\/\/blankpage.ee\/_ruumist-ruumi\/wp-content\/uploads\/2024\/12\/AMZCHEF-ZM5003-GA-kannmiksri-komplekt-blenderiga-hall-9-300x191.webp 300w, https:\/\/blankpage.ee\/_ruumist-ruumi\/wp-content\/uploads\/2024\/12\/AMZCHEF-ZM5003-GA-kannmiksri-komplekt-blenderiga-hall-9-400x254.webp 400w, https:\/\/blankpage.ee\/_ruumist-ruumi\/wp-content\/uploads\/2024\/12\/AMZCHEF-ZM5003-GA-kannmiksri-komplekt-blenderiga-hall-9-922x586.webp 922w, https:\/\/blankpage.ee\/_ruumist-ruumi\/wp-content\/uploads\/2024\/12\/AMZCHEF-ZM5003-GA-kannmiksri-komplekt-blenderiga-hall-9.webp 1000w\" sizes=\"auto, (max-width: 768px) 100vw, 768px\" \/><\/p>\n<h3>Intuitiivne kasutamine<\/h3>\n<p>Nutikas juhtpaneel v\u00f5imaldab teil seadme t\u00f6\u00f6d t\u00e4ielikult isikup\u00e4rastada. Kasutage programme nagu smuuti, j\u00e4\u00e4 purustamine, segamine v\u00f5i impulssre\u017eiim, et saavutada iga valmistatava roa jaoks t\u00e4iuslik konsistents. Taimeri ekraan muudab protsessi juhtimise lihtsaks.<\/p>\n<p><img loading=\"lazy\" decoding=\"async\" class=\"alignnone size-medium_large wp-image-50680\" src=\"https:\/\/blankpage.ee\/_ruumist-ruumi\/wp-content\/uploads\/2024\/12\/AMZCHEF-ZM5003-GA-kannmiksri-komplekt-blenderiga-hall-5-768x489.webp\" alt=\"AMZCHEF ZM5003-GA kannmiksri komplekt blenderiga (hall)\" width=\"768\" height=\"489\" srcset=\"https:\/\/blankpage.ee\/_ruumist-ruumi\/wp-content\/uploads\/2024\/12\/AMZCHEF-ZM5003-GA-kannmiksri-komplekt-blenderiga-hall-5-768x489.webp 768w, https:\/\/blankpage.ee\/_ruumist-ruumi\/wp-content\/uploads\/2024\/12\/AMZCHEF-ZM5003-GA-kannmiksri-komplekt-blenderiga-hall-5-300x191.webp 300w, https:\/\/blankpage.ee\/_ruumist-ruumi\/wp-content\/uploads\/2024\/12\/AMZCHEF-ZM5003-GA-kannmiksri-komplekt-blenderiga-hall-5-400x255.webp 400w, https:\/\/blankpage.ee\/_ruumist-ruumi\/wp-content\/uploads\/2024\/12\/AMZCHEF-ZM5003-GA-kannmiksri-komplekt-blenderiga-hall-5-922x587.webp 922w, https:\/\/blankpage.ee\/_ruumist-ruumi\/wp-content\/uploads\/2024\/12\/AMZCHEF-ZM5003-GA-kannmiksri-komplekt-blenderiga-hall-5.webp 1000w\" sizes=\"auto, (max-width: 768px) 100vw, 768px\" \/><\/p>\n<h3>Lihtne puhastamine<\/h3>\n<p>Teie AMZCHEF mikseri puhtana hoidmine ei ole teile keeruline. \u00dche nupuvajutusega automaatne puhastusfunktsioon s\u00e4\u00e4stab teie aega. Saate \u00fcksikuid komponente probleemideta n\u00f5udepesumasinas pesta.<\/p>\n<p><img loading=\"lazy\" decoding=\"async\" class=\"alignnone size-medium_large wp-image-50679\" src=\"https:\/\/blankpage.ee\/_ruumist-ruumi\/wp-content\/uploads\/2024\/12\/AMZCHEF-ZM5003-GA-kannmiksri-komplekt-blenderiga-hall-4-768x489.webp\" alt=\"AMZCHEF ZM5003-GA kannmiksri komplekt blenderiga (hall)\" width=\"768\" height=\"489\" srcset=\"https:\/\/blankpage.ee\/_ruumist-ruumi\/wp-content\/uploads\/2024\/12\/AMZCHEF-ZM5003-GA-kannmiksri-komplekt-blenderiga-hall-4-768x489.webp 768w, https:\/\/blankpage.ee\/_ruumist-ruumi\/wp-content\/uploads\/2024\/12\/AMZCHEF-ZM5003-GA-kannmiksri-komplekt-blenderiga-hall-4-300x191.webp 300w, https:\/\/blankpage.ee\/_ruumist-ruumi\/wp-content\/uploads\/2024\/12\/AMZCHEF-ZM5003-GA-kannmiksri-komplekt-blenderiga-hall-4-400x255.webp 400w, https:\/\/blankpage.ee\/_ruumist-ruumi\/wp-content\/uploads\/2024\/12\/AMZCHEF-ZM5003-GA-kannmiksri-komplekt-blenderiga-hall-4-922x587.webp 922w, https:\/\/blankpage.ee\/_ruumist-ruumi\/wp-content\/uploads\/2024\/12\/AMZCHEF-ZM5003-GA-kannmiksri-komplekt-blenderiga-hall-4.webp 1000w\" sizes=\"auto, (max-width: 768px) 100vw, 768px\" \/><\/p>\n<h3>V\u00f5imas mootor ja usaldusv\u00e4\u00e4rsed terad<\/h3>\n<p>1800W mootor ja kvaliteetsed terad tagavad kiire ja t\u00f5husa isegi k\u00f5ige raskemate koostisosade segamise. Saate h\u00f5lpsalt jahvatada j\u00e4\u00e4d, p\u00e4hkleid v\u00f5i teravilja, saavutades t\u00e4iusliku konsistentsi vaid m\u00f5ne sekundiga.<\/p>\n<p><img loading=\"lazy\" decoding=\"async\" class=\"alignnone size-medium_large wp-image-50682\" src=\"https:\/\/blankpage.ee\/_ruumist-ruumi\/wp-content\/uploads\/2024\/12\/AMZCHEF-ZM5003-GA-kannmiksri-komplekt-blenderiga-hall-1-768x488.webp\" alt=\"AMZCHEF ZM5003-GA kannmiksri komplekt blenderiga (hall)\" width=\"768\" height=\"488\" srcset=\"https:\/\/blankpage.ee\/_ruumist-ruumi\/wp-content\/uploads\/2024\/12\/AMZCHEF-ZM5003-GA-kannmiksri-komplekt-blenderiga-hall-1-768x488.webp 768w, https:\/\/blankpage.ee\/_ruumist-ruumi\/wp-content\/uploads\/2024\/12\/AMZCHEF-ZM5003-GA-kannmiksri-komplekt-blenderiga-hall-1-300x191.webp 300w, https:\/\/blankpage.ee\/_ruumist-ruumi\/wp-content\/uploads\/2024\/12\/AMZCHEF-ZM5003-GA-kannmiksri-komplekt-blenderiga-hall-1-400x254.webp 400w, https:\/\/blankpage.ee\/_ruumist-ruumi\/wp-content\/uploads\/2024\/12\/AMZCHEF-ZM5003-GA-kannmiksri-komplekt-blenderiga-hall-1-922x586.webp 922w, https:\/\/blankpage.ee\/_ruumist-ruumi\/wp-content\/uploads\/2024\/12\/AMZCHEF-ZM5003-GA-kannmiksri-komplekt-blenderiga-hall-1.webp 1000w\" sizes=\"auto, (max-width: 768px) 100vw, 768px\" \/><\/p>\n<h3>Komplektis:<\/h3>\n<ul class=\"list-disc\">\n<li>Korpus<\/li>\n<li>Mikser<\/li>\n<li>Mikseri kork<\/li>\n<li>Alus teradega<\/li>\n<li>Survepulk<\/li>\n<li>600 ml bidon<\/li>\n<\/ul>\n<div class=\"table-wrapper\">\n<h3><\/h3>\n<table>\n<tbody>\n<tr>\n<th>Tootja<\/th>\n<td>AMZCHEF<\/td>\n<\/tr>\n<tr>\n<th>Tootja kood<\/th>\n<td>ZM5003-GA<\/td>\n<\/tr>\n<tr>\n<th>Kiirus<\/th>\n<td>kuni 26 000 p\/min<\/td>\n<\/tr>\n<tr>\n<th>Mahutavus<\/th>\n<td>1,85 l<\/td>\n<\/tr>\n<tr>\n<th>Pinge<\/th>\n<td>220-240V<\/td>\n<\/tr>\n<tr>\n<th>T\u00f6\u00f6 sagedus<\/th>\n<td>50Hz<\/td>\n<\/tr>\n<tr>\n<th>V\u00f5imsus<\/th>\n<td>1800 W<\/td>\n<\/tr>\n<tr>\n<th>M\u00f5\u00f5tmed<\/th>\n<td>18,5 x 9,05 x 7,08 tolli (mikser) \/ 9,2 x 4,7 tolli (pudel)<\/td>\n<\/tr>\n<tr>\n<th>V\u00e4rv<\/th>\n<td>Hall<\/td>\n<\/tr>\n<\/tbody>\n<\/table>\n<\/div>\n","protected":false},"excerpt":{"rendered":"<p>AMZCHEF ZM5003-GA kannmiksri komplekt blenderiga (hall) AMZCHEF ZM5003-GA kannmikser pakub muljetavaldavat v\u00f5imsust kuni 1800 vatti ja mahutavust 1,85 liitrit, terad p\u00f6\u00f6rlevad kuni 26 000 p\/min. See muudab lihtsaks erinevate toitude ja jookide valmistamise &#8211; alates smuutidest ja kokteilidest kuni kreemsuppideni. Samuti saate edukalt jahvatada teravilja v\u00f5i liha. T\u00e4iendav 600 ml pudel v\u00f5imaldab nautida maitsvaid jooke [&hellip;]<\/p>\n","protected":false},"featured_media":40535,"comment_status":"open","ping_status":"closed","template":"","meta":[],"product_brand":[],"product_cat":[816],"product_tag":[],"class_list":{"0":"post-40534","1":"product","2":"type-product","3":"status-publish","4":"has-post-thumbnail","6":"product_cat-blenderid","7":"product_shipping_class-innpro","9":"first","10":"instock","11":"sale","12":"taxable","13":"shipping-taxable","14":"purchasable","15":"product-type-simple"},"_links":{"self":[{"href":"https:\/\/blankpage.ee\/_ruumist-ruumi\/wp-json\/wp\/v2\/product\/40534","targetHints":{"allow":["GET"]}}],"collection":[{"href":"https:\/\/blankpage.ee\/_ruumist-ruumi\/wp-json\/wp\/v2\/product"}],"about":[{"href":"https:\/\/blankpage.ee\/_ruumist-ruumi\/wp-json\/wp\/v2\/types\/product"}],"replies":[{"embeddable":true,"href":"https:\/\/blankpage.ee\/_ruumist-ruumi\/wp-json\/wp\/v2\/comments?post=40534"}],"wp:featuredmedia":[{"embeddable":true,"href":"https:\/\/blankpage.ee\/_ruumist-ruumi\/wp-json\/wp\/v2\/media\/40535"}],"wp:attachment":[{"href":"https:\/\/blankpage.ee\/_ruumist-ruumi\/wp-json\/wp\/v2\/media?parent=40534"}],"wp:term":[{"taxonomy":"product_brand","embeddable":true,"href":"https:\/\/blankpage.ee\/_ruumist-ruumi\/wp-json\/wp\/v2\/product_brand?post=40534"},{"taxonomy":"product_cat","embeddable":true,"href":"https:\/\/blankpage.ee\/_ruumist-ruumi\/wp-json\/wp\/v2\/product_cat?post=40534"},{"taxonomy":"product_tag","embeddable":true,"href":"https:\/\/blankpage.ee\/_ruumist-ruumi\/wp-json\/wp\/v2\/product_tag?post=40534"}],"curies":[{"name":"wp","href":"https:\/\/api.w.org\/{rel}","templated":true}]}}