{"id":41201,"date":"2024-12-05T19:40:41","date_gmt":"2024-12-05T19:40:41","guid":{"rendered":"https:\/\/ruumistruumi.ee\/pood\/koogivaip-pestav-pipar-60-x-180-cm\/"},"modified":"2025-08-21T02:15:19","modified_gmt":"2025-08-21T02:15:19","slug":"koogivaip-pestav-pipar-60-x-180-cm","status":"publish","type":"product","link":"https:\/\/blankpage.ee\/_ruumist-ruumi\/pood\/koogivaip-pestav-pipar-60-x-180-cm\/","title":{"rendered":"K\u00f6\u00f6givaip, pestav, pipar, 60 x 180 cm"},"content":{"rendered":"<p>Kaunistage oma kodu moodsa p\u00f5randamatiga. Kandiline vaip on suurep\u00e4rane p\u00f5randakate teie k\u00f6\u00f6ki, koridori, kontorisse v\u00f5i esikusse. Seda saab kasutada nii kuivade kui m\u00e4rgade jalgadega ning see lukustab mustust. Pealne on kaetud pehme sametkangaga, mis imab kiirelt vett ja mustust. Libisemiskindlast lateksist p\u00f5hi hoiab matti tugevalt p\u00f5randa vastas. Vaip on paindlik ning seda saab h\u00f5lpsalt kokku rullida. Lisaks on vaip h\u00f5lpsalt puhastatav ja masinpestav.<\/p>\n<ul>\n<li>Muster: pipra pildid<\/li>\n<li>Pinna materjal: 100% pol\u00fcamiid<\/li>\n<li>Alusmaterjal: lateks<\/li>\n<li>Suurus: 180 x 60 cm (P x L)<\/li>\n<li>Koguk\u00f5rgus: 5 mm<\/li>\n<li>Narma k\u00f5rgus: 4 mm<\/li>\n<li>Kogukaal: 1180 g\/m\u00b2<\/li>\n<li>Narmaste tihedus: 205 000 g\/m\u00b2<\/li>\n<li>Masinpestav<\/li>\n<li>Lihtne kokku rullida<\/li>\n<li>Sobilik nii tuppa kui \u00f5ue<\/li>\n<\/ul>\n","protected":false},"excerpt":{"rendered":"<p>Kaunistage oma kodu moodsa p\u00f5randamatiga. Kandiline vaip on suurep\u00e4rane p\u00f5randakate teie k\u00f6\u00f6ki, koridori, kontorisse v\u00f5i esikusse. Seda saab kasutada nii kuivade kui m\u00e4rgade jalgadega ning see lukustab mustust. Pealne on kaetud pehme sametkangaga, mis imab kiirelt vett ja mustust. Libisemiskindlast lateksist p\u00f5hi hoiab matti tugevalt p\u00f5randa vastas. Vaip on paindlik ning seda saab h\u00f5lpsalt kokku [&hellip;]<\/p>\n","protected":false},"featured_media":41202,"comment_status":"open","ping_status":"open","template":"","meta":[],"product_brand":[],"product_cat":[864],"product_tag":[],"class_list":{"0":"post-41201","1":"product","2":"type-product","3":"status-publish","4":"has-post-thumbnail","6":"product_cat-uksematid-ja-esikuvaibad","7":"product_shipping_class-vidaxl","8":"pa_varv-must","10":"first","11":"outofstock","12":"sale","13":"taxable","14":"shipping-taxable","15":"purchasable","16":"product-type-simple"},"_links":{"self":[{"href":"https:\/\/blankpage.ee\/_ruumist-ruumi\/wp-json\/wp\/v2\/product\/41201","targetHints":{"allow":["GET"]}}],"collection":[{"href":"https:\/\/blankpage.ee\/_ruumist-ruumi\/wp-json\/wp\/v2\/product"}],"about":[{"href":"https:\/\/blankpage.ee\/_ruumist-ruumi\/wp-json\/wp\/v2\/types\/product"}],"replies":[{"embeddable":true,"href":"https:\/\/blankpage.ee\/_ruumist-ruumi\/wp-json\/wp\/v2\/comments?post=41201"}],"wp:featuredmedia":[{"embeddable":true,"href":"https:\/\/blankpage.ee\/_ruumist-ruumi\/wp-json\/wp\/v2\/media\/41202"}],"wp:attachment":[{"href":"https:\/\/blankpage.ee\/_ruumist-ruumi\/wp-json\/wp\/v2\/media?parent=41201"}],"wp:term":[{"taxonomy":"product_brand","embeddable":true,"href":"https:\/\/blankpage.ee\/_ruumist-ruumi\/wp-json\/wp\/v2\/product_brand?post=41201"},{"taxonomy":"product_cat","embeddable":true,"href":"https:\/\/blankpage.ee\/_ruumist-ruumi\/wp-json\/wp\/v2\/product_cat?post=41201"},{"taxonomy":"product_tag","embeddable":true,"href":"https:\/\/blankpage.ee\/_ruumist-ruumi\/wp-json\/wp\/v2\/product_tag?post=41201"}],"curies":[{"name":"wp","href":"https:\/\/api.w.org\/{rel}","templated":true}]}}