{"id":41420,"date":"2024-12-05T19:42:20","date_gmt":"2024-12-05T19:42:20","guid":{"rendered":"https:\/\/ruumistruumi.ee\/pood\/uksematt-tumehall-100-x-300-cm-flokeeritud-kookoskiud\/"},"modified":"2025-08-21T02:15:19","modified_gmt":"2025-08-21T02:15:19","slug":"uksematt-tumehall-100-x-300-cm-flokeeritud-kookoskiud","status":"publish","type":"product","link":"https:\/\/blankpage.ee\/_ruumist-ruumi\/pood\/uksematt-tumehall-100-x-300-cm-flokeeritud-kookoskiud\/","title":{"rendered":"Uksematt, tumehall, 100 x 300 cm, flokeeritud kookoskiud"},"content":{"rendered":"<p>Asetage kookoskiududest uksematt v\u00e4lisukse ette ja j\u00e4tke mustus v\u00e4ljapoole! Vastupidav ja looduslik materjal: uksematt on valmistatud looduslikest kookoskiududest, mis on suurep\u00e4rane mustuse, muda ja muu prahi kinni p\u00fc\u00fcdmisel ja eemaldamisel jalan\u00f5udelt, hoides p\u00f5randad puhtana. Kookosmatt on vastupidav ja talub sagedast liiklust.Libisemiskindel alus: libisemiskindel PVC alus tagab t\u00e4iendava stabiilsuse ja ohutuse, tagades uksemati kindlalt paigal p\u00fcsimise.Lihtne puhastada ja hoiustada: uksematti on lihtne tolmuimejaga puhastada. See on kokkupandav ning h\u00f5lpsaks hoiustamiseks saab selle kokku rullida.Lai kasutus: uksematt sobib sise- ja v\u00e4lisruumi, n\u00e4iteks veranda ette, trepikotta, aeda, garaa\u017ei jne.<\/p>\n<ul>\n<li>V\u00e4rvus: tumehall<\/li>\n<li>Materjal: kookoskiud, PVC<\/li>\n<li>Suurus: 100 x 300 cm (L x P)<\/li>\n<li>Paksus: 16 mm<\/li>\n<li>PVCst aluskiht<\/li>\n<li>Flokeeritud<\/li>\n<li>Sobilik nii tuppa kui ka \u00f5ue<\/li>\n<\/ul>\n","protected":false},"excerpt":{"rendered":"<p>Asetage kookoskiududest uksematt v\u00e4lisukse ette ja j\u00e4tke mustus v\u00e4ljapoole! Vastupidav ja looduslik materjal: uksematt on valmistatud looduslikest kookoskiududest, mis on suurep\u00e4rane mustuse, muda ja muu prahi kinni p\u00fc\u00fcdmisel ja eemaldamisel jalan\u00f5udelt, hoides p\u00f5randad puhtana. Kookosmatt on vastupidav ja talub sagedast liiklust.Libisemiskindel alus: libisemiskindel PVC alus tagab t\u00e4iendava stabiilsuse ja ohutuse, tagades uksemati kindlalt paigal p\u00fcsimise.Lihtne [&hellip;]<\/p>\n","protected":false},"featured_media":41421,"comment_status":"open","ping_status":"open","template":"","meta":[],"product_brand":[],"product_cat":[864],"product_tag":[],"class_list":{"0":"post-41420","1":"product","2":"type-product","3":"status-publish","4":"has-post-thumbnail","6":"product_cat-uksematid-ja-esikuvaibad","7":"product_shipping_class-vidaxl","8":"pa_varv-hall","10":"first","11":"outofstock","12":"sale","13":"taxable","14":"shipping-taxable","15":"purchasable","16":"product-type-simple"},"_links":{"self":[{"href":"https:\/\/blankpage.ee\/_ruumist-ruumi\/wp-json\/wp\/v2\/product\/41420","targetHints":{"allow":["GET"]}}],"collection":[{"href":"https:\/\/blankpage.ee\/_ruumist-ruumi\/wp-json\/wp\/v2\/product"}],"about":[{"href":"https:\/\/blankpage.ee\/_ruumist-ruumi\/wp-json\/wp\/v2\/types\/product"}],"replies":[{"embeddable":true,"href":"https:\/\/blankpage.ee\/_ruumist-ruumi\/wp-json\/wp\/v2\/comments?post=41420"}],"wp:featuredmedia":[{"embeddable":true,"href":"https:\/\/blankpage.ee\/_ruumist-ruumi\/wp-json\/wp\/v2\/media\/41421"}],"wp:attachment":[{"href":"https:\/\/blankpage.ee\/_ruumist-ruumi\/wp-json\/wp\/v2\/media?parent=41420"}],"wp:term":[{"taxonomy":"product_brand","embeddable":true,"href":"https:\/\/blankpage.ee\/_ruumist-ruumi\/wp-json\/wp\/v2\/product_brand?post=41420"},{"taxonomy":"product_cat","embeddable":true,"href":"https:\/\/blankpage.ee\/_ruumist-ruumi\/wp-json\/wp\/v2\/product_cat?post=41420"},{"taxonomy":"product_tag","embeddable":true,"href":"https:\/\/blankpage.ee\/_ruumist-ruumi\/wp-json\/wp\/v2\/product_tag?post=41420"}],"curies":[{"name":"wp","href":"https:\/\/api.w.org\/{rel}","templated":true}]}}