{"id":41751,"date":"2024-12-05T19:46:58","date_gmt":"2024-12-05T19:46:58","guid":{"rendered":"https:\/\/ruumistruumi.ee\/pood\/uksematt-kandiline-120-x-180-cm-antratsiit\/"},"modified":"2025-08-21T02:15:10","modified_gmt":"2025-08-21T02:15:10","slug":"uksematt-kandiline-120-x-180-cm-antratsiit","status":"publish","type":"product","link":"https:\/\/blankpage.ee\/_ruumist-ruumi\/pood\/uksematt-kandiline-120-x-180-cm-antratsiit\/","title":{"rendered":"Uksematt, kandiline, 120 x 180 cm, antratsiit"},"content":{"rendered":"<p>Uksematt eemaldab jalatsitelt mustuse ja niiskuse ning hoiab toa p\u00f5randad puhtad. Libisemiskindel matt on valmistatud paindlikust ja vastupidavast pol\u00fcprop\u00fcleenist, mis muudab selle niiskus- ja hallituskindlaks. T\u00e4nu raskusele ja libisemiskindlale aluspinnale p\u00fcsib matt paigal. V\u00e4ga lihtne puhastada &#8211; laske lihtsalt voolikuga \u00fcle.<\/p>\n<ul>\n<li>V\u00e4rvus: antratsiithall<\/li>\n<li>Materjal: libisemiskindla kummist aluspinnaga tupsuline kangas<\/li>\n<li>Suurus: 120 x 180 cm (L x P)<\/li>\n<li>Koguk\u00f5rgus: 5,5 mm<\/li>\n<li>Kogukaal: 1960 g\/m\u00b2<\/li>\n<li>Riie: Pol\u00fcprop\u00fcleen: 100%<\/li>\n<\/ul>\n","protected":false},"excerpt":{"rendered":"<p>Uksematt eemaldab jalatsitelt mustuse ja niiskuse ning hoiab toa p\u00f5randad puhtad. Libisemiskindel matt on valmistatud paindlikust ja vastupidavast pol\u00fcprop\u00fcleenist, mis muudab selle niiskus- ja hallituskindlaks. T\u00e4nu raskusele ja libisemiskindlale aluspinnale p\u00fcsib matt paigal. V\u00e4ga lihtne puhastada &#8211; laske lihtsalt voolikuga \u00fcle. V\u00e4rvus: antratsiithall Materjal: libisemiskindla kummist aluspinnaga tupsuline kangas Suurus: 120 x 180 cm (L [&hellip;]<\/p>\n","protected":false},"featured_media":41752,"comment_status":"open","ping_status":"open","template":"","meta":[],"product_brand":[],"product_cat":[864],"product_tag":[],"class_list":{"0":"post-41751","1":"product","2":"type-product","3":"status-publish","4":"has-post-thumbnail","6":"product_cat-uksematid-ja-esikuvaibad","7":"product_shipping_class-vidaxl","8":"pa_varv-antratsiithall","10":"first","11":"outofstock","12":"sale","13":"taxable","14":"shipping-taxable","15":"purchasable","16":"product-type-simple"},"_links":{"self":[{"href":"https:\/\/blankpage.ee\/_ruumist-ruumi\/wp-json\/wp\/v2\/product\/41751","targetHints":{"allow":["GET"]}}],"collection":[{"href":"https:\/\/blankpage.ee\/_ruumist-ruumi\/wp-json\/wp\/v2\/product"}],"about":[{"href":"https:\/\/blankpage.ee\/_ruumist-ruumi\/wp-json\/wp\/v2\/types\/product"}],"replies":[{"embeddable":true,"href":"https:\/\/blankpage.ee\/_ruumist-ruumi\/wp-json\/wp\/v2\/comments?post=41751"}],"wp:featuredmedia":[{"embeddable":true,"href":"https:\/\/blankpage.ee\/_ruumist-ruumi\/wp-json\/wp\/v2\/media\/41752"}],"wp:attachment":[{"href":"https:\/\/blankpage.ee\/_ruumist-ruumi\/wp-json\/wp\/v2\/media?parent=41751"}],"wp:term":[{"taxonomy":"product_brand","embeddable":true,"href":"https:\/\/blankpage.ee\/_ruumist-ruumi\/wp-json\/wp\/v2\/product_brand?post=41751"},{"taxonomy":"product_cat","embeddable":true,"href":"https:\/\/blankpage.ee\/_ruumist-ruumi\/wp-json\/wp\/v2\/product_cat?post=41751"},{"taxonomy":"product_tag","embeddable":true,"href":"https:\/\/blankpage.ee\/_ruumist-ruumi\/wp-json\/wp\/v2\/product_tag?post=41751"}],"curies":[{"name":"wp","href":"https:\/\/api.w.org\/{rel}","templated":true}]}}