{"id":42443,"date":"2024-12-05T19:54:56","date_gmt":"2024-12-05T19:54:56","guid":{"rendered":"https:\/\/ruumistruumi.ee\/pood\/uksematt-pestav-must-90-x-150-cm\/"},"modified":"2025-08-21T02:15:08","modified_gmt":"2025-08-21T02:15:08","slug":"uksematt-pestav-must-90-x-150-cm","status":"publish","type":"product","link":"https:\/\/blankpage.ee\/_ruumist-ruumi\/pood\/uksematt-pestav-must-90-x-150-cm\/","title":{"rendered":"Uksematt pestav, must, 90 x 150 cm"},"content":{"rendered":"<p>Pange tuppa ja \u00f5ue sobiv uksematt koridori pinnale v\u00f5i ukse taha ja j\u00e4tke mustus v\u00e4lja! Paks matt on paks ning imab t\u00f5husal kuni 2,5 l\/m\u00b2. Meie kvaliteetsel uksematil on libisemiskindel PVC-p\u00f5hi, mis hoiab matti kasutamise ajal paigal. Vaipa saab h\u00f5lpsalt hoiustamise ja transpordi jaoks kokku rullida. Vaip on ka masinpestav.<\/p>\n<ul>\n<li>V\u00e4rvus: must<\/li>\n<li>Pinna materjal: 100% pol\u00fcamiid<\/li>\n<li>Alusmaterjal: libisemiskindel PVC<\/li>\n<li>Suurus: 150 x 90 cm (P x L)<\/li>\n<li>Koguk\u00f5rgus: 9 mm<\/li>\n<li>Narma k\u00f5rgus: 7 mm<\/li>\n<li>\u00dcmberringi must \u00e4\u00e4r<\/li>\n<li>Kogukaal: 2900 g\/m\u00b2<\/li>\n<li>Narmaste tihedus: 900000 g\/m\u00b2<\/li>\n<li>Masinpestav<\/li>\n<li>Sobilik nii tuppa kui \u00f5ue<\/li>\n<\/ul>\n","protected":false},"excerpt":{"rendered":"<p>Pange tuppa ja \u00f5ue sobiv uksematt koridori pinnale v\u00f5i ukse taha ja j\u00e4tke mustus v\u00e4lja! Paks matt on paks ning imab t\u00f5husal kuni 2,5 l\/m\u00b2. Meie kvaliteetsel uksematil on libisemiskindel PVC-p\u00f5hi, mis hoiab matti kasutamise ajal paigal. Vaipa saab h\u00f5lpsalt hoiustamise ja transpordi jaoks kokku rullida. Vaip on ka masinpestav. V\u00e4rvus: must Pinna materjal: 100% [&hellip;]<\/p>\n","protected":false},"featured_media":42444,"comment_status":"open","ping_status":"open","template":"","meta":[],"product_brand":[],"product_cat":[864],"product_tag":[],"class_list":{"0":"post-42443","1":"product","2":"type-product","3":"status-publish","4":"has-post-thumbnail","6":"product_cat-uksematid-ja-esikuvaibad","7":"product_shipping_class-vidaxl","8":"pa_varv-must","10":"first","11":"outofstock","12":"sale","13":"taxable","14":"shipping-taxable","15":"purchasable","16":"product-type-simple"},"_links":{"self":[{"href":"https:\/\/blankpage.ee\/_ruumist-ruumi\/wp-json\/wp\/v2\/product\/42443","targetHints":{"allow":["GET"]}}],"collection":[{"href":"https:\/\/blankpage.ee\/_ruumist-ruumi\/wp-json\/wp\/v2\/product"}],"about":[{"href":"https:\/\/blankpage.ee\/_ruumist-ruumi\/wp-json\/wp\/v2\/types\/product"}],"replies":[{"embeddable":true,"href":"https:\/\/blankpage.ee\/_ruumist-ruumi\/wp-json\/wp\/v2\/comments?post=42443"}],"wp:featuredmedia":[{"embeddable":true,"href":"https:\/\/blankpage.ee\/_ruumist-ruumi\/wp-json\/wp\/v2\/media\/42444"}],"wp:attachment":[{"href":"https:\/\/blankpage.ee\/_ruumist-ruumi\/wp-json\/wp\/v2\/media?parent=42443"}],"wp:term":[{"taxonomy":"product_brand","embeddable":true,"href":"https:\/\/blankpage.ee\/_ruumist-ruumi\/wp-json\/wp\/v2\/product_brand?post=42443"},{"taxonomy":"product_cat","embeddable":true,"href":"https:\/\/blankpage.ee\/_ruumist-ruumi\/wp-json\/wp\/v2\/product_cat?post=42443"},{"taxonomy":"product_tag","embeddable":true,"href":"https:\/\/blankpage.ee\/_ruumist-ruumi\/wp-json\/wp\/v2\/product_tag?post=42443"}],"curies":[{"name":"wp","href":"https:\/\/api.w.org\/{rel}","templated":true}]}}