{"id":43271,"date":"2024-12-04T00:00:00","date_gmt":"2024-12-04T00:00:00","guid":{"rendered":"https:\/\/ruumistruumi.ee\/pood\/kunst-viigipuu-1260-lehega-200-cm-roheline\/"},"modified":"2025-08-21T02:17:22","modified_gmt":"2025-08-21T02:17:22","slug":"kunst-viigipuu-1260-lehega-200-cm-roheline","status":"publish","type":"product","link":"https:\/\/blankpage.ee\/_ruumist-ruumi\/pood\/kunst-viigipuu-1260-lehega-200-cm-roheline\/","title":{"rendered":"Kunst viigipuu, 1260 lehega, 200 cm, roheline"},"content":{"rendered":"<p>Kunsttaim viigipuu on ideaalne valik teie esiku, elutoa v\u00f5i kontori kaunistamiseks. Realistlik v\u00e4limus: kunst viigipuu on tekstiilkiust lehed, mis meenutavad ehtsaid viigipuu lehti ning puidust t\u00fcved, mis lisavad loomulikku tekstuuri ja v\u00e4rvust. Need omadused annavad puule lopsaka ja elava v\u00e4limuse.V\u00e4hem hooldust: kunsttaim on hooldusvaba, kuna see ei vaja kastmist, p\u00fcgamist ega v\u00e4etamist. See pakub probleemideta lahendust neile, kes soovivad viigipuu ilu ilma hooldusvajaduseta.Plastist \u00fcmmargune pott: realistlik kunstpuu on k\u00e4ttesaamisel juba kindlalt plastpotti tsementeeritud.Lai kasutusala: kunst viigipuu on mitmek\u00fclgne ning seda saab kasutada erinevates kujundustes. See t\u00e4iustab siseruume nagu kodud, kontorid v\u00f5i \u00e4ripinnad ning toob loomulikku atmosf\u00e4\u00e4ri aedadesse, terrassidele v\u00f5i basseini \u00e4\u00e4rde.<\/p>\n<ul>\n<li>V\u00e4rvus: roheline<\/li>\n<li>T\u00fcve materjal: puit<\/li>\n<li>Lehtede materjal: tekstiilkangas<\/li>\n<li>\u00dcmmarguse lillepoti materjal: plast<\/li>\n<li>Koguk\u00f5rgus: 200 cm<\/li>\n<li>Lehtede koguarv: 1260<\/li>\n<li>Vajalik kokkupanek: jah<\/li>\n<\/ul>\n","protected":false},"excerpt":{"rendered":"<p>Kunsttaim viigipuu on ideaalne valik teie esiku, elutoa v\u00f5i kontori kaunistamiseks. Realistlik v\u00e4limus: kunst viigipuu on tekstiilkiust lehed, mis meenutavad ehtsaid viigipuu lehti ning puidust t\u00fcved, mis lisavad loomulikku tekstuuri ja v\u00e4rvust. Need omadused annavad puule lopsaka ja elava v\u00e4limuse.V\u00e4hem hooldust: kunsttaim on hooldusvaba, kuna see ei vaja kastmist, p\u00fcgamist ega v\u00e4etamist. See pakub probleemideta [&hellip;]<\/p>\n","protected":false},"featured_media":43272,"comment_status":"open","ping_status":"open","template":"","meta":[],"product_brand":[],"product_cat":[865],"product_tag":[],"class_list":{"0":"post-43271","1":"product","2":"type-product","3":"status-publish","4":"has-post-thumbnail","6":"product_cat-kunsttaimed","7":"product_shipping_class-vidaxl","8":"pa_varv-roheline","10":"first","11":"outofstock","12":"taxable","13":"shipping-taxable","14":"purchasable","15":"product-type-simple"},"_links":{"self":[{"href":"https:\/\/blankpage.ee\/_ruumist-ruumi\/wp-json\/wp\/v2\/product\/43271","targetHints":{"allow":["GET"]}}],"collection":[{"href":"https:\/\/blankpage.ee\/_ruumist-ruumi\/wp-json\/wp\/v2\/product"}],"about":[{"href":"https:\/\/blankpage.ee\/_ruumist-ruumi\/wp-json\/wp\/v2\/types\/product"}],"replies":[{"embeddable":true,"href":"https:\/\/blankpage.ee\/_ruumist-ruumi\/wp-json\/wp\/v2\/comments?post=43271"}],"wp:featuredmedia":[{"embeddable":true,"href":"https:\/\/blankpage.ee\/_ruumist-ruumi\/wp-json\/wp\/v2\/media\/43272"}],"wp:attachment":[{"href":"https:\/\/blankpage.ee\/_ruumist-ruumi\/wp-json\/wp\/v2\/media?parent=43271"}],"wp:term":[{"taxonomy":"product_brand","embeddable":true,"href":"https:\/\/blankpage.ee\/_ruumist-ruumi\/wp-json\/wp\/v2\/product_brand?post=43271"},{"taxonomy":"product_cat","embeddable":true,"href":"https:\/\/blankpage.ee\/_ruumist-ruumi\/wp-json\/wp\/v2\/product_cat?post=43271"},{"taxonomy":"product_tag","embeddable":true,"href":"https:\/\/blankpage.ee\/_ruumist-ruumi\/wp-json\/wp\/v2\/product_tag?post=43271"}],"curies":[{"name":"wp","href":"https:\/\/api.w.org\/{rel}","templated":true}]}}