{"id":4510,"date":"2024-11-01T08:42:28","date_gmt":"2024-11-01T08:42:28","guid":{"rendered":"https:\/\/ruumistruumi.ee\/pood\/beez-vitriinkapp-pesaro-pe043-paulownia-puidust\/"},"modified":"2025-07-22T17:46:23","modified_gmt":"2025-07-22T17:46:23","slug":"beez-vitriinkapp-pesaro-pe043-lehtpuu-puidust","status":"publish","type":"product","link":"https:\/\/blankpage.ee\/_ruumist-ruumi\/pood\/beez-vitriinkapp-pesaro-pe043-lehtpuu-puidust\/","title":{"rendered":"Bee\u017e vitriinkapp Pesaro PE043, lehtpuu puidust"},"content":{"rendered":"<p>Pesaro PE043 vitriinkapp elutuppa. See k\u00e4sitsi v\u00e4rvitud vitriinkapp toob teie elutuppa Provence&#8217;i stiili v\u00f5lu. Kapp seisab elegantselt freesitud jalgadel ning sellel on metallist k\u00e4epidemed, mis meenutavad merekarpe. Kapi kreemjas matt viimistlus koos heleda pruuni poolmati viimistlusega r\u00f5hutab puidu struktuuri ja lisab ruumile soojust.<\/p>\n<p>Omadused:<br \/>\n<strong>Materjal:<\/strong> Paulownia puit ja MDF.<br \/>\n<strong>V\u00e4rv:<\/strong> Kreemjas kere heleda pruuni viimistlusega.<br \/>\n<strong>M\u00f5\u00f5tmed:<\/strong> Laius 57 cm, s\u00fcgavus 36 cm, k\u00f5rgus 180 cm.<br \/>\n<strong>T\u00e4iendavad detailid:<\/strong> 1 uks ja 3 riiulit, mis pakuvad piisavalt hoiuruumi.<br \/>\n<strong>Kokkupanek:<\/strong> Kokkupandud, ei vaja paigaldust. S\u00e4\u00e4stab aega ja vaeva.<\/p>\n<p>&nbsp;<\/p>\n","protected":false},"excerpt":{"rendered":"<p>Pesaro PE043 vitriinkapp elutuppa. See k\u00e4sitsi v\u00e4rvitud vitriinkapp toob teie elutuppa Provence&#8217;i stiili v\u00f5lu. Kapp seisab elegantselt freesitud jalgadel ning sellel on metallist k\u00e4epidemed, mis meenutavad merekarpe. Kapi kreemjas matt viimistlus koos heleda pruuni poolmati viimistlusega r\u00f5hutab puidu struktuuri ja lisab ruumile soojust. Omadused: Materjal: Paulownia puit ja MDF. V\u00e4rv: Kreemjas kere heleda pruuni viimistlusega. [&hellip;]<\/p>\n","protected":false},"featured_media":4758,"comment_status":"open","ping_status":"closed","template":"","meta":[],"product_brand":[],"product_cat":[73],"product_tag":[],"class_list":{"0":"post-4510","1":"product","2":"type-product","3":"status-publish","4":"has-post-thumbnail","6":"product_cat-vitriinkapid","7":"product_shipping_class-livin-hill","8":"pa_kaepidemed-metall","9":"pa_kollektsioon-pesaro","10":"pa_materjal-paulownia-puit","11":"pa_riiulite-arv-89","12":"pa_sahtlite-arv-87","13":"pa_uste-arv-88","14":"pa_varv-beez","16":"first","17":"outofstock","18":"sale","19":"taxable","20":"shipping-taxable","21":"purchasable","22":"product-type-simple"},"_links":{"self":[{"href":"https:\/\/blankpage.ee\/_ruumist-ruumi\/wp-json\/wp\/v2\/product\/4510","targetHints":{"allow":["GET"]}}],"collection":[{"href":"https:\/\/blankpage.ee\/_ruumist-ruumi\/wp-json\/wp\/v2\/product"}],"about":[{"href":"https:\/\/blankpage.ee\/_ruumist-ruumi\/wp-json\/wp\/v2\/types\/product"}],"replies":[{"embeddable":true,"href":"https:\/\/blankpage.ee\/_ruumist-ruumi\/wp-json\/wp\/v2\/comments?post=4510"}],"wp:featuredmedia":[{"embeddable":true,"href":"https:\/\/blankpage.ee\/_ruumist-ruumi\/wp-json\/wp\/v2\/media\/4758"}],"wp:attachment":[{"href":"https:\/\/blankpage.ee\/_ruumist-ruumi\/wp-json\/wp\/v2\/media?parent=4510"}],"wp:term":[{"taxonomy":"product_brand","embeddable":true,"href":"https:\/\/blankpage.ee\/_ruumist-ruumi\/wp-json\/wp\/v2\/product_brand?post=4510"},{"taxonomy":"product_cat","embeddable":true,"href":"https:\/\/blankpage.ee\/_ruumist-ruumi\/wp-json\/wp\/v2\/product_cat?post=4510"},{"taxonomy":"product_tag","embeddable":true,"href":"https:\/\/blankpage.ee\/_ruumist-ruumi\/wp-json\/wp\/v2\/product_tag?post=4510"}],"curies":[{"name":"wp","href":"https:\/\/api.w.org\/{rel}","templated":true}]}}