{"id":4516,"date":"2024-11-01T08:43:18","date_gmt":"2024-11-01T08:43:18","guid":{"rendered":"https:\/\/ruumistruumi.ee\/pood\/beez-soogilaud-pesaro-pe026-paulownia-puidust\/"},"modified":"2025-04-10T11:56:27","modified_gmt":"2025-04-10T11:56:27","slug":"beez-soogilaud-pesaro-pe026-lehtpuu-puidust","status":"publish","type":"product","link":"https:\/\/blankpage.ee\/_ruumist-ruumi\/pood\/beez-soogilaud-pesaro-pe026-lehtpuu-puidust\/","title":{"rendered":"Bee\u017e s\u00f6\u00f6gilaud Pesaro PE026, lehtpuu puidust"},"content":{"rendered":"<p>Pesaro PE026 s\u00f6\u00f6gilaud s\u00f6\u00f6gituppa. See elegantne laud on osa Pesaro kollektsioonist ja lisab teie s\u00f6\u00f6gitoale Provence&#8217;i stiilis v\u00f5lu. Laud on k\u00e4sitsi v\u00e4rvitud, millel on kaunid luugid ja kaardus jalad, mida kaunistavad metallist k\u00e4epidemed. Kere on kreemjas mati viimistlusega, millel on \u00f5rnad kulumisj\u00e4ljed, ning helepruun pealispind poolmati viimistlusega, millel on pleegitatud kulumisj\u00e4ljed ja n\u00e4htav puidustruktuur.<\/p>\n<p>Omadused:<br \/>\n<strong>Materjal:<\/strong> Paulownia puit ja MDF.<br \/>\n<strong>V\u00e4rv:<\/strong> Kreemjas kere ja helepruun pealispind.<br \/>\n<strong>M\u00f5\u00f5tmed:<\/strong> Laius 160 cm, s\u00fcgavus 80 cm, k\u00f5rgus 78 cm.<br \/>\n<strong>T\u00e4iendavad detailid:<\/strong> K\u00e4sitsi v\u00e4rvitud viimistlus ja Provence&#8217;i stiilis disainielemendid.<br \/>\n<strong>Kokkupanek:<\/strong> Osaliselt kokku pandud, ei vaja paigaldust. S\u00e4\u00e4stab aega ja vaeva.<\/p>\n<p>&nbsp;<\/p>\n","protected":false},"excerpt":{"rendered":"<p>Pesaro PE026 s\u00f6\u00f6gilaud s\u00f6\u00f6gituppa. See elegantne laud on osa Pesaro kollektsioonist ja lisab teie s\u00f6\u00f6gitoale Provence&#8217;i stiilis v\u00f5lu. Laud on k\u00e4sitsi v\u00e4rvitud, millel on kaunid luugid ja kaardus jalad, mida kaunistavad metallist k\u00e4epidemed. Kere on kreemjas mati viimistlusega, millel on \u00f5rnad kulumisj\u00e4ljed, ning helepruun pealispind poolmati viimistlusega, millel on pleegitatud kulumisj\u00e4ljed ja n\u00e4htav puidustruktuur. Omadused: [&hellip;]<\/p>\n","protected":false},"featured_media":4517,"comment_status":"open","ping_status":"closed","template":"","meta":[],"product_brand":[],"product_cat":[93],"product_tag":[],"class_list":{"0":"post-4516","1":"product","2":"type-product","3":"status-publish","4":"has-post-thumbnail","6":"product_cat-soogilauad","7":"product_shipping_class-livin-hill","8":"pa_kollektsioon-pesaro","9":"pa_materjal-paulownia-puit","10":"pa_varv-beez","12":"first","13":"instock","14":"sale","15":"taxable","16":"shipping-taxable","17":"purchasable","18":"product-type-simple"},"_links":{"self":[{"href":"https:\/\/blankpage.ee\/_ruumist-ruumi\/wp-json\/wp\/v2\/product\/4516","targetHints":{"allow":["GET"]}}],"collection":[{"href":"https:\/\/blankpage.ee\/_ruumist-ruumi\/wp-json\/wp\/v2\/product"}],"about":[{"href":"https:\/\/blankpage.ee\/_ruumist-ruumi\/wp-json\/wp\/v2\/types\/product"}],"replies":[{"embeddable":true,"href":"https:\/\/blankpage.ee\/_ruumist-ruumi\/wp-json\/wp\/v2\/comments?post=4516"}],"wp:featuredmedia":[{"embeddable":true,"href":"https:\/\/blankpage.ee\/_ruumist-ruumi\/wp-json\/wp\/v2\/media\/4517"}],"wp:attachment":[{"href":"https:\/\/blankpage.ee\/_ruumist-ruumi\/wp-json\/wp\/v2\/media?parent=4516"}],"wp:term":[{"taxonomy":"product_brand","embeddable":true,"href":"https:\/\/blankpage.ee\/_ruumist-ruumi\/wp-json\/wp\/v2\/product_brand?post=4516"},{"taxonomy":"product_cat","embeddable":true,"href":"https:\/\/blankpage.ee\/_ruumist-ruumi\/wp-json\/wp\/v2\/product_cat?post=4516"},{"taxonomy":"product_tag","embeddable":true,"href":"https:\/\/blankpage.ee\/_ruumist-ruumi\/wp-json\/wp\/v2\/product_tag?post=4516"}],"curies":[{"name":"wp","href":"https:\/\/api.w.org\/{rel}","templated":true}]}}