{"id":4529,"date":"2024-11-01T08:44:11","date_gmt":"2024-11-01T08:44:11","guid":{"rendered":"https:\/\/ruumistruumi.ee\/pood\/helepruun-kummut-merano-me01-paulownia-puidust\/"},"modified":"2025-04-10T11:56:27","modified_gmt":"2025-04-10T11:56:27","slug":"helepruun-kummut-merano-me01-paulownia-puidust","status":"publish","type":"product","link":"https:\/\/blankpage.ee\/_ruumist-ruumi\/pood\/helepruun-kummut-merano-me01-paulownia-puidust\/","title":{"rendered":"Helepruun kummut Merano ME01, Paulownia puidust"},"content":{"rendered":"<p>Merano ME01 vitriinkapp s\u00f6\u00f6gituppa. See elegantne vitriinkapp on osa Merano kollektsioonist, tuues teie s\u00f6\u00f6gituppa ajatu stiili ja praktilisuse. Kapi helepruun toon ja kaunilt kaardus jalad loovad visuaalse kerguse, samas kui harjatud ja pleegitatud Paulownia puidust viimistlus lisab ruumile soojust ja isikup\u00e4ra.<\/p>\n<p>Merano ME01 vitriinkapp pakub rohkelt hoiustamisv\u00f5imalusi, olles varustatud nelja ukse ja kahe riiuliga. Kapi peened nikerdused ja dekoratiivsed metallist k\u00e4epidemed lisavad sellele unikaalsust ja elegantsi. Kapi MDF ja Paulownia puidust valmistatud konstruktsioon tagab vastupidavuse ja pikaealisuse, muutes selle praktiliseks valikuks igap\u00e4evaseks kasutamiseks.<\/p>\n<p>Omadused:<br \/>\n<strong>Materjal:<\/strong> Paulownia puit ja MDF<br \/>\n<strong>V\u00e4rv:<\/strong> Hele pruun<br \/>\n<strong>M\u00f5\u00f5tmed:<\/strong> Laius 90 cm, s\u00fcgavus 40 cm, k\u00f5rgus 190 cm<br \/>\n<strong>T\u00e4iendavad detailid:<\/strong> 4 ust, 2 riiulit, metallist k\u00e4epidemed<br \/>\n<strong>Kokkupanek:<\/strong> Kokkupandud, ei vaja paigaldust. S\u00e4\u00e4stab aega ja vaeva.<\/p>\n<p>&nbsp;<\/p>\n","protected":false},"excerpt":{"rendered":"<p>Merano ME01 vitriinkapp s\u00f6\u00f6gituppa. See elegantne vitriinkapp on osa Merano kollektsioonist, tuues teie s\u00f6\u00f6gituppa ajatu stiili ja praktilisuse. Kapi helepruun toon ja kaunilt kaardus jalad loovad visuaalse kerguse, samas kui harjatud ja pleegitatud Paulownia puidust viimistlus lisab ruumile soojust ja isikup\u00e4ra. Merano ME01 vitriinkapp pakub rohkelt hoiustamisv\u00f5imalusi, olles varustatud nelja ukse ja kahe riiuliga. Kapi [&hellip;]<\/p>\n","protected":false},"featured_media":4530,"comment_status":"open","ping_status":"open","template":"","meta":[],"product_brand":[],"product_cat":[73],"product_tag":[],"class_list":{"0":"post-4529","1":"product","2":"type-product","3":"status-publish","4":"has-post-thumbnail","6":"product_cat-vitriinkapid","7":"product_shipping_class-livin-hill","8":"pa_kaepidemed-metall","9":"pa_kollektsioon-merano","10":"pa_materjal-paulownia-puit","11":"pa_riiulite-arv-76","12":"pa_sahtlite-arv-74","13":"pa_uste-arv-75","14":"pa_varv-helepruun","16":"first","17":"instock","18":"sale","19":"taxable","20":"shipping-taxable","21":"purchasable","22":"product-type-simple"},"_links":{"self":[{"href":"https:\/\/blankpage.ee\/_ruumist-ruumi\/wp-json\/wp\/v2\/product\/4529","targetHints":{"allow":["GET"]}}],"collection":[{"href":"https:\/\/blankpage.ee\/_ruumist-ruumi\/wp-json\/wp\/v2\/product"}],"about":[{"href":"https:\/\/blankpage.ee\/_ruumist-ruumi\/wp-json\/wp\/v2\/types\/product"}],"replies":[{"embeddable":true,"href":"https:\/\/blankpage.ee\/_ruumist-ruumi\/wp-json\/wp\/v2\/comments?post=4529"}],"wp:featuredmedia":[{"embeddable":true,"href":"https:\/\/blankpage.ee\/_ruumist-ruumi\/wp-json\/wp\/v2\/media\/4530"}],"wp:attachment":[{"href":"https:\/\/blankpage.ee\/_ruumist-ruumi\/wp-json\/wp\/v2\/media?parent=4529"}],"wp:term":[{"taxonomy":"product_brand","embeddable":true,"href":"https:\/\/blankpage.ee\/_ruumist-ruumi\/wp-json\/wp\/v2\/product_brand?post=4529"},{"taxonomy":"product_cat","embeddable":true,"href":"https:\/\/blankpage.ee\/_ruumist-ruumi\/wp-json\/wp\/v2\/product_cat?post=4529"},{"taxonomy":"product_tag","embeddable":true,"href":"https:\/\/blankpage.ee\/_ruumist-ruumi\/wp-json\/wp\/v2\/product_tag?post=4529"}],"curies":[{"name":"wp","href":"https:\/\/api.w.org\/{rel}","templated":true}]}}