{"id":4571,"date":"2024-11-01T08:47:01","date_gmt":"2024-11-01T08:47:01","guid":{"rendered":"https:\/\/ruumistruumi.ee\/pood\/helepruun-kummut-merano-me08d-paulownia-puidust\/"},"modified":"2025-04-10T11:56:28","modified_gmt":"2025-04-10T11:56:28","slug":"helepruun-kummut-merano-me08d-lehtpuust","status":"publish","type":"product","link":"https:\/\/blankpage.ee\/_ruumist-ruumi\/pood\/helepruun-kummut-merano-me08d-lehtpuust\/","title":{"rendered":"Helepruun kummut Merano ME08D, lehtpuust"},"content":{"rendered":"<p>Merano ME08D kapp elutuppa. See elegantne helepruun kummut on valmistatud kvaliteetsest Paulownia puidust ja MDF-ist. Kapil on kergelt painutatud jalad, mis lisavad sellele klassikalist v\u00f5lu. Pind on harjatud ja pleegitatud, andes m\u00f6\u00f6blile unikaalse ja ajatu v\u00e4limuse. Kapi esik\u00fcljel on kaunid kulumisj\u00e4ljed, nikerdused ja dekoratiivsed metallist k\u00e4epidemed, mis toovad esile selle erilise disaini.<\/p>\n<p>Merano ME08D kapi praktilisus seisneb selle kahe ukse ja kahe riiuli olemasolus, pakkudes piisavalt hoiuruumi igap\u00e4evaste esemete organiseerimiseks. Kapp on kokkupandud, ei vaja paigaldust, s\u00e4\u00e4stes teie aega ja vaeva. See on ideaalne lisand igasse elutuppa, kus on vaja stiilset ja funktsionaalset hoiulahendust.<\/p>\n<p>Omadused:<br \/>\n<strong>Materjal:<\/strong> Paulownia puit ja MDF.<br \/>\n<strong>V\u00e4rv:<\/strong> Hele pruun.<br \/>\n<strong>M\u00f5\u00f5tmed:<\/strong> Laius 120 cm, s\u00fcgavus 40 cm, k\u00f5rgus 85 cm.<br \/>\n<strong>T\u00e4iendavad detailid:<\/strong> Kaks ust, neli sahtlit, metallist k\u00e4epidemed.<br \/>\n<strong>Kokkupanek:<\/strong> Kokkupandud, ei vaja paigaldust. S\u00e4\u00e4stab aega ja vaeva.<\/p>\n<p>&nbsp;<\/p>\n","protected":false},"excerpt":{"rendered":"<p>Merano ME08D kapp elutuppa. See elegantne helepruun kummut on valmistatud kvaliteetsest Paulownia puidust ja MDF-ist. Kapil on kergelt painutatud jalad, mis lisavad sellele klassikalist v\u00f5lu. Pind on harjatud ja pleegitatud, andes m\u00f6\u00f6blile unikaalse ja ajatu v\u00e4limuse. Kapi esik\u00fcljel on kaunid kulumisj\u00e4ljed, nikerdused ja dekoratiivsed metallist k\u00e4epidemed, mis toovad esile selle erilise disaini. Merano ME08D kapi [&hellip;]<\/p>\n","protected":false},"featured_media":4572,"comment_status":"open","ping_status":"closed","template":"","meta":[],"product_brand":[],"product_cat":[81],"product_tag":[],"class_list":{"0":"post-4571","1":"product","2":"type-product","3":"status-publish","4":"has-post-thumbnail","6":"product_cat-kapid-riiulid-ja-kummutid","7":"product_shipping_class-livin-hill","8":"pa_kaepidemed-metall","9":"pa_kollektsioon-merano","10":"pa_materjal-paulownia-puit","11":"pa_riiulite-arv-76","12":"pa_sahtlite-arv-98","13":"pa_uste-arv-94","14":"pa_varv-helepruun","16":"first","17":"outofstock","18":"sale","19":"taxable","20":"shipping-taxable","21":"purchasable","22":"product-type-simple"},"_links":{"self":[{"href":"https:\/\/blankpage.ee\/_ruumist-ruumi\/wp-json\/wp\/v2\/product\/4571","targetHints":{"allow":["GET"]}}],"collection":[{"href":"https:\/\/blankpage.ee\/_ruumist-ruumi\/wp-json\/wp\/v2\/product"}],"about":[{"href":"https:\/\/blankpage.ee\/_ruumist-ruumi\/wp-json\/wp\/v2\/types\/product"}],"replies":[{"embeddable":true,"href":"https:\/\/blankpage.ee\/_ruumist-ruumi\/wp-json\/wp\/v2\/comments?post=4571"}],"wp:featuredmedia":[{"embeddable":true,"href":"https:\/\/blankpage.ee\/_ruumist-ruumi\/wp-json\/wp\/v2\/media\/4572"}],"wp:attachment":[{"href":"https:\/\/blankpage.ee\/_ruumist-ruumi\/wp-json\/wp\/v2\/media?parent=4571"}],"wp:term":[{"taxonomy":"product_brand","embeddable":true,"href":"https:\/\/blankpage.ee\/_ruumist-ruumi\/wp-json\/wp\/v2\/product_brand?post=4571"},{"taxonomy":"product_cat","embeddable":true,"href":"https:\/\/blankpage.ee\/_ruumist-ruumi\/wp-json\/wp\/v2\/product_cat?post=4571"},{"taxonomy":"product_tag","embeddable":true,"href":"https:\/\/blankpage.ee\/_ruumist-ruumi\/wp-json\/wp\/v2\/product_tag?post=4571"}],"curies":[{"name":"wp","href":"https:\/\/api.w.org\/{rel}","templated":true}]}}