{"id":4582,"date":"2024-11-01T08:47:52","date_gmt":"2024-11-01T08:47:52","guid":{"rendered":"https:\/\/ruumistruumi.ee\/pood\/helepruun-konsoollaud-merano-me017-paulownia-puidust-mdf\/"},"modified":"2025-06-17T08:56:22","modified_gmt":"2025-06-17T08:56:22","slug":"helepruun-konsoollaud-merano-me017-lehtpuu-puidust","status":"publish","type":"product","link":"https:\/\/blankpage.ee\/_ruumist-ruumi\/pood\/helepruun-konsoollaud-merano-me017-lehtpuu-puidust\/","title":{"rendered":"Helepruun konsoollaud Merano ME017, lehtpuu puidust"},"content":{"rendered":"<p>Merano ME017 konsoollaud esikusse. See elegantne helepruun konsoollaud on valmistatud Paulownia puidust ja MDF-ist, pakkudes nii vastupidavust kui ka stiili. Kumerad jalad ja peenelt viimistletud detailid, nagu harjatud ja pleegitatud puidust pind, annavad sellele m\u00f6\u00f6bliesemele ainulaadse iseloomu. Laua pind on kaunistatud kulumisj\u00e4lgede, nikerduste ja dekoratiivsete metallist k\u00e4epidemetega, mis lisavad sellele isikup\u00e4ra.<\/p>\n<p>Merano kollektsiooni konsoollaud on ideaalne lisand igasse esikusse, pakkudes praktilist hoiustamisruumi ja visuaalset atraktiivsust. Selle laua m\u00f5\u00f5tmed \u2013 laius 110 cm, s\u00fcgavus 40 cm ja k\u00f5rgus 78 cm \u2013 teevad sellest suurep\u00e4rase valiku kitsamatesse ruumidesse, kus on vaja lisapinda v\u00f5tmete, postkasti v\u00f5i muude igap\u00e4evaste esemete hoidmiseks. <\/p>\n<p>Omadused:<br \/>\n<strong>Materjal:<\/strong> Paulownia puit ja MDF.<br \/>\n<strong>V\u00e4rv:<\/strong> Hele pruun.<br \/>\n<strong>M\u00f5\u00f5tmed:<\/strong> Laius 110 cm, s\u00fcgavus 40 cm, k\u00f5rgus 78 cm.<br \/>\n<strong>T\u00e4iendavad detailid:<\/strong> Kumerad jalad, nikerdatud detailid ja metallist k\u00e4epidemed.<br \/>\n<strong>Kokkupanek:<\/strong> Osaliselt kokku pandud, ei vaja paigaldust. S\u00e4\u00e4stab aega ja vaeva.<\/p>\n<p>&nbsp;<\/p>\n","protected":false},"excerpt":{"rendered":"<p>Merano ME017 konsoollaud esikusse. See elegantne helepruun konsoollaud on valmistatud Paulownia puidust ja MDF-ist, pakkudes nii vastupidavust kui ka stiili. Kumerad jalad ja peenelt viimistletud detailid, nagu harjatud ja pleegitatud puidust pind, annavad sellele m\u00f6\u00f6bliesemele ainulaadse iseloomu. Laua pind on kaunistatud kulumisj\u00e4lgede, nikerduste ja dekoratiivsete metallist k\u00e4epidemetega, mis lisavad sellele isikup\u00e4ra. Merano kollektsiooni konsoollaud on [&hellip;]<\/p>\n","protected":false},"featured_media":4583,"comment_status":"open","ping_status":"closed","template":"","meta":[],"product_brand":[],"product_cat":[83],"product_tag":[],"class_list":{"0":"post-4582","1":"product","2":"type-product","3":"status-publish","4":"has-post-thumbnail","6":"product_cat-konsoollauad","7":"product_shipping_class-livin-hill","8":"pa_kaepidemed-metall","9":"pa_kollektsioon-merano","10":"pa_materjal-paulownia-puit","11":"pa_sahtlite-arv-95","12":"pa_varv-helepruun","14":"first","15":"instock","16":"sale","17":"taxable","18":"shipping-taxable","19":"purchasable","20":"product-type-simple"},"_links":{"self":[{"href":"https:\/\/blankpage.ee\/_ruumist-ruumi\/wp-json\/wp\/v2\/product\/4582","targetHints":{"allow":["GET"]}}],"collection":[{"href":"https:\/\/blankpage.ee\/_ruumist-ruumi\/wp-json\/wp\/v2\/product"}],"about":[{"href":"https:\/\/blankpage.ee\/_ruumist-ruumi\/wp-json\/wp\/v2\/types\/product"}],"replies":[{"embeddable":true,"href":"https:\/\/blankpage.ee\/_ruumist-ruumi\/wp-json\/wp\/v2\/comments?post=4582"}],"wp:featuredmedia":[{"embeddable":true,"href":"https:\/\/blankpage.ee\/_ruumist-ruumi\/wp-json\/wp\/v2\/media\/4583"}],"wp:attachment":[{"href":"https:\/\/blankpage.ee\/_ruumist-ruumi\/wp-json\/wp\/v2\/media?parent=4582"}],"wp:term":[{"taxonomy":"product_brand","embeddable":true,"href":"https:\/\/blankpage.ee\/_ruumist-ruumi\/wp-json\/wp\/v2\/product_brand?post=4582"},{"taxonomy":"product_cat","embeddable":true,"href":"https:\/\/blankpage.ee\/_ruumist-ruumi\/wp-json\/wp\/v2\/product_cat?post=4582"},{"taxonomy":"product_tag","embeddable":true,"href":"https:\/\/blankpage.ee\/_ruumist-ruumi\/wp-json\/wp\/v2\/product_tag?post=4582"}],"curies":[{"name":"wp","href":"https:\/\/api.w.org\/{rel}","templated":true}]}}