{"id":4638,"date":"2024-11-01T08:51:49","date_gmt":"2024-11-01T08:51:49","guid":{"rendered":"https:\/\/ruumistruumi.ee\/pood\/beez-konsoollaud-rimini-ri016-paulownia-puidust\/"},"modified":"2025-07-15T18:41:18","modified_gmt":"2025-07-15T18:41:18","slug":"beez-konsoollaud-rimini-ri016-lehtpuu-puidust","status":"publish","type":"product","link":"https:\/\/blankpage.ee\/_ruumist-ruumi\/pood\/beez-konsoollaud-rimini-ri016-lehtpuu-puidust\/","title":{"rendered":"Bee\u017e konsoollaud Rimini RI016, lehtpuu puidust"},"content":{"rendered":"<p>Rimini RI016 konsoollaud esikusse. See Provance&#8217;i stiilis konsoollaud on ideaalne lisa igasse esikusse, tuues kaasa klassikalise elegantsi ja praktilisuse. Kreemjas viimistlus koos heleda pruuni lauaplaadiga loob sooja ja kutsuva atmosf\u00e4\u00e4ri. Metallist karbikujulised k\u00e4epidemed ja kaardus jalad lisavad lauale ainulaadset v\u00f5lu.<\/p>\n<p>Rimini kollektsiooni kuuluv konsoollaud on valmistatud Paulownia puidust ja MDF-ist, tagades vastupidavuse ja pikaealisuse. Osaliselt kokkupandud disain t\u00e4hendab, et laud on valmis kasutamiseks ilma keerulise paigalduseta, s\u00e4\u00e4stes teie aega ja vaeva. <\/p>\n<p>Omadused:<br \/>\n<strong>Materjal:<\/strong> Paulownia puit ja MDF.<br \/>\n<strong>V\u00e4rv:<\/strong> Kreemjas viimistlus heleda pruuni lauaplaadiga.<br \/>\n<strong>M\u00f5\u00f5tmed:<\/strong> Laius 90 cm, s\u00fcgavus 40 cm, k\u00f5rgus 78 cm.<br \/>\n<strong>T\u00e4iendavad detailid:<\/strong> Metallist k\u00e4epidemed ja kaardus jalad.<br \/>\n<strong>Kokkupanek:<\/strong> Osaliselt kokkupandud, ei vaja paigaldust. S\u00e4\u00e4stab aega ja vaeva.<\/p>\n<p>&nbsp;<\/p>\n","protected":false},"excerpt":{"rendered":"<p>Rimini RI016 konsoollaud esikusse. See Provance&#8217;i stiilis konsoollaud on ideaalne lisa igasse esikusse, tuues kaasa klassikalise elegantsi ja praktilisuse. Kreemjas viimistlus koos heleda pruuni lauaplaadiga loob sooja ja kutsuva atmosf\u00e4\u00e4ri. Metallist karbikujulised k\u00e4epidemed ja kaardus jalad lisavad lauale ainulaadset v\u00f5lu. Rimini kollektsiooni kuuluv konsoollaud on valmistatud Paulownia puidust ja MDF-ist, tagades vastupidavuse ja pikaealisuse. Osaliselt [&hellip;]<\/p>\n","protected":false},"featured_media":4639,"comment_status":"open","ping_status":"closed","template":"","meta":[],"product_brand":[],"product_cat":[83],"product_tag":[],"class_list":{"0":"post-4638","1":"product","2":"type-product","3":"status-publish","4":"has-post-thumbnail","6":"product_cat-konsoollauad","7":"product_shipping_class-livin-hill","8":"pa_kaepidemed-metall","9":"pa_kollektsioon-rimini","10":"pa_materjal-paulownia-puit","11":"pa_sahtlite-arv-74","12":"pa_varv-beez","14":"first","15":"outofstock","16":"sale","17":"taxable","18":"shipping-taxable","19":"purchasable","20":"product-type-simple"},"_links":{"self":[{"href":"https:\/\/blankpage.ee\/_ruumist-ruumi\/wp-json\/wp\/v2\/product\/4638","targetHints":{"allow":["GET"]}}],"collection":[{"href":"https:\/\/blankpage.ee\/_ruumist-ruumi\/wp-json\/wp\/v2\/product"}],"about":[{"href":"https:\/\/blankpage.ee\/_ruumist-ruumi\/wp-json\/wp\/v2\/types\/product"}],"replies":[{"embeddable":true,"href":"https:\/\/blankpage.ee\/_ruumist-ruumi\/wp-json\/wp\/v2\/comments?post=4638"}],"wp:featuredmedia":[{"embeddable":true,"href":"https:\/\/blankpage.ee\/_ruumist-ruumi\/wp-json\/wp\/v2\/media\/4639"}],"wp:attachment":[{"href":"https:\/\/blankpage.ee\/_ruumist-ruumi\/wp-json\/wp\/v2\/media?parent=4638"}],"wp:term":[{"taxonomy":"product_brand","embeddable":true,"href":"https:\/\/blankpage.ee\/_ruumist-ruumi\/wp-json\/wp\/v2\/product_brand?post=4638"},{"taxonomy":"product_cat","embeddable":true,"href":"https:\/\/blankpage.ee\/_ruumist-ruumi\/wp-json\/wp\/v2\/product_cat?post=4638"},{"taxonomy":"product_tag","embeddable":true,"href":"https:\/\/blankpage.ee\/_ruumist-ruumi\/wp-json\/wp\/v2\/product_tag?post=4638"}],"curies":[{"name":"wp","href":"https:\/\/api.w.org\/{rel}","templated":true}]}}