{"id":4646,"date":"2024-11-01T08:52:44","date_gmt":"2024-11-01T08:52:44","guid":{"rendered":"https:\/\/ruumistruumi.ee\/pood\/beez-ookapp-rimini-ri021-paulownia-puidust\/"},"modified":"2025-07-15T18:41:19","modified_gmt":"2025-07-15T18:41:19","slug":"beez-ookapp-rimini-ri021-lehtpuu-puidust","status":"publish","type":"product","link":"https:\/\/blankpage.ee\/_ruumist-ruumi\/pood\/beez-ookapp-rimini-ri021-lehtpuu-puidust\/","title":{"rendered":"Bee\u017e \u00f6\u00f6kapp Rimini RI021, lehtpuu puidust"},"content":{"rendered":"<p>Rimini RI021 \u00f6\u00f6kapp magamistuppa. See Provence&#8217;i stiilis kapp on kaunistatud kreemjate nikerdustega ning sellel on heledast pruunist puidust pealispind. Kapi metallist karbikujulised k\u00e4epidemed ja kumerad jalad lisavad sellele elegantsi ja praktilisust.<\/p>\n<p>Rimini \u00f6\u00f6kapp on valmistatud kvaliteetsest Paulownia puidust ja MDF-ist, pakkudes vastupidavust ja pikaealisust. Kapi kreemjas v\u00e4rv koos heleda pruuni pealispinnaga loob harmoonilise ja rahuliku atmosf\u00e4\u00e4ri magamistoas. Kapi kompaktsed m\u00f5\u00f5tmed \u2013 laius 41 cm, s\u00fcgavus 31 cm ja k\u00f5rgus 67 cm \u2013 teevad sellest ideaalse valiku v\u00e4iksematesse ruumidesse, pakkudes samas piisavalt hoiuruumi vajalike esemete jaoks.<\/p>\n<p>Omadused:<br \/>\n<strong>Materjal:<\/strong> Paulownia puit ja MDF.<br \/>\n<strong>V\u00e4rv:<\/strong> Kreemjas korpus ja hele pruun pealispind.<br \/>\n<strong>M\u00f5\u00f5tmed:<\/strong> Laius 41 cm, s\u00fcgavus 31 cm, k\u00f5rgus 67 cm.<br \/>\n<strong>T\u00e4iendavad detailid:<\/strong> Metallist karbikujulised k\u00e4epidemed ja kumerad jalad.<br \/>\n<strong>Kokkupanek:<\/strong> Kokkupandud, ei vaja paigaldust. S\u00e4\u00e4stab aega ja vaeva.<\/p>\n<p>&nbsp;<\/p>\n","protected":false},"excerpt":{"rendered":"<p>Rimini RI021 \u00f6\u00f6kapp magamistuppa. See Provence&#8217;i stiilis kapp on kaunistatud kreemjate nikerdustega ning sellel on heledast pruunist puidust pealispind. Kapi metallist karbikujulised k\u00e4epidemed ja kumerad jalad lisavad sellele elegantsi ja praktilisust. Rimini \u00f6\u00f6kapp on valmistatud kvaliteetsest Paulownia puidust ja MDF-ist, pakkudes vastupidavust ja pikaealisust. Kapi kreemjas v\u00e4rv koos heleda pruuni pealispinnaga loob harmoonilise ja rahuliku [&hellip;]<\/p>\n","protected":false},"featured_media":4647,"comment_status":"open","ping_status":"closed","template":"","meta":[],"product_brand":[],"product_cat":[92],"product_tag":[],"class_list":{"0":"post-4646","1":"product","2":"type-product","3":"status-publish","4":"has-post-thumbnail","6":"product_cat-ookapid","7":"product_shipping_class-livin-hill","8":"pa_kaepidemed-metall","9":"pa_kollektsioon-rimini","10":"pa_materjal-paulownia-puit","11":"pa_sahtlite-arv-74","12":"pa_varv-beez","14":"first","15":"outofstock","16":"sale","17":"taxable","18":"shipping-taxable","19":"purchasable","20":"product-type-simple"},"_links":{"self":[{"href":"https:\/\/blankpage.ee\/_ruumist-ruumi\/wp-json\/wp\/v2\/product\/4646","targetHints":{"allow":["GET"]}}],"collection":[{"href":"https:\/\/blankpage.ee\/_ruumist-ruumi\/wp-json\/wp\/v2\/product"}],"about":[{"href":"https:\/\/blankpage.ee\/_ruumist-ruumi\/wp-json\/wp\/v2\/types\/product"}],"replies":[{"embeddable":true,"href":"https:\/\/blankpage.ee\/_ruumist-ruumi\/wp-json\/wp\/v2\/comments?post=4646"}],"wp:featuredmedia":[{"embeddable":true,"href":"https:\/\/blankpage.ee\/_ruumist-ruumi\/wp-json\/wp\/v2\/media\/4647"}],"wp:attachment":[{"href":"https:\/\/blankpage.ee\/_ruumist-ruumi\/wp-json\/wp\/v2\/media?parent=4646"}],"wp:term":[{"taxonomy":"product_brand","embeddable":true,"href":"https:\/\/blankpage.ee\/_ruumist-ruumi\/wp-json\/wp\/v2\/product_brand?post=4646"},{"taxonomy":"product_cat","embeddable":true,"href":"https:\/\/blankpage.ee\/_ruumist-ruumi\/wp-json\/wp\/v2\/product_cat?post=4646"},{"taxonomy":"product_tag","embeddable":true,"href":"https:\/\/blankpage.ee\/_ruumist-ruumi\/wp-json\/wp\/v2\/product_tag?post=4646"}],"curies":[{"name":"wp","href":"https:\/\/api.w.org\/{rel}","templated":true}]}}