{"id":4649,"date":"2024-11-01T08:53:11","date_gmt":"2024-11-01T08:53:11","guid":{"rendered":"https:\/\/ruumistruumi.ee\/pood\/beez-kummut-rimini-ri024-paulownia-puidust\/"},"modified":"2025-07-22T17:46:24","modified_gmt":"2025-07-22T17:46:24","slug":"beez-kummut-rimini-ri024-lehtpuu-puidust","status":"publish","type":"product","link":"https:\/\/blankpage.ee\/_ruumist-ruumi\/pood\/beez-kummut-rimini-ri024-lehtpuu-puidust\/","title":{"rendered":"Bee\u017e kummut Rimini RI024, lehtpuu puidust"},"content":{"rendered":"<p>Rimini RI024 kummut elutuppa. See Provencal stiilis kummut on kaunis t\u00e4iendus igasse elutuppa, pakkudes nii elegantsi kui ka praktilisust. Kummuti kreemjas toon koos heleda pruuni pealispinnaga loob sooja ja kutsuva atmosf\u00e4\u00e4ri. Metallist karbikujulised k\u00e4epidemed ja kumerad jalad lisavad sellele m\u00f6\u00f6bliesemele klassikalist v\u00f5lu.<\/p>\n<p>Rimini RI024 kummuti valmistamisel on kasutatud kvaliteetset Paulownia puitu ja MDF-i, mis tagab vastupidavuse ja pikaealisuse. Kummuti m\u00f5\u00f5tmed on 110 cm lai, 40 cm s\u00fcgav ja 81 cm k\u00f5rge, pakkudes piisavalt ruumi esemete hoidmiseks. Kummut on kokkupandud, ei vaja paigaldust, s\u00e4\u00e4stes teie aega ja vaeva.<\/p>\n<p>Omadused:<br \/>\n<strong>Materjal:<\/strong> Paulownia puit ja MDF.<br \/>\n<strong>V\u00e4rv:<\/strong> Kreemjas korpus ja hele pruun pealispind.<br \/>\n<strong>M\u00f5\u00f5tmed:<\/strong> Laius 110 cm, s\u00fcgavus 40 cm, k\u00f5rgus 81 cm.<br \/>\n<strong>T\u00e4iendavad detailid:<\/strong> Metallist k\u00e4epidemed ja kumerad jalad.<br \/>\n<strong>Kokkupanek:<\/strong> Kokkupandud, ei vaja paigaldust. S\u00e4\u00e4stab aega ja vaeva.<\/p>\n<p>&nbsp;<\/p>\n","protected":false},"excerpt":{"rendered":"<p>Rimini RI024 kummut elutuppa. See Provencal stiilis kummut on kaunis t\u00e4iendus igasse elutuppa, pakkudes nii elegantsi kui ka praktilisust. Kummuti kreemjas toon koos heleda pruuni pealispinnaga loob sooja ja kutsuva atmosf\u00e4\u00e4ri. Metallist karbikujulised k\u00e4epidemed ja kumerad jalad lisavad sellele m\u00f6\u00f6bliesemele klassikalist v\u00f5lu. Rimini RI024 kummuti valmistamisel on kasutatud kvaliteetset Paulownia puitu ja MDF-i, mis tagab [&hellip;]<\/p>\n","protected":false},"featured_media":4650,"comment_status":"open","ping_status":"closed","template":"","meta":[],"product_brand":[],"product_cat":[81],"product_tag":[],"class_list":{"0":"post-4649","1":"product","2":"type-product","3":"status-publish","4":"has-post-thumbnail","6":"product_cat-kapid-riiulid-ja-kummutid","7":"product_shipping_class-livin-hill","8":"pa_kaepidemed-metall","9":"pa_kollektsioon-rimini","10":"pa_materjal-paulownia-puit","11":"pa_sahtlite-arv-100","12":"pa_varv-beez","14":"first","15":"outofstock","16":"sale","17":"taxable","18":"shipping-taxable","19":"purchasable","20":"product-type-simple"},"_links":{"self":[{"href":"https:\/\/blankpage.ee\/_ruumist-ruumi\/wp-json\/wp\/v2\/product\/4649","targetHints":{"allow":["GET"]}}],"collection":[{"href":"https:\/\/blankpage.ee\/_ruumist-ruumi\/wp-json\/wp\/v2\/product"}],"about":[{"href":"https:\/\/blankpage.ee\/_ruumist-ruumi\/wp-json\/wp\/v2\/types\/product"}],"replies":[{"embeddable":true,"href":"https:\/\/blankpage.ee\/_ruumist-ruumi\/wp-json\/wp\/v2\/comments?post=4649"}],"wp:featuredmedia":[{"embeddable":true,"href":"https:\/\/blankpage.ee\/_ruumist-ruumi\/wp-json\/wp\/v2\/media\/4650"}],"wp:attachment":[{"href":"https:\/\/blankpage.ee\/_ruumist-ruumi\/wp-json\/wp\/v2\/media?parent=4649"}],"wp:term":[{"taxonomy":"product_brand","embeddable":true,"href":"https:\/\/blankpage.ee\/_ruumist-ruumi\/wp-json\/wp\/v2\/product_brand?post=4649"},{"taxonomy":"product_cat","embeddable":true,"href":"https:\/\/blankpage.ee\/_ruumist-ruumi\/wp-json\/wp\/v2\/product_cat?post=4649"},{"taxonomy":"product_tag","embeddable":true,"href":"https:\/\/blankpage.ee\/_ruumist-ruumi\/wp-json\/wp\/v2\/product_tag?post=4649"}],"curies":[{"name":"wp","href":"https:\/\/api.w.org\/{rel}","templated":true}]}}