{"id":4660,"date":"2024-11-01T08:54:06","date_gmt":"2024-11-01T08:54:06","guid":{"rendered":"https:\/\/ruumistruumi.ee\/pood\/beez-kummut-rimini-ri01-paulownia-puidust\/"},"modified":"2025-07-15T18:41:20","modified_gmt":"2025-07-15T18:41:20","slug":"beez-vitriinkapp-rimini-ri01-lehtpuu-puidust","status":"publish","type":"product","link":"https:\/\/blankpage.ee\/_ruumist-ruumi\/pood\/beez-vitriinkapp-rimini-ri01-lehtpuu-puidust\/","title":{"rendered":"Bee\u017e vitriinkapp Rimini RI01, lehtpuu puidust"},"content":{"rendered":"<p>Rimini RI01 Welsh vitriinkapp s\u00f6\u00f6gituppa. See elegantne Provencali stiilis vitriinkapp lisab teie s\u00f6\u00f6gituppa ajatut v\u00f5lu. Kreemjas toon koos heleda pruuni t\u00f6\u00f6pinna ja viimistlusega loob sooja ja kutsuva atmosf\u00e4\u00e4ri. Metallist karbikujulised k\u00e4epidemed ja kaardus jalad annavad sellele m\u00f6\u00f6bliesemele erilise iseloomu.<\/p>\n<p>Vitriinkapp on valmistatud kvaliteetsest Paulownia puidust ja MDF-ist, tagades vastupidavuse ja pikaealisuse. Kapi neli ust ja kaks riiulit pakuvad piisavalt hoiuruumi, et hoida teie s\u00f6\u00f6gin\u00f5ud ja dekoratiivesemed korralikult paigas. Kokkupandud, ei vaja paigaldust. S\u00e4\u00e4stab aega ja vaeva, v\u00f5imaldades teil nautida selle kauni m\u00f6\u00f6blieseme kasutamist kohe.<\/p>\n<p>Omadused:<br \/>\n<strong>Materjal:<\/strong> Paulownia puit ja MDF.<br \/>\n<strong>V\u00e4rv:<\/strong> Kreemjas toon, hele pruun t\u00f6\u00f6pind ja viimistlus.<br \/>\n<strong>M\u00f5\u00f5tmed:<\/strong> Laius 90 cm, s\u00fcgavus 40 cm, k\u00f5rgus 190 cm.<br \/>\n<strong>T\u00e4iendavad detailid:<\/strong> Neli ust, kaks riiulit, metallist k\u00e4epidemed.<br \/>\n<strong>Kokkupanek:<\/strong> Kokkupandud, ei vaja paigaldust. S\u00e4\u00e4stab aega ja vaeva.<\/p>\n<p>&nbsp;<\/p>\n","protected":false},"excerpt":{"rendered":"<p>Rimini RI01 Welsh vitriinkapp s\u00f6\u00f6gituppa. See elegantne Provencali stiilis vitriinkapp lisab teie s\u00f6\u00f6gituppa ajatut v\u00f5lu. Kreemjas toon koos heleda pruuni t\u00f6\u00f6pinna ja viimistlusega loob sooja ja kutsuva atmosf\u00e4\u00e4ri. Metallist karbikujulised k\u00e4epidemed ja kaardus jalad annavad sellele m\u00f6\u00f6bliesemele erilise iseloomu. Vitriinkapp on valmistatud kvaliteetsest Paulownia puidust ja MDF-ist, tagades vastupidavuse ja pikaealisuse. Kapi neli ust ja [&hellip;]<\/p>\n","protected":false},"featured_media":4661,"comment_status":"open","ping_status":"closed","template":"","meta":[],"product_brand":[],"product_cat":[73],"product_tag":[],"class_list":{"0":"post-4660","1":"product","2":"type-product","3":"status-publish","4":"has-post-thumbnail","6":"product_cat-vitriinkapid","7":"product_shipping_class-livin-hill","8":"pa_kaepidemed-metall","9":"pa_kollektsioon-rimini","10":"pa_materjal-paulownia-puit","11":"pa_riiulite-arv-76","12":"pa_sahtlite-arv-74","13":"pa_uste-arv-75","14":"pa_varv-beez","16":"first","17":"outofstock","18":"sale","19":"taxable","20":"shipping-taxable","21":"purchasable","22":"product-type-simple"},"_links":{"self":[{"href":"https:\/\/blankpage.ee\/_ruumist-ruumi\/wp-json\/wp\/v2\/product\/4660","targetHints":{"allow":["GET"]}}],"collection":[{"href":"https:\/\/blankpage.ee\/_ruumist-ruumi\/wp-json\/wp\/v2\/product"}],"about":[{"href":"https:\/\/blankpage.ee\/_ruumist-ruumi\/wp-json\/wp\/v2\/types\/product"}],"replies":[{"embeddable":true,"href":"https:\/\/blankpage.ee\/_ruumist-ruumi\/wp-json\/wp\/v2\/comments?post=4660"}],"wp:featuredmedia":[{"embeddable":true,"href":"https:\/\/blankpage.ee\/_ruumist-ruumi\/wp-json\/wp\/v2\/media\/4661"}],"wp:attachment":[{"href":"https:\/\/blankpage.ee\/_ruumist-ruumi\/wp-json\/wp\/v2\/media?parent=4660"}],"wp:term":[{"taxonomy":"product_brand","embeddable":true,"href":"https:\/\/blankpage.ee\/_ruumist-ruumi\/wp-json\/wp\/v2\/product_brand?post=4660"},{"taxonomy":"product_cat","embeddable":true,"href":"https:\/\/blankpage.ee\/_ruumist-ruumi\/wp-json\/wp\/v2\/product_cat?post=4660"},{"taxonomy":"product_tag","embeddable":true,"href":"https:\/\/blankpage.ee\/_ruumist-ruumi\/wp-json\/wp\/v2\/product_tag?post=4660"}],"curies":[{"name":"wp","href":"https:\/\/api.w.org\/{rel}","templated":true}]}}