{"id":4679,"date":"2024-11-01T08:55:25","date_gmt":"2024-11-01T08:55:25","guid":{"rendered":"https:\/\/ruumistruumi.ee\/pood\/beez-vitriinkapp-rimini-ri04-paulownia-puidust\/"},"modified":"2025-07-15T18:41:23","modified_gmt":"2025-07-15T18:41:23","slug":"beez-vitriinkapp-rimini-ri04-lehtpuu-puidust","status":"publish","type":"product","link":"https:\/\/blankpage.ee\/_ruumist-ruumi\/pood\/beez-vitriinkapp-rimini-ri04-lehtpuu-puidust\/","title":{"rendered":"Bee\u017e vitriinkapp Rimini RI04, lehtpuu puidust"},"content":{"rendered":"<p>Rimini RI04 vitriinkapp elutuppa. See elegantne vitriinkapp on osa Rimini kollektsioonist ja toob teie elutuppa Provence&#8217;i stiili v\u00f5lu. Kapi kreemjas viimistlus koos pehme helepruuni pealmise \u00e4\u00e4rega loob rahuliku ja kutsuva atmosf\u00e4\u00e4ri. Metallist kestakujulised k\u00e4epidemed ja kumerad jalad lisavad sellele m\u00f6\u00f6bliesemele ainulaadset iseloomu.<\/p>\n<p>Rimini RI04 vitriinkapp on valmistatud kvaliteetsest Paulownia puidust ja MDF-ist, pakkudes vastupidavust ja esteetilist ilu. Kapil on \u00fcks uks ja kaks riiulit, mis pakuvad piisavalt ruumi teie lemmikesemete eksponeerimiseks. Kokkupandud konstruktsioon t\u00e4hendab, et te ei pea muretsema paigalduse p\u00e4rast, s\u00e4\u00e4stes nii aega kui vaeva.<\/p>\n<p>Omadused:<br \/>\n<strong>Materjal:<\/strong> Paulownia puit ja MDF.<br \/>\n<strong>V\u00e4rv:<\/strong> Kreemjas viimistlus helepruuni pealmise \u00e4\u00e4rega.<br \/>\n<strong>M\u00f5\u00f5tmed:<\/strong> Laius 48 cm, s\u00fcgavus 35 cm, k\u00f5rgus 133 cm.<br \/>\n<strong>T\u00e4iendavad detailid:<\/strong> Metallist k\u00e4epidemed ja kumerad jalad.<br \/>\n<strong>Kokkupanek:<\/strong> Kokkupandud, ei vaja paigaldust. S\u00e4\u00e4stab aega ja vaeva.<\/p>\n<p>&nbsp;<\/p>\n","protected":false},"excerpt":{"rendered":"<p>Rimini RI04 vitriinkapp elutuppa. See elegantne vitriinkapp on osa Rimini kollektsioonist ja toob teie elutuppa Provence&#8217;i stiili v\u00f5lu. Kapi kreemjas viimistlus koos pehme helepruuni pealmise \u00e4\u00e4rega loob rahuliku ja kutsuva atmosf\u00e4\u00e4ri. Metallist kestakujulised k\u00e4epidemed ja kumerad jalad lisavad sellele m\u00f6\u00f6bliesemele ainulaadset iseloomu. Rimini RI04 vitriinkapp on valmistatud kvaliteetsest Paulownia puidust ja MDF-ist, pakkudes vastupidavust ja [&hellip;]<\/p>\n","protected":false},"featured_media":4680,"comment_status":"open","ping_status":"closed","template":"","meta":[],"product_brand":[],"product_cat":[73],"product_tag":[],"class_list":{"0":"post-4679","1":"product","2":"type-product","3":"status-publish","4":"has-post-thumbnail","6":"product_cat-vitriinkapid","7":"product_shipping_class-livin-hill","8":"pa_kaepidemed-metall","9":"pa_kollektsioon-rimini","10":"pa_materjal-paulownia-puit","11":"pa_riiulite-arv-76","12":"pa_sahtlite-arv-87","13":"pa_uste-arv-88","14":"pa_varv-beez","16":"first","17":"outofstock","18":"sale","19":"taxable","20":"shipping-taxable","21":"purchasable","22":"product-type-simple"},"_links":{"self":[{"href":"https:\/\/blankpage.ee\/_ruumist-ruumi\/wp-json\/wp\/v2\/product\/4679","targetHints":{"allow":["GET"]}}],"collection":[{"href":"https:\/\/blankpage.ee\/_ruumist-ruumi\/wp-json\/wp\/v2\/product"}],"about":[{"href":"https:\/\/blankpage.ee\/_ruumist-ruumi\/wp-json\/wp\/v2\/types\/product"}],"replies":[{"embeddable":true,"href":"https:\/\/blankpage.ee\/_ruumist-ruumi\/wp-json\/wp\/v2\/comments?post=4679"}],"wp:featuredmedia":[{"embeddable":true,"href":"https:\/\/blankpage.ee\/_ruumist-ruumi\/wp-json\/wp\/v2\/media\/4680"}],"wp:attachment":[{"href":"https:\/\/blankpage.ee\/_ruumist-ruumi\/wp-json\/wp\/v2\/media?parent=4679"}],"wp:term":[{"taxonomy":"product_brand","embeddable":true,"href":"https:\/\/blankpage.ee\/_ruumist-ruumi\/wp-json\/wp\/v2\/product_brand?post=4679"},{"taxonomy":"product_cat","embeddable":true,"href":"https:\/\/blankpage.ee\/_ruumist-ruumi\/wp-json\/wp\/v2\/product_cat?post=4679"},{"taxonomy":"product_tag","embeddable":true,"href":"https:\/\/blankpage.ee\/_ruumist-ruumi\/wp-json\/wp\/v2\/product_tag?post=4679"}],"curies":[{"name":"wp","href":"https:\/\/api.w.org\/{rel}","templated":true}]}}