{"id":4683,"date":"2024-11-01T08:55:52","date_gmt":"2024-11-01T08:55:52","guid":{"rendered":"https:\/\/ruumistruumi.ee\/pood\/beez-vitriinkapp-rimini-ri09-paulownia-puidust\/"},"modified":"2025-07-22T17:46:28","modified_gmt":"2025-07-22T17:46:28","slug":"beez-vitriinkapp-rimini-ri09-lehtpuu-puidust","status":"publish","type":"product","link":"https:\/\/blankpage.ee\/_ruumist-ruumi\/pood\/beez-vitriinkapp-rimini-ri09-lehtpuu-puidust\/","title":{"rendered":"Bee\u017e vitriinkapp Rimini RI09, lehtpuu puidust"},"content":{"rendered":"<p>Rimini RI09 vitriinkapp elutuppa. See elegantne vitriinkapp toob elutuppa Provence&#8217;i stiili v\u00f5lu, kombineerides kreemikat tooni ja heledat pruuni \u00fclemist \u00e4\u00e4rt. Vitriinkapi metallist karbikujulised k\u00e4epidemed ja kumerad jalad lisavad sellele erip\u00e4ra ja stiili.<\/p>\n<p>Rimini RI09 vitriinkapp on valmistatud kvaliteetsest Paulownia puidust ja MDF-ist, mis tagab vastupidavuse ja pikaealisuse. Kaks ust ja kaks riiulit pakuvad piisavalt ruumi teie lemmikesemete eksponeerimiseks v\u00f5i hoiustamiseks. Kapi kokkupandud konstruktsioon s\u00e4\u00e4stab aega ja vaeva, muutes selle koheselt kasutusvalmis.<\/p>\n<p>Omadused:<br \/>\n<strong>Materjal:<\/strong> Paulownia puit ja MDF.<br \/>\n<strong>V\u00e4rv:<\/strong> Kreemjas toon ja hele pruun \u00fclemine \u00e4\u00e4r.<br \/>\n<strong>M\u00f5\u00f5tmed:<\/strong> Laius 76 cm, s\u00fcgavus 35 cm, k\u00f5rgus 156 cm.<br \/>\n<strong>T\u00e4iendavad detailid:<\/strong> Kaks ust, kaks riiulit ja metallist k\u00e4epidemed.<br \/>\n<strong>Kokkupanek:<\/strong> Kokkupandud, ei vaja paigaldust. S\u00e4\u00e4stab aega ja vaeva.<\/p>\n<p>&nbsp;<\/p>\n","protected":false},"excerpt":{"rendered":"<p>Rimini RI09 vitriinkapp elutuppa. See elegantne vitriinkapp toob elutuppa Provence&#8217;i stiili v\u00f5lu, kombineerides kreemikat tooni ja heledat pruuni \u00fclemist \u00e4\u00e4rt. Vitriinkapi metallist karbikujulised k\u00e4epidemed ja kumerad jalad lisavad sellele erip\u00e4ra ja stiili. Rimini RI09 vitriinkapp on valmistatud kvaliteetsest Paulownia puidust ja MDF-ist, mis tagab vastupidavuse ja pikaealisuse. Kaks ust ja kaks riiulit pakuvad piisavalt ruumi [&hellip;]<\/p>\n","protected":false},"featured_media":4684,"comment_status":"open","ping_status":"closed","template":"","meta":[],"product_brand":[],"product_cat":[73],"product_tag":[],"class_list":{"0":"post-4683","1":"product","2":"type-product","3":"status-publish","4":"has-post-thumbnail","6":"product_cat-vitriinkapid","7":"product_shipping_class-livin-hill","8":"pa_kaepidemed-metall","9":"pa_kollektsioon-rimini","10":"pa_materjal-paulownia-puit","11":"pa_riiulite-arv-76","12":"pa_sahtlite-arv-74","13":"pa_uste-arv-94","14":"pa_varv-beez","16":"first","17":"outofstock","18":"sale","19":"taxable","20":"shipping-taxable","21":"purchasable","22":"product-type-simple"},"_links":{"self":[{"href":"https:\/\/blankpage.ee\/_ruumist-ruumi\/wp-json\/wp\/v2\/product\/4683","targetHints":{"allow":["GET"]}}],"collection":[{"href":"https:\/\/blankpage.ee\/_ruumist-ruumi\/wp-json\/wp\/v2\/product"}],"about":[{"href":"https:\/\/blankpage.ee\/_ruumist-ruumi\/wp-json\/wp\/v2\/types\/product"}],"replies":[{"embeddable":true,"href":"https:\/\/blankpage.ee\/_ruumist-ruumi\/wp-json\/wp\/v2\/comments?post=4683"}],"wp:featuredmedia":[{"embeddable":true,"href":"https:\/\/blankpage.ee\/_ruumist-ruumi\/wp-json\/wp\/v2\/media\/4684"}],"wp:attachment":[{"href":"https:\/\/blankpage.ee\/_ruumist-ruumi\/wp-json\/wp\/v2\/media?parent=4683"}],"wp:term":[{"taxonomy":"product_brand","embeddable":true,"href":"https:\/\/blankpage.ee\/_ruumist-ruumi\/wp-json\/wp\/v2\/product_brand?post=4683"},{"taxonomy":"product_cat","embeddable":true,"href":"https:\/\/blankpage.ee\/_ruumist-ruumi\/wp-json\/wp\/v2\/product_cat?post=4683"},{"taxonomy":"product_tag","embeddable":true,"href":"https:\/\/blankpage.ee\/_ruumist-ruumi\/wp-json\/wp\/v2\/product_tag?post=4683"}],"curies":[{"name":"wp","href":"https:\/\/api.w.org\/{rel}","templated":true}]}}