{"id":4732,"date":"2024-11-01T09:07:34","date_gmt":"2024-11-01T09:07:34","guid":{"rendered":"https:\/\/ruumistruumi.ee\/pood\/beez-soogilaud-rimini-ri026-paulownia-puidust\/"},"modified":"2025-07-15T18:41:25","modified_gmt":"2025-07-15T18:41:25","slug":"beez-soogilaud-rimini-ri026-lehtpuu-puidust","status":"publish","type":"product","link":"https:\/\/blankpage.ee\/_ruumist-ruumi\/pood\/beez-soogilaud-rimini-ri026-lehtpuu-puidust\/","title":{"rendered":"Bee\u017e s\u00f6\u00f6gilaud Rimini RI026, lehtpuu puidust"},"content":{"rendered":"<p>Rimini RI026 s\u00f6\u00f6gilaud s\u00f6\u00f6gituppa. See elegantne laud toob teie s\u00f6\u00f6gituppa Provence&#8217;i stiili h\u00f5ngu. Kreemjas toon koos heleda pruuni lauaplaadiga loob sooja ja kutsuva atmosf\u00e4\u00e4ri, mis sobib ideaalselt pere ja s\u00f5pradega koosviibimisteks.<\/p>\n<p>Omadused:<br \/>\n<strong>Materjal:<\/strong> Paulownia puit ja MDF.<br \/>\n<strong>V\u00e4rv:<\/strong> Kreemjas kere ja hele pruun lauaplaat.<br \/>\n<strong>M\u00f5\u00f5tmed:<\/strong> Laius 160 cm, s\u00fcgavus 80 cm, k\u00f5rgus 78 cm.<br \/>\n<strong>T\u00e4iendavad detailid:<\/strong> Osaliselt kokku pandud, mis s\u00e4\u00e4stab aega ja vaeva paigaldamisel.<\/p>\n<p>&nbsp;<\/p>\n","protected":false},"excerpt":{"rendered":"<p>Rimini RI026 s\u00f6\u00f6gilaud s\u00f6\u00f6gituppa. See elegantne laud toob teie s\u00f6\u00f6gituppa Provence&#8217;i stiili h\u00f5ngu. Kreemjas toon koos heleda pruuni lauaplaadiga loob sooja ja kutsuva atmosf\u00e4\u00e4ri, mis sobib ideaalselt pere ja s\u00f5pradega koosviibimisteks. Omadused: Materjal: Paulownia puit ja MDF. V\u00e4rv: Kreemjas kere ja hele pruun lauaplaat. M\u00f5\u00f5tmed: Laius 160 cm, s\u00fcgavus 80 cm, k\u00f5rgus 78 cm. T\u00e4iendavad [&hellip;]<\/p>\n","protected":false},"featured_media":4733,"comment_status":"open","ping_status":"closed","template":"","meta":[],"product_brand":[],"product_cat":[93],"product_tag":[],"class_list":{"0":"post-4732","1":"product","2":"type-product","3":"status-publish","4":"has-post-thumbnail","6":"product_cat-soogilauad","7":"product_shipping_class-livin-hill","8":"pa_kollektsioon-rimini","9":"pa_materjal-paulownia-puit","10":"pa_varv-beez","12":"first","13":"outofstock","14":"sale","15":"taxable","16":"shipping-taxable","17":"purchasable","18":"product-type-simple"},"_links":{"self":[{"href":"https:\/\/blankpage.ee\/_ruumist-ruumi\/wp-json\/wp\/v2\/product\/4732","targetHints":{"allow":["GET"]}}],"collection":[{"href":"https:\/\/blankpage.ee\/_ruumist-ruumi\/wp-json\/wp\/v2\/product"}],"about":[{"href":"https:\/\/blankpage.ee\/_ruumist-ruumi\/wp-json\/wp\/v2\/types\/product"}],"replies":[{"embeddable":true,"href":"https:\/\/blankpage.ee\/_ruumist-ruumi\/wp-json\/wp\/v2\/comments?post=4732"}],"wp:featuredmedia":[{"embeddable":true,"href":"https:\/\/blankpage.ee\/_ruumist-ruumi\/wp-json\/wp\/v2\/media\/4733"}],"wp:attachment":[{"href":"https:\/\/blankpage.ee\/_ruumist-ruumi\/wp-json\/wp\/v2\/media?parent=4732"}],"wp:term":[{"taxonomy":"product_brand","embeddable":true,"href":"https:\/\/blankpage.ee\/_ruumist-ruumi\/wp-json\/wp\/v2\/product_brand?post=4732"},{"taxonomy":"product_cat","embeddable":true,"href":"https:\/\/blankpage.ee\/_ruumist-ruumi\/wp-json\/wp\/v2\/product_cat?post=4732"},{"taxonomy":"product_tag","embeddable":true,"href":"https:\/\/blankpage.ee\/_ruumist-ruumi\/wp-json\/wp\/v2\/product_tag?post=4732"}],"curies":[{"name":"wp","href":"https:\/\/api.w.org\/{rel}","templated":true}]}}