{"id":4734,"date":"2024-11-01T09:07:56","date_gmt":"2024-11-01T09:07:56","guid":{"rendered":"https:\/\/ruumistruumi.ee\/pood\/beez-tool-rimini-ri028-paulownia-puidust\/"},"modified":"2025-07-22T17:46:29","modified_gmt":"2025-07-22T17:46:29","slug":"beez-rimini-ri028-tool-lehtpuu-puidust","status":"publish","type":"product","link":"https:\/\/blankpage.ee\/_ruumist-ruumi\/pood\/beez-rimini-ri028-tool-lehtpuu-puidust\/","title":{"rendered":"Bee\u017e Rimini RI028 tool, lehtpuu puidust"},"content":{"rendered":"<p>Rimini RI028 tool s\u00f6\u00f6gituppa. See Provencal stiilis tool lisab teie s\u00f6\u00f6gituppa elegantset v\u00f5lu. Kreemjas toon koos heleda pruuni istmega loob hubase ja kutsuva atmosf\u00e4\u00e4ri, mis sobib suurep\u00e4raselt nii igap\u00e4evasteks kui ka pidulikumateks s\u00f6\u00f6gikordadeks.<\/p>\n<p>Tool on valmistatud kvaliteetsest Paulownia puidust ja MDF-ist, mis tagab vastupidavuse ja pikaealisuse. Kerge pruun toon istmel ja viimistlusel lisab toolile sooja ja maitseka ilme. Rimini kollektsiooni kuuluv tool on disainitud mugavust ja stiili silmas pidades, pakkudes samas ka praktilisust.<\/p>\n<p>Omadused:<br \/>\n<strong>Materjal:<\/strong> Paulownia puit ja MDF.<br \/>\n<strong>V\u00e4rv:<\/strong> Kreemjas toon ja hele pruun iste.<br \/>\n<strong>M\u00f5\u00f5tmed:<\/strong> Laius 44 cm, s\u00fcgavus 52 cm, k\u00f5rgus 95 cm.<br \/>\n<strong>T\u00e4iendavad detailid:<\/strong> Kokkupandud, ei vaja paigaldust. S\u00e4\u00e4stab aega ja vaeva.<\/p>\n<p>&nbsp;<\/p>\n","protected":false},"excerpt":{"rendered":"<p>Rimini RI028 tool s\u00f6\u00f6gituppa. See Provencal stiilis tool lisab teie s\u00f6\u00f6gituppa elegantset v\u00f5lu. Kreemjas toon koos heleda pruuni istmega loob hubase ja kutsuva atmosf\u00e4\u00e4ri, mis sobib suurep\u00e4raselt nii igap\u00e4evasteks kui ka pidulikumateks s\u00f6\u00f6gikordadeks. Tool on valmistatud kvaliteetsest Paulownia puidust ja MDF-ist, mis tagab vastupidavuse ja pikaealisuse. Kerge pruun toon istmel ja viimistlusel lisab toolile sooja [&hellip;]<\/p>\n","protected":false},"featured_media":4735,"comment_status":"open","ping_status":"closed","template":"","meta":[],"product_brand":[],"product_cat":[108],"product_tag":[],"class_list":{"0":"post-4734","1":"product","2":"type-product","3":"status-publish","4":"has-post-thumbnail","6":"product_cat-soogitoolid","7":"product_shipping_class-livin-hill","8":"pa_kollektsioon-rimini","9":"pa_materjal-paulownia-puit","10":"pa_varv-beez","12":"first","13":"outofstock","14":"sale","15":"taxable","16":"shipping-taxable","17":"purchasable","18":"product-type-simple"},"_links":{"self":[{"href":"https:\/\/blankpage.ee\/_ruumist-ruumi\/wp-json\/wp\/v2\/product\/4734","targetHints":{"allow":["GET"]}}],"collection":[{"href":"https:\/\/blankpage.ee\/_ruumist-ruumi\/wp-json\/wp\/v2\/product"}],"about":[{"href":"https:\/\/blankpage.ee\/_ruumist-ruumi\/wp-json\/wp\/v2\/types\/product"}],"replies":[{"embeddable":true,"href":"https:\/\/blankpage.ee\/_ruumist-ruumi\/wp-json\/wp\/v2\/comments?post=4734"}],"wp:featuredmedia":[{"embeddable":true,"href":"https:\/\/blankpage.ee\/_ruumist-ruumi\/wp-json\/wp\/v2\/media\/4735"}],"wp:attachment":[{"href":"https:\/\/blankpage.ee\/_ruumist-ruumi\/wp-json\/wp\/v2\/media?parent=4734"}],"wp:term":[{"taxonomy":"product_brand","embeddable":true,"href":"https:\/\/blankpage.ee\/_ruumist-ruumi\/wp-json\/wp\/v2\/product_brand?post=4734"},{"taxonomy":"product_cat","embeddable":true,"href":"https:\/\/blankpage.ee\/_ruumist-ruumi\/wp-json\/wp\/v2\/product_cat?post=4734"},{"taxonomy":"product_tag","embeddable":true,"href":"https:\/\/blankpage.ee\/_ruumist-ruumi\/wp-json\/wp\/v2\/product_tag?post=4734"}],"curies":[{"name":"wp","href":"https:\/\/api.w.org\/{rel}","templated":true}]}}